{"id":3126,"date":"2019-12-16T18:26:50","date_gmt":"2019-12-16T17:26:50","guid":{"rendered":"https:\/\/www.timeonegroup.com\/contactar\/"},"modified":"2021-09-27T10:41:57","modified_gmt":"2021-09-27T08:41:57","slug":"contactar","status":"publish","type":"page","link":"https:\/\/www.timeonegroup.com\/es\/contactar\/","title":{"rendered":"CONTACTAR"},"content":{"rendered":"<p>[et_pb_section fb_built=\u00bb1&#8243; _builder_version=\u00bb4.9.4&#8243; background_color=\u00bbrgba(0,0,0,0)\u00bb background_image=\u00bbhttps:\/\/www.timeonegroup.com\/wp-content\/uploads\/sites\/4\/2021\/06\/contect.jpg\u00bb custom_padding=\u00bb||3px|||\u00bb][et_pb_row column_structure=\u00bb1_2,1_2&#8243; _builder_version=\u00bb4.9.4&#8243; background_enable_image=\u00bboff\u00bb background_size=\u00bbcontain\u00bb background_position=\u00bbcenter_left\u00bb custom_margin=\u00bb-66px|auto|107px|auto||\u00bb custom_margin_tablet=\u00bb\u00bb custom_margin_phone=\u00bb-132px|auto|70px|auto|false|false\u00bb custom_margin_last_edited=\u00bbon|phone\u00bb custom_padding=\u00bb0px||21px||false|false\u00bb][et_pb_column type=\u00bb1_2&#8243; _builder_version=\u00bb4.0.4&#8243;][et_pb_text content_tablet=\u00bb<\/p>\n<p>contactez-nous<\/p>\n<p>\u00bb content_phone=\u00bb<\/p>\n<p>contactez-<\/p>\n<p>nous<\/p>\n<p>\u00bb content_last_edited=\u00bboff|desktop\u00bb _builder_version=\u00bb4.0.11&#8243; text_font=\u00bb|600||on|||||\u00bb text_text_color=\u00bb#ffffff\u00bb text_font_size=\u00bb45px\u00bb text_line_height=\u00bb0.2em\u00bb custom_margin=\u00bb267px|-72px|-7px|||\u00bb custom_margin_tablet=\u00bb290px||-35px||false|false\u00bb custom_margin_phone=\u00bb328px||-37px||false|false\u00bb custom_margin_last_edited=\u00bbon|tablet\u00bb custom_padding=\u00bb|||25px||\u00bb text_font_size_tablet=\u00bb\u00bb text_font_size_phone=\u00bb30px\u00bb text_font_size_last_edited=\u00bbon|phone\u00bb]<\/p>\n<p>CONT\u00c1CTANOS<\/p>\n<p>[\/et_pb_text][\/et_pb_column][et_pb_column type=\u00bb1_2&#8243; _builder_version=\u00bb4.0.4&#8243;][et_pb_image src=\u00bbhttps:\/\/www.timeonegroup.com\/wp-content\/uploads\/sites\/4\/2021\/06\/logoVERTICALMAIL_FD_BLEU_RVB-300&#215;86.png\u00bb title_text=\u00bblogoVERTICALMAIL_FD_BLEU_RVB\u00bb align=\u00bbright\u00bb _builder_version=\u00bb4.9.4&#8243; width=\u00bb60.6%\u00bb width_tablet=\u00bb30%\u00bb width_phone=\u00bb33%\u00bb width_last_edited=\u00bbon|desktop\u00bb custom_margin=\u00bb35px||||false|false\u00bb custom_margin_tablet=\u00bb-265px|-1px|||false|false\u00bb custom_margin_phone=\u00bb-230px|1px|||false|false\u00bb custom_margin_last_edited=\u00bbon|phone\u00bb custom_padding_tablet=\u00bb\u00bb custom_padding_phone=\u00bb\u00bb custom_padding_last_edited=\u00bbon|tablet\u00bb saved_tabs=\u00bball\u00bb][\/et_pb_image][\/et_pb_column][\/et_pb_row][\/et_pb_section][et_pb_section fb_built=\u00bb1&#8243; _builder_version=\u00bb4.0.7&#8243; custom_margin=\u00bb16px|||||\u00bb custom_padding=\u00bb51px||0px|||\u00bb hover_enabled=\u00bb0&#8243; sticky_enabled=\u00bb0&#8243;][et_pb_row _builder_version=\u00bb4.0.7&#8243; custom_margin=\u00bb-47px||||false|false\u00bb][et_pb_column type=\u00bb4_4&#8243; _builder_version=\u00bb4.0.7&#8243;][et_pb_text _builder_version=\u00bb4.0.11&#8243; text_font_size=\u00bb16px\u00bb]<\/p>\n<div class=\"jhH5U r-i9FcM2EAoG3s\" data-rtid=\"i9FcM2EAoG3s\">\n<div id=\"tw-ob\" class=\"tw-src-ltr\">\n<div class=\"oSioSc\">\n<div id=\"tw-target\">\n<div id=\"kAz1tf\" class=\"g9WsWb\">\n<div id=\"tw-target-text-container\" class=\"tw-ta-container tw-nfl\">\n<p>Si tienes una solicitud comercial, no dudes en darnos algunos detalles sobre tu proyecto y te responderemos de manera personalizada. \u00a1Ind\u00edcanos tu disponibilidad y nos pondremos en contacto contigo!<\/p>\n<\/div>\n<div id=\"tw-tmenu\" class=\"tw-menu\"><\/div>\n<\/div>\n<\/div>\n<\/div>\n<\/div>\n<div>\n<p>&nbsp;<\/p>\n<\/div>\n<\/div>\n<p>[\/et_pb_text][\/et_pb_column][\/et_pb_row][et_pb_row _builder_version=\u00bb4.0.7&#8243;][et_pb_column type=\u00bb4_4&#8243; _builder_version=\u00bb4.0.7&#8243;][et_pb_contact_form email=\u00bbmarketing@timeonegroup.com, sales-sp@timeonegroup.com\u00bb custom_message=\u00bbTiene un mensaje del formulario timeonegroup.com||et_pb_line_break_holder||||et_pb_line_break_holder||Nombre: %%firstName%%||et_pb_line_break_holder||Appellido : %%lastName%%||et_pb_line_break_holder||Empresa : %%company%%||et_pb_line_break_holder||Funcion : %%function%%||et_pb_line_break_holder||Tel\u00e9fono : %%phone%%||et_pb_line_break_holder||mail : %%email%%||et_pb_line_break_holder||Website : %%website%%||et_pb_line_break_holder||Mensaje : %%message%%\u00bb use_redirect=\u00bbon\u00bb redirect_url=\u00bbhttps:\/\/www.timeonegroup.com\/contact-page-merci\/\u00bb _builder_version=\u00bb4.9.4&#8243; custom_button=\u00bbon\u00bb button_text_size=\u00bb23px\u00bb button_text_color=\u00bbrgba(9,27,76,0.85)\u00bb hover_enabled=\u00bb0&#8243; sticky_enabled=\u00bb0&#8243;][et_pb_contact_field field_id=\u00bbfirstName\u00bb field_title=\u00bbNombre\u00bb _builder_version=\u00bb4.9.4&#8243; hover_enabled=\u00bb0&#8243; button_text_size__hover_enabled=\u00bboff\u00bb button_one_text_size__hover_enabled=\u00bboff\u00bb button_two_text_size__hover_enabled=\u00bboff\u00bb button_text_color__hover_enabled=\u00bboff\u00bb button_one_text_color__hover_enabled=\u00bboff\u00bb button_two_text_color__hover_enabled=\u00bboff\u00bb button_border_width__hover_enabled=\u00bboff\u00bb button_one_border_width__hover_enabled=\u00bboff\u00bb button_two_border_width__hover_enabled=\u00bboff\u00bb button_border_color__hover_enabled=\u00bboff\u00bb button_one_border_color__hover_enabled=\u00bboff\u00bb button_two_border_color__hover_enabled=\u00bboff\u00bb button_border_radius__hover_enabled=\u00bboff\u00bb button_one_border_radius__hover_enabled=\u00bboff\u00bb button_two_border_radius__hover_enabled=\u00bboff\u00bb button_letter_spacing__hover_enabled=\u00bboff\u00bb button_one_letter_spacing__hover_enabled=\u00bboff\u00bb button_two_letter_spacing__hover_enabled=\u00bboff\u00bb button_bg_color__hover_enabled=\u00bboff\u00bb button_one_bg_color__hover_enabled=\u00bboff\u00bb button_two_bg_color__hover_enabled=\u00bboff\u00bb sticky_enabled=\u00bb0&#8243;][\/et_pb_contact_field][et_pb_contact_field field_id=\u00bblastName\u00bb field_title=\u00bbApellido\u00bb _builder_version=\u00bb4.9.4&#8243; hover_enabled=\u00bb0&#8243; button_text_size__hover_enabled=\u00bboff\u00bb button_one_text_size__hover_enabled=\u00bboff\u00bb button_two_text_size__hover_enabled=\u00bboff\u00bb button_text_color__hover_enabled=\u00bboff\u00bb button_one_text_color__hover_enabled=\u00bboff\u00bb button_two_text_color__hover_enabled=\u00bboff\u00bb button_border_width__hover_enabled=\u00bboff\u00bb button_one_border_width__hover_enabled=\u00bboff\u00bb button_two_border_width__hover_enabled=\u00bboff\u00bb button_border_color__hover_enabled=\u00bboff\u00bb button_one_border_color__hover_enabled=\u00bboff\u00bb button_two_border_color__hover_enabled=\u00bboff\u00bb button_border_radius__hover_enabled=\u00bboff\u00bb button_one_border_radius__hover_enabled=\u00bboff\u00bb button_two_border_radius__hover_enabled=\u00bboff\u00bb button_letter_spacing__hover_enabled=\u00bboff\u00bb button_one_letter_spacing__hover_enabled=\u00bboff\u00bb button_two_letter_spacing__hover_enabled=\u00bboff\u00bb button_bg_color__hover_enabled=\u00bboff\u00bb button_one_bg_color__hover_enabled=\u00bboff\u00bb button_two_bg_color__hover_enabled=\u00bboff\u00bb sticky_enabled=\u00bb0&#8243;][\/et_pb_contact_field][et_pb_contact_field field_id=\u00bbcompany\u00bb field_title=\u00bbEmpresa\u00bb _builder_version=\u00bb4.9.4&#8243; hover_enabled=\u00bb0&#8243; button_text_size__hover_enabled=\u00bboff\u00bb button_one_text_size__hover_enabled=\u00bboff\u00bb button_two_text_size__hover_enabled=\u00bboff\u00bb button_text_color__hover_enabled=\u00bboff\u00bb button_one_text_color__hover_enabled=\u00bboff\u00bb button_two_text_color__hover_enabled=\u00bboff\u00bb button_border_width__hover_enabled=\u00bboff\u00bb button_one_border_width__hover_enabled=\u00bboff\u00bb button_two_border_width__hover_enabled=\u00bboff\u00bb button_border_color__hover_enabled=\u00bboff\u00bb button_one_border_color__hover_enabled=\u00bboff\u00bb button_two_border_color__hover_enabled=\u00bboff\u00bb button_border_radius__hover_enabled=\u00bboff\u00bb button_one_border_radius__hover_enabled=\u00bboff\u00bb button_two_border_radius__hover_enabled=\u00bboff\u00bb button_letter_spacing__hover_enabled=\u00bboff\u00bb button_one_letter_spacing__hover_enabled=\u00bboff\u00bb button_two_letter_spacing__hover_enabled=\u00bboff\u00bb button_bg_color__hover_enabled=\u00bboff\u00bb button_one_bg_color__hover_enabled=\u00bboff\u00bb button_two_bg_color__hover_enabled=\u00bboff\u00bb sticky_enabled=\u00bb0&#8243;][\/et_pb_contact_field][et_pb_contact_field field_id=\u00bbfunction\u00bb field_title=\u00bbFunci\u00f3n\u00bb _builder_version=\u00bb4.9.4&#8243; hover_enabled=\u00bb0&#8243; button_text_size__hover_enabled=\u00bboff\u00bb button_one_text_size__hover_enabled=\u00bboff\u00bb button_two_text_size__hover_enabled=\u00bboff\u00bb button_text_color__hover_enabled=\u00bboff\u00bb button_one_text_color__hover_enabled=\u00bboff\u00bb button_two_text_color__hover_enabled=\u00bboff\u00bb button_border_width__hover_enabled=\u00bboff\u00bb button_one_border_width__hover_enabled=\u00bboff\u00bb button_two_border_width__hover_enabled=\u00bboff\u00bb button_border_color__hover_enabled=\u00bboff\u00bb button_one_border_color__hover_enabled=\u00bboff\u00bb button_two_border_color__hover_enabled=\u00bboff\u00bb button_border_radius__hover_enabled=\u00bboff\u00bb button_one_border_radius__hover_enabled=\u00bboff\u00bb button_two_border_radius__hover_enabled=\u00bboff\u00bb button_letter_spacing__hover_enabled=\u00bboff\u00bb button_one_letter_spacing__hover_enabled=\u00bboff\u00bb button_two_letter_spacing__hover_enabled=\u00bboff\u00bb button_bg_color__hover_enabled=\u00bboff\u00bb button_one_bg_color__hover_enabled=\u00bboff\u00bb button_two_bg_color__hover_enabled=\u00bboff\u00bb sticky_enabled=\u00bb0&#8243;][\/et_pb_contact_field][et_pb_contact_field field_id=\u00bbphone\u00bb field_title=\u00bbTel\u00e9fono\u00bb _builder_version=\u00bb4.9.4&#8243; hover_enabled=\u00bb0&#8243; button_text_size__hover_enabled=\u00bboff\u00bb button_one_text_size__hover_enabled=\u00bboff\u00bb button_two_text_size__hover_enabled=\u00bboff\u00bb button_text_color__hover_enabled=\u00bboff\u00bb button_one_text_color__hover_enabled=\u00bboff\u00bb button_two_text_color__hover_enabled=\u00bboff\u00bb button_border_width__hover_enabled=\u00bboff\u00bb button_one_border_width__hover_enabled=\u00bboff\u00bb button_two_border_width__hover_enabled=\u00bboff\u00bb button_border_color__hover_enabled=\u00bboff\u00bb button_one_border_color__hover_enabled=\u00bboff\u00bb button_two_border_color__hover_enabled=\u00bboff\u00bb button_border_radius__hover_enabled=\u00bboff\u00bb button_one_border_radius__hover_enabled=\u00bboff\u00bb button_two_border_radius__hover_enabled=\u00bboff\u00bb button_letter_spacing__hover_enabled=\u00bboff\u00bb button_one_letter_spacing__hover_enabled=\u00bboff\u00bb button_two_letter_spacing__hover_enabled=\u00bboff\u00bb button_bg_color__hover_enabled=\u00bboff\u00bb button_one_bg_color__hover_enabled=\u00bboff\u00bb button_two_bg_color__hover_enabled=\u00bboff\u00bb sticky_enabled=\u00bb0&#8243;][\/et_pb_contact_field][et_pb_contact_field field_id=\u00bbemail\u00bb field_title=\u00bbEmail\u00bb field_type=\u00bbemail\u00bb _builder_version=\u00bb4.9.4&#8243; hover_enabled=\u00bb0&#8243; button_text_size__hover_enabled=\u00bboff\u00bb button_one_text_size__hover_enabled=\u00bboff\u00bb button_two_text_size__hover_enabled=\u00bboff\u00bb button_text_color__hover_enabled=\u00bboff\u00bb button_one_text_color__hover_enabled=\u00bboff\u00bb button_two_text_color__hover_enabled=\u00bboff\u00bb button_border_width__hover_enabled=\u00bboff\u00bb button_one_border_width__hover_enabled=\u00bboff\u00bb button_two_border_width__hover_enabled=\u00bboff\u00bb button_border_color__hover_enabled=\u00bboff\u00bb button_one_border_color__hover_enabled=\u00bboff\u00bb button_two_border_color__hover_enabled=\u00bboff\u00bb button_border_radius__hover_enabled=\u00bboff\u00bb button_one_border_radius__hover_enabled=\u00bboff\u00bb button_two_border_radius__hover_enabled=\u00bboff\u00bb button_letter_spacing__hover_enabled=\u00bboff\u00bb button_one_letter_spacing__hover_enabled=\u00bboff\u00bb button_two_letter_spacing__hover_enabled=\u00bboff\u00bb button_bg_color__hover_enabled=\u00bboff\u00bb button_one_bg_color__hover_enabled=\u00bboff\u00bb button_two_bg_color__hover_enabled=\u00bboff\u00bb sticky_enabled=\u00bb0&#8243;][\/et_pb_contact_field][et_pb_contact_field field_id=\u00bbwebsite\u00bb field_title=\u00bbWebsite\u00bb fullwidth_field=\u00bbon\u00bb _builder_version=\u00bb4.9.4&#8243; hover_enabled=\u00bb0&#8243; sticky_enabled=\u00bb0&#8243;][\/et_pb_contact_field][et_pb_contact_field field_id=\u00bbmessage\u00bb field_title=\u00bbMensaje\u00bb field_type=\u00bbtext\u00bb fullwidth_field=\u00bbon\u00bb _builder_version=\u00bb4.9.4&#8243; hover_enabled=\u00bb0&#8243; button_text_size__hover_enabled=\u00bboff\u00bb button_one_text_size__hover_enabled=\u00bboff\u00bb button_two_text_size__hover_enabled=\u00bboff\u00bb button_text_color__hover_enabled=\u00bboff\u00bb button_one_text_color__hover_enabled=\u00bboff\u00bb button_two_text_color__hover_enabled=\u00bboff\u00bb button_border_width__hover_enabled=\u00bboff\u00bb button_one_border_width__hover_enabled=\u00bboff\u00bb button_two_border_width__hover_enabled=\u00bboff\u00bb button_border_color__hover_enabled=\u00bboff\u00bb button_one_border_color__hover_enabled=\u00bboff\u00bb button_two_border_color__hover_enabled=\u00bboff\u00bb button_border_radius__hover_enabled=\u00bboff\u00bb button_one_border_radius__hover_enabled=\u00bboff\u00bb button_two_border_radius__hover_enabled=\u00bboff\u00bb button_letter_spacing__hover_enabled=\u00bboff\u00bb button_one_letter_spacing__hover_enabled=\u00bboff\u00bb button_two_letter_spacing__hover_enabled=\u00bboff\u00bb button_bg_color__hover_enabled=\u00bboff\u00bb button_one_bg_color__hover_enabled=\u00bboff\u00bb button_two_bg_color__hover_enabled=\u00bboff\u00bb sticky_enabled=\u00bb0&#8243;][\/et_pb_contact_field][\/et_pb_contact_form][\/et_pb_column][\/et_pb_row][et_pb_row _builder_version=\u00bb4.0.7&#8243; custom_margin=\u00bb-35px|204px||auto||\u00bb custom_margin_tablet=\u00bb\u00bb custom_margin_phone=\u00bb|0px|||false|false\u00bb custom_margin_last_edited=\u00bbon|phone\u00bb custom_padding=\u00bb0px|||||\u00bb][et_pb_column type=\u00bb4_4&#8243; _builder_version=\u00bb4.0.7&#8243;][et_pb_text _builder_version=\u00bb4.0.11&#8243; text_font_size=\u00bb16px\u00bb text_orientation=\u00bbright\u00bb width=\u00bb99.8%\u00bb custom_margin=\u00bb|74px||||\u00bb custom_padding=\u00bb|42px||50px||\u00bb text_font_size_tablet=\u00bb13px\u00bb text_font_size_phone=\u00bb\u00bb text_font_size_last_edited=\u00bbon|tablet\u00bb]<\/p>\n<p>Para evitar robots, por favor, escribe el resultado de esta sencilla suma<\/p>\n<p>[\/et_pb_text][\/et_pb_column][\/et_pb_row][\/et_pb_section]<\/p>\n","protected":false},"excerpt":{"rendered":"<p>CONT\u00c1CTANOS Si tienes una solicitud comercial, no dudes en darnos algunos detalles sobre tu proyecto y te responderemos de manera personalizada. \u00a1Ind\u00edcanos tu disponibilidad y nos pondremos en contacto contigo! &nbsp; Para evitar robots, por favor, escribe el resultado de esta sencilla suma<\/p>\n","protected":false},"author":6,"featured_media":0,"parent":0,"menu_order":0,"comment_status":"closed","ping_status":"closed","template":"","meta":{"_et_pb_use_builder":"on","_et_pb_old_content":"","_et_gb_content_width":"","footnotes":""},"class_list":["post-3126","page","type-page","status-publish","hentry"],"yoast_head":"<!-- This site is optimized with the Yoast SEO plugin v26.8 - https:\/\/yoast.com\/product\/yoast-seo-wordpress\/ -->\n<title>CONTACTAR - TimeOne Group - acc\u00e9l\u00e9rateur de business !<\/title>\n<meta name=\"robots\" content=\"index, follow, max-snippet:-1, max-image-preview:large, max-video-preview:-1\" \/>\n<link rel=\"canonical\" href=\"https:\/\/www.timeonegroup.com\/es\/contactar\/\" \/>\n<meta property=\"og:locale\" content=\"es_ES\" \/>\n<meta property=\"og:type\" content=\"article\" \/>\n<meta property=\"og:title\" content=\"CONTACTAR - TimeOne Group - acc\u00e9l\u00e9rateur de business !\" \/>\n<meta property=\"og:description\" content=\"CONT\u00c1CTANOS Si tienes una solicitud comercial, no dudes en darnos algunos detalles sobre tu proyecto y te responderemos de manera personalizada. \u00a1Ind\u00edcanos tu disponibilidad y nos pondremos en contacto contigo! &nbsp; Para evitar robots, por favor, escribe el resultado de esta sencilla suma\" \/>\n<meta property=\"og:url\" content=\"https:\/\/www.timeonegroup.com\/es\/contactar\/\" \/>\n<meta property=\"og:site_name\" content=\"TimeOne Group - acc\u00e9l\u00e9rateur de business !\" \/>\n<meta property=\"article:publisher\" content=\"https:\/\/www.facebook.com\/timeonegroup\/\" \/>\n<meta property=\"article:modified_time\" content=\"2021-09-27T08:41:57+00:00\" \/>\n<meta name=\"twitter:card\" content=\"summary_large_image\" \/>\n<meta name=\"twitter:site\" content=\"@TimeOneGroup\" \/>\n<meta name=\"twitter:label1\" content=\"Tiempo de lectura\" \/>\n\t<meta name=\"twitter:data1\" content=\"9 minutos\" \/>\n<script type=\"application\/ld+json\" class=\"yoast-schema-graph\">{\"@context\":\"https:\/\/schema.org\",\"@graph\":[{\"@type\":\"WebPage\",\"@id\":\"https:\/\/www.timeonegroup.com\/es\/contactar\/\",\"url\":\"https:\/\/www.timeonegroup.com\/es\/contactar\/\",\"name\":\"CONTACTAR - TimeOne Group - acc\u00e9l\u00e9rateur de business !\",\"isPartOf\":{\"@id\":\"https:\/\/www.timeonegroup.com\/es\/#website\"},\"datePublished\":\"2019-12-16T17:26:50+00:00\",\"dateModified\":\"2021-09-27T08:41:57+00:00\",\"breadcrumb\":{\"@id\":\"https:\/\/www.timeonegroup.com\/es\/contactar\/#breadcrumb\"},\"inLanguage\":\"es\",\"potentialAction\":[{\"@type\":\"ReadAction\",\"target\":[\"https:\/\/www.timeonegroup.com\/es\/contactar\/\"]}]},{\"@type\":\"BreadcrumbList\",\"@id\":\"https:\/\/www.timeonegroup.com\/es\/contactar\/#breadcrumb\",\"itemListElement\":[{\"@type\":\"ListItem\",\"position\":1,\"name\":\"Home\",\"item\":\"https:\/\/www.timeonegroup.com\/es\/\"},{\"@type\":\"ListItem\",\"position\":2,\"name\":\"CONTACTAR\"}]},{\"@type\":\"WebSite\",\"@id\":\"https:\/\/www.timeonegroup.com\/es\/#website\",\"url\":\"https:\/\/www.timeonegroup.com\/es\/\",\"name\":\"TimeOne Group - acc\u00e9l\u00e9rateur de business !\",\"description\":\"TimeOne Group - acc\u00e9l\u00e9rateur de business\",\"publisher\":{\"@id\":\"https:\/\/www.timeonegroup.com\/es\/#organization\"},\"potentialAction\":[{\"@type\":\"SearchAction\",\"target\":{\"@type\":\"EntryPoint\",\"urlTemplate\":\"https:\/\/www.timeonegroup.com\/es\/?s={search_term_string}\"},\"query-input\":{\"@type\":\"PropertyValueSpecification\",\"valueRequired\":true,\"valueName\":\"search_term_string\"}}],\"inLanguage\":\"es\"},{\"@type\":\"Organization\",\"@id\":\"https:\/\/www.timeonegroup.com\/es\/#organization\",\"name\":\"TimeOne Group\",\"url\":\"https:\/\/www.timeonegroup.com\/es\/\",\"logo\":{\"@type\":\"ImageObject\",\"inLanguage\":\"es\",\"@id\":\"https:\/\/www.timeonegroup.com\/es\/#\/schema\/logo\/image\/\",\"url\":\"https:\/\/www.timeonegroup.com\/wp-content\/uploads\/sites\/4\/2020\/06\/cartouche_timeoneGroupe_bleujaune_low_png-1.png\",\"contentUrl\":\"https:\/\/www.timeonegroup.com\/wp-content\/uploads\/sites\/4\/2020\/06\/cartouche_timeoneGroupe_bleujaune_low_png-1.png\",\"width\":200,\"height\":193,\"caption\":\"TimeOne Group\"},\"image\":{\"@id\":\"https:\/\/www.timeonegroup.com\/es\/#\/schema\/logo\/image\/\"},\"sameAs\":[\"https:\/\/www.facebook.com\/timeonegroup\/\",\"https:\/\/x.com\/TimeOneGroup\",\"https:\/\/www.linkedin.com\/company\/timeone\/\",\"https:\/\/www.youtube.com\/channel\/UC0N9MjXofNR0SKueWIWp1zg\"]}]}<\/script>\n<!-- \/ Yoast SEO plugin. -->","yoast_head_json":{"title":"CONTACTAR - TimeOne Group - acc\u00e9l\u00e9rateur de business !","robots":{"index":"index","follow":"follow","max-snippet":"max-snippet:-1","max-image-preview":"max-image-preview:large","max-video-preview":"max-video-preview:-1"},"canonical":"https:\/\/www.timeonegroup.com\/es\/contactar\/","og_locale":"es_ES","og_type":"article","og_title":"CONTACTAR - TimeOne Group - acc\u00e9l\u00e9rateur de business !","og_description":"CONT\u00c1CTANOS Si tienes una solicitud comercial, no dudes en darnos algunos detalles sobre tu proyecto y te responderemos de manera personalizada. \u00a1Ind\u00edcanos tu disponibilidad y nos pondremos en contacto contigo! &nbsp; Para evitar robots, por favor, escribe el resultado de esta sencilla suma","og_url":"https:\/\/www.timeonegroup.com\/es\/contactar\/","og_site_name":"TimeOne Group - acc\u00e9l\u00e9rateur de business !","article_publisher":"https:\/\/www.facebook.com\/timeonegroup\/","article_modified_time":"2021-09-27T08:41:57+00:00","twitter_card":"summary_large_image","twitter_site":"@TimeOneGroup","twitter_misc":{"Tiempo de lectura":"9 minutos"},"schema":{"@context":"https:\/\/schema.org","@graph":[{"@type":"WebPage","@id":"https:\/\/www.timeonegroup.com\/es\/contactar\/","url":"https:\/\/www.timeonegroup.com\/es\/contactar\/","name":"CONTACTAR - TimeOne Group - acc\u00e9l\u00e9rateur de business !","isPartOf":{"@id":"https:\/\/www.timeonegroup.com\/es\/#website"},"datePublished":"2019-12-16T17:26:50+00:00","dateModified":"2021-09-27T08:41:57+00:00","breadcrumb":{"@id":"https:\/\/www.timeonegroup.com\/es\/contactar\/#breadcrumb"},"inLanguage":"es","potentialAction":[{"@type":"ReadAction","target":["https:\/\/www.timeonegroup.com\/es\/contactar\/"]}]},{"@type":"BreadcrumbList","@id":"https:\/\/www.timeonegroup.com\/es\/contactar\/#breadcrumb","itemListElement":[{"@type":"ListItem","position":1,"name":"Home","item":"https:\/\/www.timeonegroup.com\/es\/"},{"@type":"ListItem","position":2,"name":"CONTACTAR"}]},{"@type":"WebSite","@id":"https:\/\/www.timeonegroup.com\/es\/#website","url":"https:\/\/www.timeonegroup.com\/es\/","name":"TimeOne Group - acc\u00e9l\u00e9rateur de business !","description":"TimeOne Group - acc\u00e9l\u00e9rateur de business","publisher":{"@id":"https:\/\/www.timeonegroup.com\/es\/#organization"},"potentialAction":[{"@type":"SearchAction","target":{"@type":"EntryPoint","urlTemplate":"https:\/\/www.timeonegroup.com\/es\/?s={search_term_string}"},"query-input":{"@type":"PropertyValueSpecification","valueRequired":true,"valueName":"search_term_string"}}],"inLanguage":"es"},{"@type":"Organization","@id":"https:\/\/www.timeonegroup.com\/es\/#organization","name":"TimeOne Group","url":"https:\/\/www.timeonegroup.com\/es\/","logo":{"@type":"ImageObject","inLanguage":"es","@id":"https:\/\/www.timeonegroup.com\/es\/#\/schema\/logo\/image\/","url":"https:\/\/www.timeonegroup.com\/wp-content\/uploads\/sites\/4\/2020\/06\/cartouche_timeoneGroupe_bleujaune_low_png-1.png","contentUrl":"https:\/\/www.timeonegroup.com\/wp-content\/uploads\/sites\/4\/2020\/06\/cartouche_timeoneGroupe_bleujaune_low_png-1.png","width":200,"height":193,"caption":"TimeOne Group"},"image":{"@id":"https:\/\/www.timeonegroup.com\/es\/#\/schema\/logo\/image\/"},"sameAs":["https:\/\/www.facebook.com\/timeonegroup\/","https:\/\/x.com\/TimeOneGroup","https:\/\/www.linkedin.com\/company\/timeone\/","https:\/\/www.youtube.com\/channel\/UC0N9MjXofNR0SKueWIWp1zg"]}]}},"_links":{"self":[{"href":"https:\/\/www.timeonegroup.com\/es\/wp-json\/wp\/v2\/pages\/3126","targetHints":{"allow":["GET"]}}],"collection":[{"href":"https:\/\/www.timeonegroup.com\/es\/wp-json\/wp\/v2\/pages"}],"about":[{"href":"https:\/\/www.timeonegroup.com\/es\/wp-json\/wp\/v2\/types\/page"}],"author":[{"embeddable":true,"href":"https:\/\/www.timeonegroup.com\/es\/wp-json\/wp\/v2\/users\/6"}],"replies":[{"embeddable":true,"href":"https:\/\/www.timeonegroup.com\/es\/wp-json\/wp\/v2\/comments?post=3126"}],"version-history":[{"count":0,"href":"https:\/\/www.timeonegroup.com\/es\/wp-json\/wp\/v2\/pages\/3126\/revisions"}],"wp:attachment":[{"href":"https:\/\/www.timeonegroup.com\/es\/wp-json\/wp\/v2\/media?parent=3126"}],"curies":[{"name":"wp","href":"https:\/\/api.w.org\/{rel}","templated":true}]}}