{"id":3039,"date":"2019-12-16T01:47:53","date_gmt":"2019-12-16T00:47:53","guid":{"rendered":"https:\/\/www.timeonegroup.com\/solucion-co-registracion\/"},"modified":"2021-06-10T15:07:37","modified_gmt":"2021-06-10T13:07:37","slug":"solucion-co-registracion","status":"publish","type":"page","link":"https:\/\/www.timeonegroup.com\/es\/solucion-co-registracion\/","title":{"rendered":"soluci\u00f3n co-registraci\u00f3n"},"content":{"rendered":"<p>[et_pb_section fb_built=\u00bb1&#8243; _builder_version=\u00bb4.9.4&#8243; use_background_color_gradient=\u00bbon\u00bb background_color_gradient_start=\u00bb#3b3bff\u00bb background_color_gradient_end=\u00bb#ffffff\u00bb background_color_gradient_direction=\u00bb156deg\u00bb background_color_gradient_start_position=\u00bb47%\u00bb background_enable_image=\u00bboff\u00bb custom_padding=\u00bb||35px|||\u00bb][et_pb_row column_structure=\u00bb1_2,1_2&#8243; _builder_version=\u00bb4.0.7&#8243; custom_margin=\u00bb-56px|auto||auto||\u00bb custom_margin_tablet=\u00bb\u00bb custom_margin_phone=\u00bb\u00bb custom_margin_last_edited=\u00bbon|tablet\u00bb custom_padding=\u00bb0px||96px||false|false\u00bb][et_pb_column type=\u00bb1_2&#8243; _builder_version=\u00bb4.0.4&#8243;][et_pb_text content_tablet=\u00bb<\/p>\n<p>la<\/p>\n<p>coregistration<\/p>\n<p>\u00bb content_phone=\u00bb<\/p>\n<p>la<\/p>\n<p>coregistration<\/p>\n<p>\u00bb content_last_edited=\u00bboff|desktop\u00bb _builder_version=\u00bb4.9.4&#8243; text_font=\u00bb|600||on|||||\u00bb text_text_color=\u00bb#FFFFFF\u00bb text_font_size=\u00bb45px\u00bb text_line_height=\u00bb0.2em\u00bb background_enable_image=\u00bboff\u00bb background_size=\u00bbcontain\u00bb background_position=\u00bbcenter_left\u00bb custom_margin_tablet=\u00bb-2px||-12px||false|false\u00bb custom_margin_phone=\u00bb\u00bb custom_margin_last_edited=\u00bbon|tablet\u00bb custom_padding=\u00bb231px||10px|29px|false|false\u00bb text_font_size_tablet=\u00bb33px\u00bb text_font_size_phone=\u00bb30px\u00bb text_font_size_last_edited=\u00bbon|phone\u00bb]<\/p>\n<p>corregistro<\/p>\n<p>[\/et_pb_text][\/et_pb_column][et_pb_column type=\u00bb1_2&#8243; _builder_version=\u00bb4.0.4&#8243;][et_pb_image src=\u00bbhttps:\/\/www.timeonegroup.com\/wp-content\/uploads\/sites\/4\/2021\/06\/logoVERTICALMAIL_FD_BLEU_RVB-300&#215;86.png\u00bb title_text=\u00bblogoVERTICALMAIL_FD_BLEU_RVB\u00bb align=\u00bbright\u00bb _builder_version=\u00bb4.9.4&#8243; width=\u00bb50.7%\u00bb width_tablet=\u00bb33%\u00bb width_phone=\u00bb31%\u00bb width_last_edited=\u00bbon|tablet\u00bb module_alignment=\u00bbright\u00bb custom_margin=\u00bb34px||||false|false\u00bb custom_margin_tablet=\u00bb-255px||||false|false\u00bb custom_margin_phone=\u00bb-229px||||false|false\u00bb custom_margin_last_edited=\u00bbon|tablet\u00bb custom_padding=\u00bb||0px|26px||\u00bb custom_padding_tablet=\u00bb|0px|0px|0px|false|true\u00bb custom_padding_phone=\u00bb\u00bb custom_padding_last_edited=\u00bbon|tablet\u00bb hover_enabled=\u00bb0&#8243; module_alignment_tablet=\u00bbright\u00bb module_alignment_last_edited=\u00bboff|tablet\u00bb sticky_enabled=\u00bb0&#8243;][\/et_pb_image][\/et_pb_column][\/et_pb_row][\/et_pb_section][et_pb_section fb_built=\u00bb1&#8243; custom_padding_last_edited=\u00bbon|tablet\u00bb _builder_version=\u00bb4.0.7&#8243; background_enable_image=\u00bboff\u00bb background_size=\u00bbcontain\u00bb background_position=\u00bbbottom_center\u00bb custom_margin=\u00bb-36px|-146px|35px||false|false\u00bb custom_margin_tablet=\u00bb-36px|auto|35px|auto|false|true\u00bb custom_margin_phone=\u00bb\u00bb custom_margin_last_edited=\u00bbon|tablet\u00bb custom_padding=\u00bb32px||0px|||\u00bb custom_padding_tablet=\u00bb32px|0px|0px|0px|false|true\u00bb custom_padding_phone=\u00bb\u00bb][et_pb_row _builder_version=\u00bb4.0.7&#8243; width_tablet=\u00bb\u00bb width_phone=\u00bb95%\u00bb width_last_edited=\u00bbon|phone\u00bb custom_margin=\u00bb4px|auto||auto||\u00bb custom_padding=\u00bb0px||18px|||\u00bb][et_pb_column type=\u00bb4_4&#8243; _builder_version=\u00bb4.0.4&#8243;][et_pb_text _builder_version=\u00bb4.0.7&#8243; text_font=\u00bb|600||on|||||\u00bb text_font_size=\u00bb36px\u00bb text_line_height=\u00bb0.3em\u00bb width=\u00bb86.3%\u00bb width_tablet=\u00bb\u00bb width_phone=\u00bbauto\u00bb width_last_edited=\u00bbon|phone\u00bb custom_margin=\u00bb35px|39px||39px|false|true\u00bb custom_margin_tablet=\u00bb\u00bb custom_margin_phone=\u00bb|auto||auto|false|true\u00bb custom_margin_last_edited=\u00bbon|phone\u00bb custom_padding=\u00bb|||0px||\u00bb custom_padding_tablet=\u00bb\u00bb custom_padding_phone=\u00bb|0px||0px|false|true\u00bb custom_padding_last_edited=\u00bbon|phone\u00bb animation_style=\u00bbfade\u00bb text_font_tablet=\u00bb\u00bb text_font_phone=\u00bb\u00bb text_font_last_edited=\u00bbon|phone\u00bb text_font_size_tablet=\u00bb31px\u00bb text_font_size_phone=\u00bb28px\u00bb text_font_size_last_edited=\u00bbon|phone\u00bb text_orientation_tablet=\u00bbcenter\u00bb text_orientation_phone=\u00bbcenter\u00bb text_orientation_last_edited=\u00bbon|phone\u00bb custom_margin__hover_enabled=\u00bbon|desktop\u00bb]\u00bfen qu\u00e9 nos<\/p>\n<p>diferenciamos?[\/et_pb_text][et_pb_text content_tablet=\u00bb\u00bb content_phone=\u00bb<\/p>\n<p style=%22text-align: center;%22>\u00a1Gracias a nuestra <strong>soluci\u00f3n propia de captaci\u00f3n mediante <\/strong>corregistro y co-sponsoring, generamos leads a trav\u00e9s de medios de difusi\u00f3n de calidad!<\/p>\n<p>\u00bb content_last_edited=\u00bbon|desktop\u00bb _builder_version=\u00bb4.0.11&#8243; text_text_color=\u00bb#000000&#8243; text_font_size=\u00bb16px\u00bb text_line_height=\u00bb1.8em\u00bb custom_margin=\u00bb53px|||41px||\u00bb custom_margin_tablet=\u00bb|auto||auto|false|true\u00bb custom_margin_phone=\u00bb|27px||27px|false|true\u00bb custom_margin_last_edited=\u00bbon|phone\u00bb custom_padding=\u00bb|397px|0px||false|false\u00bb custom_padding_tablet=\u00bb|0px|0px|0px|false|true\u00bb custom_padding_phone=\u00bb\u00bb custom_padding_last_edited=\u00bbon|tablet\u00bb text_font_size_tablet=\u00bb\u00bb text_font_size_phone=\u00bb\u00bb text_font_size_last_edited=\u00bbon|phone\u00bb text_orientation_tablet=\u00bbcenter\u00bb text_orientation_phone=\u00bbcenter\u00bb text_orientation_last_edited=\u00bbon|phone\u00bb]<\/p>\n<p style=\"text-align: left;\">\u00a1Gracias a nuestra <strong>soluci\u00f3n propia de captaci\u00f3n mediante <\/strong>corregistro y co-sponsoring, generamos leads a trav\u00e9s de medios de difusi\u00f3n de calidad!<\/p>\n<p>[\/et_pb_text][\/et_pb_column][\/et_pb_row][\/et_pb_section][et_pb_section fb_built=\u00bb1&#8243; _builder_version=\u00bb4.0.7&#8243;][et_pb_row column_structure=\u00bb1_4,1_4,1_4,1_4&#8243; _builder_version=\u00bb4.0.7&#8243; width=\u00bb84.3%\u00bb custom_margin=\u00bb-72px|auto||auto||\u00bb custom_margin_tablet=\u00bb\u00bb custom_margin_phone=\u00bb-98px|30px||34px|false|false\u00bb custom_margin_last_edited=\u00bbon|phone\u00bb custom_padding=\u00bb|30px||30px|false|true\u00bb][et_pb_column type=\u00bb1_4&#8243; _builder_version=\u00bb4.0.7&#8243; box_shadow_style=\u00bbpreset2&#8243;][et_pb_image src=\u00bbhttps:\/\/www.timeonegroup.com\/wp-content\/uploads\/sites\/4\/2019\/11\/Fichier-55.png\u00bb align=\u00bbcenter\u00bb _builder_version=\u00bb4.0.7&#8243; width=\u00bb34%\u00bb custom_margin=\u00bb17px||21px||false|false\u00bb custom_margin_tablet=\u00bb17px|auto|21px|auto|false|true\u00bb custom_margin_phone=\u00bb\u00bb custom_margin_last_edited=\u00bbon|tablet\u00bb][\/et_pb_image][et_pb_text _builder_version=\u00bb4.0.7&#8243; text_font=\u00bb|||on|||||\u00bb text_font_size=\u00bb17px\u00bb text_line_height=\u00bb0.2em\u00bb]<\/p>\n<p style=\"text-align: center\">nuestra soluci\u00f3n<\/p>\n<p style=\"text-align: center\">dedicada<\/p>\n<p>[\/et_pb_text][et_pb_text _builder_version=\u00bb4.0.11&#8243; custom_margin=\u00bb-1px|||||\u00bb custom_padding=\u00bb|18px|49px|28px|false|false\u00bb custom_padding_tablet=\u00bb\u00bb custom_padding_phone=\u00bb\u00bb custom_padding_last_edited=\u00bbon|desktop\u00bb]<\/p>\n<p style=\"text-align: center;\">Tenemos <strong>nuestra propia herramienta de captaci\u00f3n <\/strong>de leads mediante corregistro y co-sponsoring, desarrollada por nuestros equipos.<\/p>\n<p>[\/et_pb_text][\/et_pb_column][et_pb_column type=\u00bb1_4&#8243; _builder_version=\u00bb4.0.7&#8243; box_shadow_style=\u00bbpreset2&#8243;][et_pb_image src=\u00bbhttps:\/\/www.timeonegroup.com\/wp-content\/uploads\/sites\/4\/2019\/11\/Fichier-33.png\u00bb align=\u00bbcenter\u00bb _builder_version=\u00bb4.0.7&#8243; width=\u00bb34%\u00bb custom_margin=\u00bb17px||21px||false|false\u00bb custom_margin_tablet=\u00bb17px|auto|21px|auto|false|true\u00bb custom_margin_phone=\u00bb\u00bb custom_margin_last_edited=\u00bbon|tablet\u00bb][\/et_pb_image][et_pb_text _builder_version=\u00bb4.0.11&#8243; text_font=\u00bb|||on|||||\u00bb text_font_size=\u00bb17px\u00bb text_line_height=\u00bb0.2em\u00bb custom_margin=\u00bb||46px|||\u00bb]<\/p>\n<p style=\"text-align: center;\">Nuestra capacidad<\/p>\n<p style=\"text-align: center;\">de captaci\u00f3n<\/p>\n<p>[\/et_pb_text][et_pb_text _builder_version=\u00bb4.0.11&#8243; custom_margin=\u00bb-14px|||||\u00bb custom_padding=\u00bb|18px|114px|28px|false|false\u00bb custom_padding_tablet=\u00bb\u00bb custom_padding_phone=\u00bb||40px|29px|false|false\u00bb custom_padding_last_edited=\u00bbon|desktop\u00bb]<\/p>\n<p style=\"text-align: center;\">Tenemos la capacidad de generar<strong> 300.000 leads al mes<\/strong> para poder alcanzar todos tus objetivos.<\/p>\n<p>[\/et_pb_text][\/et_pb_column][et_pb_column type=\u00bb1_4&#8243; _builder_version=\u00bb4.0.7&#8243; box_shadow_style=\u00bbpreset2&#8243;][et_pb_image src=\u00bbhttps:\/\/www.timeonegroup.com\/wp-content\/uploads\/sites\/4\/2019\/11\/Fichier-64.png\u00bb align=\u00bbcenter\u00bb _builder_version=\u00bb4.0.7&#8243; width=\u00bb34%\u00bb custom_margin=\u00bb17px||24px||false|false\u00bb custom_margin_tablet=\u00bb|auto||auto|false|true\u00bb custom_margin_phone=\u00bb\u00bb custom_margin_last_edited=\u00bbon|tablet\u00bb][\/et_pb_image][et_pb_text _builder_version=\u00bb4.0.11&#8243; text_font=\u00bb|||on|||||\u00bb text_font_size=\u00bb17px\u00bb text_line_height=\u00bb0.2em\u00bb]<\/p>\n<p style=\"text-align: center;\">Nuestra<\/p>\n<p style=\"text-align: center;\">red<\/p>\n<p>[\/et_pb_text][et_pb_text _builder_version=\u00bb4.0.11&#8243; custom_margin=\u00bb10px|||||\u00bb custom_padding=\u00bb|13px|20px|17px||\u00bb]<\/p>\n<p style=\"text-align: center;\">Trabajamos con <strong>m\u00e1s de 40 partners<\/strong> de medios acreditados como Le Parisien, Aladom, Les Echos y otros muchos soportes, seg\u00fan las necesidades y tem\u00e1tica de nuestros clientes.<\/p>\n<p>[\/et_pb_text][\/et_pb_column][et_pb_column type=\u00bb1_4&#8243; _builder_version=\u00bb4.0.7&#8243; box_shadow_style=\u00bbpreset2&#8243;][et_pb_image src=\u00bbhttps:\/\/www.timeonegroup.com\/wp-content\/uploads\/sites\/4\/2019\/11\/Fichier-10-1.png\u00bb align=\u00bbcenter\u00bb _builder_version=\u00bb4.0.7&#8243; width=\u00bb34%\u00bb custom_margin=\u00bb17px||24px||false|false\u00bb custom_margin_tablet=\u00bb17px|auto|24px|auto|false|true\u00bb custom_margin_phone=\u00bb\u00bb custom_margin_last_edited=\u00bbon|tablet\u00bb module_alignment_tablet=\u00bbcenter\u00bb module_alignment_phone=\u00bb\u00bb module_alignment_last_edited=\u00bbon|tablet\u00bb][\/et_pb_image][et_pb_text _builder_version=\u00bb4.0.11&#8243; text_font=\u00bb|||on|||||\u00bb text_font_size=\u00bb17px\u00bb text_line_height=\u00bb0.3em\u00bb custom_margin=\u00bb||41px|||\u00bb]<\/p>\n<p style=\"text-align: center;\">La<\/p>\n<p style=\"text-align: center;\">adquisici\u00f3n<\/p>\n<p>[\/et_pb_text][et_pb_text _builder_version=\u00bb4.0.11&#8243; min_height=\u00bb181px\u00bb custom_margin=\u00bb-14px|||||\u00bb custom_margin_tablet=\u00bb\u00bb custom_margin_phone=\u00bb-14px||-30px||false|false\u00bb custom_margin_last_edited=\u00bbon|phone\u00bb custom_padding=\u00bb|18px|45px|28px|false|false\u00bb custom_padding_tablet=\u00bb\u00bb custom_padding_phone=\u00bb|18px|8px|28px|false|false\u00bb custom_padding_last_edited=\u00bbon|phone\u00bb]<\/p>\n<p style=\"text-align: center;\">Nuestro sistema de <strong>adquisici\u00f3n en tiempo real<\/strong> nos permite una mayor reactividad. Somos suscriptores de <strong>Bloctel<\/strong> para garantizarte <strong>calidad y seguridad<\/strong>.<\/p>\n<p>[\/et_pb_text][\/et_pb_column][\/et_pb_row][\/et_pb_section][et_pb_section fb_built=\u00bb1&#8243; custom_padding_last_edited=\u00bbon|tablet\u00bb _builder_version=\u00bb4.0.7&#8243; background_image=\u00bbhttps:\/\/www.timeonegroup.com\/wp-content\/uploads\/sites\/4\/2019\/11\/fond-contenu-quote-1.jpg\u00bb background_position=\u00bbtop_center\u00bb custom_margin=\u00bb-60px|||||\u00bb custom_margin_tablet=\u00bb-90px|auto||auto|false|true\u00bb custom_margin_phone=\u00bb\u00bb custom_margin_last_edited=\u00bbon|tablet\u00bb custom_padding=\u00bb0px|8px|18px|||\u00bb custom_padding_tablet=\u00bb0px|0px|0px|0px|false|true\u00bb custom_padding_phone=\u00bb\u00bb][et_pb_row _builder_version=\u00bb4.0.7&#8243; custom_margin=\u00bb69px|149px||149px||true\u00bb custom_margin_tablet=\u00bb69px|auto||auto|false|true\u00bb custom_margin_phone=\u00bb\u00bb custom_margin_last_edited=\u00bbon|tablet\u00bb custom_padding=\u00bb21px|0px||||\u00bb][et_pb_column type=\u00bb4_4&#8243; _builder_version=\u00bb4.0.4&#8243;][et_pb_button button_url=\u00bb@ET-DC@eyJkeW5hbWljIjp0cnVlLCJjb250ZW50IjoicG9zdF9saW5rX3VybF9wYWdlIiwic2V0dGluZ3MiOnsicG9zdF9pZCI6IjUwNyJ9fQ==@\u00bb button_text=\u00bbCONT\u00c1CTANOS\u00bb button_alignment=\u00bbcenter\u00bb _builder_version=\u00bb4.9.4&#8243; _dynamic_attributes=\u00bbbutton_url\u00bb custom_button=\u00bbon\u00bb button_text_size=\u00bb25px\u00bb button_text_color=\u00bb#FFFFFF\u00bb button_bg_color=\u00bb#3B3BFF\u00bb button_border_radius=\u00bb8px\u00bb custom_margin=\u00bb-43px||-10px|||\u00bb][\/et_pb_button][et_pb_image src=\u00bbhttps:\/\/www.timeonegroup.com\/wp-content\/uploads\/sites\/4\/2019\/10\/1200px-Interflora-logo_0010_Eni_logo.jpg\u00bb align_tablet=\u00bb\u00bb align_phone=\u00bbcenter\u00bb align_last_edited=\u00bbon|phone\u00bb _builder_version=\u00bb4.0.7&#8243; width=\u00bb15%\u00bb width_tablet=\u00bb26%\u00bb width_phone=\u00bb41%\u00bb width_last_edited=\u00bbon|tablet\u00bb custom_margin_tablet=\u00bb30px||||false|false\u00bb custom_margin_phone=\u00bb30px|||73px|false|false\u00bb custom_margin_last_edited=\u00bbon|phone\u00bb custom_padding=\u00bb|||43px|false|false\u00bb width__hover_enabled=\u00bbon|desktop\u00bb][\/et_pb_image][et_pb_text _builder_version=\u00bb4.0.11&#8243; text_font_size=\u00bb15px\u00bb text_line_height=\u00bb1.8em\u00bb background_color=\u00bb#ffffff\u00bb text_orientation=\u00bbjustified\u00bb min_height=\u00bb58px\u00bb custom_margin=\u00bb-20px|45px||45px|false|true\u00bb custom_margin_tablet=\u00bb\u00bb custom_margin_phone=\u00bb-20px|1px||-4px|false|false\u00bb custom_margin_last_edited=\u00bbon|phone\u00bb custom_padding=\u00bb9px|22px|15px|22px|false|true\u00bb filter_opacity=\u00bb77%\u00bb]<\/p>\n<p><em>\u00abEs un verdadero placer trabajar con Timeone, que est\u00e1 siempre pendiente y responde a nuestras necesidades, respetando al mismo tiempo nuestras limitaciones y requisitos relacionados con nuestro alcance. Timeone sigue desarrollando propuestas para mejorar continuamente el rendimiento de las campa\u00f1as y ayudar a Eni a alcanzar sus objetivos. \u00bb<\/em><\/p>\n<p>[\/et_pb_text][\/et_pb_column][\/et_pb_row][et_pb_row _builder_version=\u00bb4.0.4&#8243; min_height=\u00bb49px\u00bb custom_margin=\u00bb2px|auto|71px|auto||\u00bb custom_padding=\u00bb0px||23px|||\u00bb][et_pb_column type=\u00bb4_4&#8243; _builder_version=\u00bb4.0.4&#8243;][et_pb_text content_phone=\u00bb<\/p>\n<p style=%22text-align: right;%22>CLAIRE BOUSSEMART<\/p>\n<p style=%22text-align: right;%22>Gestor de Proyectos<\/p>\n<p style=%22text-align: right;%22>de Campa\u00f1as<\/p>\n<p>\u00bb content_last_edited=\u00bboff|desktop\u00bb _builder_version=\u00bb4.9.4&#8243; text_font=\u00bb|600|||||||\u00bb text_text_color=\u00bb#3B3BFF\u00bb text_font_size=\u00bb18px\u00bb text_line_height=\u00bb0.5em\u00bb custom_margin=\u00bb-35px|38px||1px|false|false\u00bb custom_margin_tablet=\u00bb\u00bb custom_margin_phone=\u00bb|22px|||false|false\u00bb custom_margin_last_edited=\u00bbon|phone\u00bb custom_padding=\u00bb||0px|||\u00bb custom_padding_tablet=\u00bb\u00bb custom_padding_phone=\u00bb|||1px|false|false\u00bb custom_padding_last_edited=\u00bbon|phone\u00bb text_line_height_tablet=\u00bb\u00bb text_line_height_phone=\u00bb1em\u00bb text_line_height_last_edited=\u00bbon|phone\u00bb]<\/p>\n<p style=\"text-align: right;\">CLAIRE BOUSSEMART<\/p>\n<p style=\"text-align: right;\">Gestor de Proyectos de Campa\u00f1as<\/p>\n<p>[\/et_pb_text][\/et_pb_column][\/et_pb_row][\/et_pb_section]<\/p>\n","protected":false},"excerpt":{"rendered":"<p>corregistro\u00bfen qu\u00e9 nos diferenciamos?\u00a1Gracias a nuestra soluci\u00f3n propia de captaci\u00f3n mediante corregistro y co-sponsoring, generamos leads a trav\u00e9s de medios de difusi\u00f3n de calidad!nuestra soluci\u00f3n dedicadaTenemos nuestra propia herramienta de captaci\u00f3n de leads mediante corregistro y co-sponsoring, desarrollada por nuestros equipos.Nuestra capacidad de captaci\u00f3nTenemos la capacidad de generar 300.000 leads al mes para poder alcanzar [&hellip;]<\/p>\n","protected":false},"author":6,"featured_media":0,"parent":0,"menu_order":0,"comment_status":"closed","ping_status":"closed","template":"","meta":{"_et_pb_use_builder":"on","_et_pb_old_content":"","_et_gb_content_width":"","footnotes":""},"class_list":["post-3039","page","type-page","status-publish","hentry"],"yoast_head":"<!-- This site is optimized with the Yoast SEO plugin v26.8 - https:\/\/yoast.com\/product\/yoast-seo-wordpress\/ -->\n<title>soluci\u00f3n co-registraci\u00f3n - TimeOne Group - acc\u00e9l\u00e9rateur de business !<\/title>\n<meta name=\"robots\" content=\"index, follow, max-snippet:-1, max-image-preview:large, max-video-preview:-1\" \/>\n<link rel=\"canonical\" href=\"https:\/\/www.timeonegroup.com\/es\/solucion-co-registracion\/\" \/>\n<meta property=\"og:locale\" content=\"es_ES\" \/>\n<meta property=\"og:type\" content=\"article\" \/>\n<meta property=\"og:title\" content=\"soluci\u00f3n co-registraci\u00f3n - TimeOne Group - acc\u00e9l\u00e9rateur de business !\" \/>\n<meta property=\"og:description\" content=\"corregistro\u00bfen qu\u00e9 nos diferenciamos?\u00a1Gracias a nuestra soluci\u00f3n propia de captaci\u00f3n mediante corregistro y co-sponsoring, generamos leads a trav\u00e9s de medios de difusi\u00f3n de calidad!nuestra soluci\u00f3n dedicadaTenemos nuestra propia herramienta de captaci\u00f3n de leads mediante corregistro y co-sponsoring, desarrollada por nuestros equipos.Nuestra capacidad de captaci\u00f3nTenemos la capacidad de generar 300.000 leads al mes para poder alcanzar [&hellip;]\" \/>\n<meta property=\"og:url\" content=\"https:\/\/www.timeonegroup.com\/es\/solucion-co-registracion\/\" \/>\n<meta property=\"og:site_name\" content=\"TimeOne Group - acc\u00e9l\u00e9rateur de business !\" \/>\n<meta property=\"article:publisher\" content=\"https:\/\/www.facebook.com\/timeonegroup\/\" \/>\n<meta property=\"article:modified_time\" content=\"2021-06-10T13:07:37+00:00\" \/>\n<meta name=\"twitter:card\" content=\"summary_large_image\" \/>\n<meta name=\"twitter:site\" content=\"@TimeOneGroup\" \/>\n<meta name=\"twitter:label1\" content=\"Tiempo de lectura\" \/>\n\t<meta name=\"twitter:data1\" content=\"9 minutos\" \/>\n<script type=\"application\/ld+json\" class=\"yoast-schema-graph\">{\"@context\":\"https:\/\/schema.org\",\"@graph\":[{\"@type\":\"WebPage\",\"@id\":\"https:\/\/www.timeonegroup.com\/es\/solucion-co-registracion\/\",\"url\":\"https:\/\/www.timeonegroup.com\/es\/solucion-co-registracion\/\",\"name\":\"soluci\u00f3n co-registraci\u00f3n - TimeOne Group - acc\u00e9l\u00e9rateur de business !\",\"isPartOf\":{\"@id\":\"https:\/\/www.timeonegroup.com\/es\/#website\"},\"datePublished\":\"2019-12-16T00:47:53+00:00\",\"dateModified\":\"2021-06-10T13:07:37+00:00\",\"breadcrumb\":{\"@id\":\"https:\/\/www.timeonegroup.com\/es\/solucion-co-registracion\/#breadcrumb\"},\"inLanguage\":\"es\",\"potentialAction\":[{\"@type\":\"ReadAction\",\"target\":[\"https:\/\/www.timeonegroup.com\/es\/solucion-co-registracion\/\"]}]},{\"@type\":\"BreadcrumbList\",\"@id\":\"https:\/\/www.timeonegroup.com\/es\/solucion-co-registracion\/#breadcrumb\",\"itemListElement\":[{\"@type\":\"ListItem\",\"position\":1,\"name\":\"Home\",\"item\":\"https:\/\/www.timeonegroup.com\/es\/\"},{\"@type\":\"ListItem\",\"position\":2,\"name\":\"soluci\u00f3n co-registraci\u00f3n\"}]},{\"@type\":\"WebSite\",\"@id\":\"https:\/\/www.timeonegroup.com\/es\/#website\",\"url\":\"https:\/\/www.timeonegroup.com\/es\/\",\"name\":\"TimeOne Group - acc\u00e9l\u00e9rateur de business !\",\"description\":\"TimeOne Group - acc\u00e9l\u00e9rateur de business\",\"publisher\":{\"@id\":\"https:\/\/www.timeonegroup.com\/es\/#organization\"},\"potentialAction\":[{\"@type\":\"SearchAction\",\"target\":{\"@type\":\"EntryPoint\",\"urlTemplate\":\"https:\/\/www.timeonegroup.com\/es\/?s={search_term_string}\"},\"query-input\":{\"@type\":\"PropertyValueSpecification\",\"valueRequired\":true,\"valueName\":\"search_term_string\"}}],\"inLanguage\":\"es\"},{\"@type\":\"Organization\",\"@id\":\"https:\/\/www.timeonegroup.com\/es\/#organization\",\"name\":\"TimeOne Group\",\"url\":\"https:\/\/www.timeonegroup.com\/es\/\",\"logo\":{\"@type\":\"ImageObject\",\"inLanguage\":\"es\",\"@id\":\"https:\/\/www.timeonegroup.com\/es\/#\/schema\/logo\/image\/\",\"url\":\"https:\/\/www.timeonegroup.com\/wp-content\/uploads\/sites\/4\/2020\/06\/cartouche_timeoneGroupe_bleujaune_low_png-1.png\",\"contentUrl\":\"https:\/\/www.timeonegroup.com\/wp-content\/uploads\/sites\/4\/2020\/06\/cartouche_timeoneGroupe_bleujaune_low_png-1.png\",\"width\":200,\"height\":193,\"caption\":\"TimeOne Group\"},\"image\":{\"@id\":\"https:\/\/www.timeonegroup.com\/es\/#\/schema\/logo\/image\/\"},\"sameAs\":[\"https:\/\/www.facebook.com\/timeonegroup\/\",\"https:\/\/x.com\/TimeOneGroup\",\"https:\/\/www.linkedin.com\/company\/timeone\/\",\"https:\/\/www.youtube.com\/channel\/UC0N9MjXofNR0SKueWIWp1zg\"]}]}<\/script>\n<!-- \/ Yoast SEO plugin. -->","yoast_head_json":{"title":"soluci\u00f3n co-registraci\u00f3n - TimeOne Group - acc\u00e9l\u00e9rateur de business !","robots":{"index":"index","follow":"follow","max-snippet":"max-snippet:-1","max-image-preview":"max-image-preview:large","max-video-preview":"max-video-preview:-1"},"canonical":"https:\/\/www.timeonegroup.com\/es\/solucion-co-registracion\/","og_locale":"es_ES","og_type":"article","og_title":"soluci\u00f3n co-registraci\u00f3n - TimeOne Group - acc\u00e9l\u00e9rateur de business !","og_description":"corregistro\u00bfen qu\u00e9 nos diferenciamos?\u00a1Gracias a nuestra soluci\u00f3n propia de captaci\u00f3n mediante corregistro y co-sponsoring, generamos leads a trav\u00e9s de medios de difusi\u00f3n de calidad!nuestra soluci\u00f3n dedicadaTenemos nuestra propia herramienta de captaci\u00f3n de leads mediante corregistro y co-sponsoring, desarrollada por nuestros equipos.Nuestra capacidad de captaci\u00f3nTenemos la capacidad de generar 300.000 leads al mes para poder alcanzar [&hellip;]","og_url":"https:\/\/www.timeonegroup.com\/es\/solucion-co-registracion\/","og_site_name":"TimeOne Group - acc\u00e9l\u00e9rateur de business !","article_publisher":"https:\/\/www.facebook.com\/timeonegroup\/","article_modified_time":"2021-06-10T13:07:37+00:00","twitter_card":"summary_large_image","twitter_site":"@TimeOneGroup","twitter_misc":{"Tiempo de lectura":"9 minutos"},"schema":{"@context":"https:\/\/schema.org","@graph":[{"@type":"WebPage","@id":"https:\/\/www.timeonegroup.com\/es\/solucion-co-registracion\/","url":"https:\/\/www.timeonegroup.com\/es\/solucion-co-registracion\/","name":"soluci\u00f3n co-registraci\u00f3n - TimeOne Group - acc\u00e9l\u00e9rateur de business !","isPartOf":{"@id":"https:\/\/www.timeonegroup.com\/es\/#website"},"datePublished":"2019-12-16T00:47:53+00:00","dateModified":"2021-06-10T13:07:37+00:00","breadcrumb":{"@id":"https:\/\/www.timeonegroup.com\/es\/solucion-co-registracion\/#breadcrumb"},"inLanguage":"es","potentialAction":[{"@type":"ReadAction","target":["https:\/\/www.timeonegroup.com\/es\/solucion-co-registracion\/"]}]},{"@type":"BreadcrumbList","@id":"https:\/\/www.timeonegroup.com\/es\/solucion-co-registracion\/#breadcrumb","itemListElement":[{"@type":"ListItem","position":1,"name":"Home","item":"https:\/\/www.timeonegroup.com\/es\/"},{"@type":"ListItem","position":2,"name":"soluci\u00f3n co-registraci\u00f3n"}]},{"@type":"WebSite","@id":"https:\/\/www.timeonegroup.com\/es\/#website","url":"https:\/\/www.timeonegroup.com\/es\/","name":"TimeOne Group - acc\u00e9l\u00e9rateur de business !","description":"TimeOne Group - acc\u00e9l\u00e9rateur de business","publisher":{"@id":"https:\/\/www.timeonegroup.com\/es\/#organization"},"potentialAction":[{"@type":"SearchAction","target":{"@type":"EntryPoint","urlTemplate":"https:\/\/www.timeonegroup.com\/es\/?s={search_term_string}"},"query-input":{"@type":"PropertyValueSpecification","valueRequired":true,"valueName":"search_term_string"}}],"inLanguage":"es"},{"@type":"Organization","@id":"https:\/\/www.timeonegroup.com\/es\/#organization","name":"TimeOne Group","url":"https:\/\/www.timeonegroup.com\/es\/","logo":{"@type":"ImageObject","inLanguage":"es","@id":"https:\/\/www.timeonegroup.com\/es\/#\/schema\/logo\/image\/","url":"https:\/\/www.timeonegroup.com\/wp-content\/uploads\/sites\/4\/2020\/06\/cartouche_timeoneGroupe_bleujaune_low_png-1.png","contentUrl":"https:\/\/www.timeonegroup.com\/wp-content\/uploads\/sites\/4\/2020\/06\/cartouche_timeoneGroupe_bleujaune_low_png-1.png","width":200,"height":193,"caption":"TimeOne Group"},"image":{"@id":"https:\/\/www.timeonegroup.com\/es\/#\/schema\/logo\/image\/"},"sameAs":["https:\/\/www.facebook.com\/timeonegroup\/","https:\/\/x.com\/TimeOneGroup","https:\/\/www.linkedin.com\/company\/timeone\/","https:\/\/www.youtube.com\/channel\/UC0N9MjXofNR0SKueWIWp1zg"]}]}},"_links":{"self":[{"href":"https:\/\/www.timeonegroup.com\/es\/wp-json\/wp\/v2\/pages\/3039","targetHints":{"allow":["GET"]}}],"collection":[{"href":"https:\/\/www.timeonegroup.com\/es\/wp-json\/wp\/v2\/pages"}],"about":[{"href":"https:\/\/www.timeonegroup.com\/es\/wp-json\/wp\/v2\/types\/page"}],"author":[{"embeddable":true,"href":"https:\/\/www.timeonegroup.com\/es\/wp-json\/wp\/v2\/users\/6"}],"replies":[{"embeddable":true,"href":"https:\/\/www.timeonegroup.com\/es\/wp-json\/wp\/v2\/comments?post=3039"}],"version-history":[{"count":0,"href":"https:\/\/www.timeonegroup.com\/es\/wp-json\/wp\/v2\/pages\/3039\/revisions"}],"wp:attachment":[{"href":"https:\/\/www.timeonegroup.com\/es\/wp-json\/wp\/v2\/media?parent=3039"}],"curies":[{"name":"wp","href":"https:\/\/api.w.org\/{rel}","templated":true}]}}