{"id":3036,"date":"2019-12-16T01:24:26","date_gmt":"2019-12-16T00:24:26","guid":{"rendered":"https:\/\/www.timeonegroup.com\/unete-a-nosotros\/"},"modified":"2021-06-10T15:06:51","modified_gmt":"2021-06-10T13:06:51","slug":"unete-a-nosotros","status":"publish","type":"page","link":"https:\/\/www.timeonegroup.com\/es\/unete-a-nosotros\/","title":{"rendered":"\u00danete a nosotros"},"content":{"rendered":"<p>[et_pb_section fb_built=\u00bb1&#8243; _builder_version=\u00bb4.9.4&#8243; background_color=\u00bbrgba(0,0,0,0)\u00bb background_image=\u00bbhttps:\/\/www.timeonegroup.com\/wp-content\/uploads\/sites\/4\/2021\/06\/we-are-one-2.jpg\u00bb custom_padding=\u00bb||3px|||\u00bb][et_pb_row column_structure=\u00bb1_2,1_2&#8243; _builder_version=\u00bb4.9.4&#8243; background_enable_image=\u00bboff\u00bb background_size=\u00bbcontain\u00bb background_position=\u00bbcenter_left\u00bb custom_margin=\u00bb-66px|auto|141px|auto||\u00bb custom_margin_tablet=\u00bb\u00bb custom_margin_phone=\u00bb-60px||81px||false|false\u00bb custom_margin_last_edited=\u00bbon|phone\u00bb custom_padding=\u00bb0px||23px|||\u00bb][et_pb_column type=\u00bb1_2&#8243; _builder_version=\u00bb4.0.4&#8243;][et_pb_text _builder_version=\u00bb4.0.9&#8243; text_font=\u00bb|600||on|||||\u00bb text_text_color=\u00bb#ffffff\u00bb text_font_size=\u00bb52px\u00bb text_line_height=\u00bb0.2em\u00bb custom_margin=\u00bb270px||-7px|||\u00bb custom_margin_tablet=\u00bb283px||-33px||false|false\u00bb custom_margin_phone=\u00bb237px||-49px||false|false\u00bb custom_margin_last_edited=\u00bbon|phone\u00bb custom_padding=\u00bb|0px|0px|25px|false|false\u00bb custom_padding_tablet=\u00bb\u00bb custom_padding_phone=\u00bb||0px||false|false\u00bb custom_padding_last_edited=\u00bbon|phone\u00bb text_font_size_tablet=\u00bb33px\u00bb text_font_size_phone=\u00bb30px\u00bb text_font_size_last_edited=\u00bbon|phone\u00bb text_line_height_tablet=\u00bb\u00bb text_line_height_phone=\u00bb1em\u00bb text_line_height_last_edited=\u00bbon|phone\u00bb]\u00daNETE<\/p>\n<p>A NOSOTROS[\/et_pb_text][\/et_pb_column][et_pb_column type=\u00bb1_2&#8243; _builder_version=\u00bb4.0.4&#8243;][et_pb_image src=\u00bbhttps:\/\/www.timeonegroup.com\/wp-content\/uploads\/sites\/4\/2021\/06\/logoVERTICALMAIL_FD_BLEU_RVB-300&#215;86.png\u00bb align=\u00bbright\u00bb _builder_version=\u00bb4.9.4&#8243; width=\u00bb60.4%\u00bb width_tablet=\u00bb30%\u00bb width_phone=\u00bb33%\u00bb width_last_edited=\u00bbon|desktop\u00bb custom_margin=\u00bb35px||||false|false\u00bb custom_margin_tablet=\u00bb-259px|-1px|||false|false\u00bb custom_margin_phone=\u00bb-264px|1px|||false|false\u00bb custom_margin_last_edited=\u00bbon|phone\u00bb custom_padding_tablet=\u00bb\u00bb custom_padding_phone=\u00bb\u00bb custom_padding_last_edited=\u00bbon|tablet\u00bb hover_enabled=\u00bb0&#8243; saved_tabs=\u00bball\u00bb title_text=\u00bblogoVERTICALMAIL_FD_BLEU_RVB\u00bb sticky_enabled=\u00bb0&#8243; custom_padding=\u00bb|||0px||\u00bb][\/et_pb_image][\/et_pb_column][\/et_pb_row][\/et_pb_section][et_pb_section fb_built=\u00bb1&#8243; _builder_version=\u00bb4.0.4&#8243; background_enable_image=\u00bboff\u00bb background_size=\u00bbcontain\u00bb background_position=\u00bbtop_left\u00bb width=\u00bb100%\u00bb custom_margin=\u00bb35px|||||\u00bb custom_padding=\u00bb7px||0px|257px||\u00bb][\/et_pb_section][et_pb_section fb_built=\u00bb1&#8243; _builder_version=\u00bb4.0.4&#8243; custom_margin=\u00bb-71px|-146px||||\u00bb custom_padding=\u00bb0px||0px|||\u00bb][et_pb_row _builder_version=\u00bb4.0.7&#8243; custom_margin=\u00bb4px|auto||137px|false|false\u00bb custom_padding=\u00bb14px|0px|18px|0px|false|true\u00bb][et_pb_column type=\u00bb4_4&#8243; _builder_version=\u00bb4.0.4&#8243;][et_pb_text content_tablet=\u00bb\u00bb content_phone=\u00bb<\/p>\n<p>\u00bfPorqu\u00e9 formar<\/p>\n<p>parte de la<\/p>\n<p>aventura Timeone?<\/p>\n<p>\u00bb content_last_edited=\u00bbon|phone\u00bb _builder_version=\u00bb4.0.11&#8243; text_font=\u00bb|600||on|||||\u00bb text_font_size=\u00bb37px\u00bb text_line_height=\u00bb0.3em\u00bb custom_margin=\u00bb35px|||-2px|false|false\u00bb custom_margin_tablet=\u00bb13px|||-225px|false|false\u00bb custom_margin_phone=\u00bb28px|||-305px|false|false\u00bb custom_margin_last_edited=\u00bbon|phone\u00bb custom_padding=\u00bb|||0px||\u00bb animation_style=\u00bbfade\u00bb text_font_tablet=\u00bb\u00bb text_font_phone=\u00bb\u00bb text_font_last_edited=\u00bbon|phone\u00bb text_font_size_tablet=\u00bb\u00bb text_font_size_phone=\u00bb28px\u00bb text_font_size_last_edited=\u00bbon|phone\u00bb text_orientation_tablet=\u00bbcenter\u00bb text_orientation_phone=\u00bbcenter\u00bb text_orientation_last_edited=\u00bbon|phone\u00bb custom_margin__hover_enabled=\u00bbon|desktop\u00bb]\u00bfPorqu\u00e9 formar parte<\/p>\n<p>de la aventura Timeone?[\/et_pb_text][et_pb_text content_tablet=\u00bb<\/p>\n<p style=%22text-align: center;%22>Durante m\u00e1s de 15 a\u00f1os, hemos estado acompa\u00f1ando y contribuyendo al \u00e9xito de nuestros clientes. Pero m\u00e1s all\u00e1 de los resultados, <strong>Time<\/strong>One es una empresa en la que siempre es bueno trabajar: din\u00e1mica, responsable, orientada al futuro e innovadora para poder afrontar siempre nuevos retos.<\/p>\n<p style=%22text-align: center;%22>Unirse a <strong>Time<\/strong>One significa formar parte de un proyecto com\u00fan en el que los trabajadores tienen un peso fundamental.<\/p>\n<p style=%22text-align: center;%22><strong>Time<\/strong>One es una empresa de proyectos experta en su sector, donde disfrutamos con lo que hacemos, asumimos retos y queremos comunicarnos y compartir con nuestros equipos. Si te reconoces en nuestros valores, \u00a1\u00fanete a nosotros!<\/p>\n<p>\u00bb content_phone=\u00bb<\/p>\n<p style=%22text-align: center;%22>Durante m\u00e1s de 15 a\u00f1os, hemos estado acompa\u00f1ando y contribuyendo al \u00e9xito de nuestros clientes. Pero m\u00e1s all\u00e1 de los resultados, <strong>Time<\/strong>One es una empresa en la que siempre es bueno trabajar: din\u00e1mica, responsable, orientada al futuro e innovadora para poder afrontar siempre nuevos retos.<\/p>\n<p style=%22text-align: center;%22>Unirse a <strong>Time<\/strong>One significa formar parte de un proyecto com\u00fan en el que los trabajadores tienen un peso fundamental.<\/p>\n<p style=%22text-align: center;%22><strong>Time<\/strong>One es una empresa de proyectos experta en su sector, donde disfrutamos con lo que hacemos, asumimos retos y queremos comunicarnos y compartir con nuestros equipos. Si te reconoces en nuestros valores, \u00a1\u00fanete a nosotros!<\/p>\n<p>\u00bb content_last_edited=\u00bboff|desktop\u00bb _builder_version=\u00bb4.0.11&#8243; text_text_color=\u00bb#000000&#8243; text_font_size=\u00bb16px\u00bb text_line_height=\u00bb1.8em\u00bb width=\u00bb101.7%\u00bb custom_margin=\u00bb53px|-107px||-1px||\u00bb custom_margin_tablet=\u00bb|||-53px|false|false\u00bb custom_margin_phone=\u00bb|||-90px|false|false\u00bb custom_margin_last_edited=\u00bbon|phone\u00bb custom_padding=\u00bb|131px|||false|false\u00bb text_font_size_tablet=\u00bb\u00bb text_font_size_phone=\u00bb\u00bb text_font_size_last_edited=\u00bbon|phone\u00bb text_orientation_tablet=\u00bbcenter\u00bb text_orientation_phone=\u00bbcenter\u00bb text_orientation_last_edited=\u00bbon|phone\u00bb]<\/p>\n<p style=\"text-align: justify;\">Durante m\u00e1s de 15 a\u00f1os, hemos estado acompa\u00f1ando y contribuyendo al \u00e9xito de nuestros clientes. Pero, m\u00e1s all\u00e1 de los resultados, <strong>Time<\/strong>One es una empresa en la que trabajar: din\u00e1mica, responsable, orientada al futuro e innovadora, para poder afrontar nuevos retos cada d\u00eda.<\/p>\n<p style=\"text-align: justify;\">Unirte a <strong>Time<\/strong>One significa formar parte de un proyecto com\u00fan en el que sus trabajadores tienen un papel fundamental.<\/p>\n<p style=\"text-align: justify;\"><strong>Time<\/strong>One es una compa\u00f1\u00eda experta en su sector, en la que disfrutamos con lo que hacemos, asumimos retos y disfrutamos comunic\u00e1ndonos y compartiendo con nuestros equipos. Si te reconoces en nuestros valores, \u00a1\u00fanete a nosotros!<\/p>\n<p style=\"text-align: justify;\">Unirse a <strong>Time<\/strong>One significa formar parte de un proyecto com\u00fan en el que los trabajadores tienen un peso fundamental.<\/p>\n<p style=\"text-align: justify;\"><strong>Time<\/strong>One es una empresa de proyectos experta en su sector, donde disfrutamos con lo que hacemos, asumimos retos y queremos comunicarnos y compartir con nuestros equipos. Si te reconoces en nuestros valores, \u00a1\u00fanete a nosotros!<\/p>\n<p>[\/et_pb_text][\/et_pb_column][\/et_pb_row][et_pb_row custom_padding_last_edited=\u00bbon|tablet\u00bb _builder_version=\u00bb4.0.7&#8243; width=\u00bb70.7%\u00bb custom_margin=\u00bb|auto||180px|false|false\u00bb custom_margin_tablet=\u00bb|auto||246px|false|false\u00bb custom_margin_phone=\u00bb\u00bb custom_margin_last_edited=\u00bbon|tablet\u00bb custom_padding_tablet=\u00bb|||0px|false|false\u00bb custom_padding_phone=\u00bb\u00bb][et_pb_column type=\u00bb4_4&#8243; _builder_version=\u00bb4.0.7&#8243;][et_pb_code _builder_version=\u00bb4.0.9&#8243; background_color=\u00bb#f9f9f9&#8243; text_orientation=\u00bbleft\u00bb width=\u00bb91.8%\u00bb custom_margin=\u00bb|228px||6px|false|false\u00bb custom_margin_tablet=\u00bb|||-155px|false|false\u00bb custom_margin_phone=\u00bb|243px||-212px|false|false\u00bb custom_margin_last_edited=\u00bbon|tablet\u00bb custom_padding=\u00bb11px|11px|11px|26px|false|false\u00bb custom_padding_tablet=\u00bb|||23px|false|false\u00bb custom_padding_phone=\u00bb|||19px|false|false\u00bb custom_padding_last_edited=\u00bbon|tablet\u00bb background_color_phone=\u00bb#ffffff\u00bb background_last_edited=\u00bbon|phone\u00bb background_enable_color_phone=\u00bbon\u00bb]<script src='https:\/\/www.welcomekit.co\/assets\/embed.js' type='text\/javascript'><\/script><!-- [et_pb_line_break_holder] --><script type='text\/javascript'><!-- [et_pb_line_break_holder] -->  welcomeKitReady(function() {<!-- [et_pb_line_break_holder] -->    var wk = new WelcomeKitEmbed('5xao5Lr')<!-- [et_pb_line_break_holder] -->    wk.group('job')<!-- [et_pb_line_break_holder] -->    wk.display([\"officeCity\"])<!-- [et_pb_line_break_holder] -->    wk.locale('es')<!-- [et_pb_line_break_holder] -->    wk.website('wttj_fr')<!-- [et_pb_line_break_holder] -->    wk.render()<!-- [et_pb_line_break_holder] -->  })<!-- [et_pb_line_break_holder] --><\/script><!-- [et_pb_line_break_holder] --><\/p>\n<div id='welcomekit-embed'><\/div>\n<p>[\/et_pb_code][\/et_pb_column][\/et_pb_row][\/et_pb_section][et_pb_section fb_built=\u00bb1&#8243; disabled_on=\u00bboff|on|on\u00bb _builder_version=\u00bb4.0.7&#8243; custom_padding=\u00bb0px||19px|||\u00bb][et_pb_row _builder_version=\u00bb4.0.7&#8243; custom_margin=\u00bb0px||||false|false\u00bb custom_padding=\u00bb0px||||false|false\u00bb][et_pb_column type=\u00bb4_4&#8243; _builder_version=\u00bb4.0.7&#8243;][et_pb_text _builder_version=\u00bb4.9.4&#8243; text_text_color=\u00bb#ffffff\u00bb background_color=\u00bb#3B3BFF\u00bb custom_margin=\u00bb8px||8px||true|false\u00bb custom_padding=\u00bb10px|12px|11px|12px||\u00bb]<\/p>\n<p style=\"text-align: center;\">\u00bfNinguna de nuestras ofertas te encaja, pero tienes talento y cualidades que mostrarnos? Env\u00edanos tu CV, carta de presentaci\u00f3n y valor a\u00f1adido a <span style=\"color: #07257f;\"><a href=\"mailto:careers@timeonegroup.com\" style=\"color: #07257f;\">careers@timeonegroup.com<\/a><\/span>.<\/p>\n<p style=\"text-align: center;\">Nos pondremos en contacto contigo si tu perfil encaja con nosotros.<\/p>\n<p>[\/et_pb_text][\/et_pb_column][\/et_pb_row][\/et_pb_section][et_pb_section fb_built=\u00bb1&#8243; disabled_on=\u00bbon|off|off\u00bb _builder_version=\u00bb4.0.7&#8243; custom_margin=\u00bb-38px|||||\u00bb custom_padding=\u00bb0px||7px|||\u00bb][et_pb_row _builder_version=\u00bb4.0.7&#8243; width=\u00bb76%\u00bb custom_margin=\u00bb|auto||301px|false|false\u00bb custom_margin_tablet=\u00bb|auto||86px|false|false\u00bb custom_margin_phone=\u00bb|||58px|false|false\u00bb custom_margin_last_edited=\u00bbon|tablet\u00bb][et_pb_column type=\u00bb4_4&#8243; _builder_version=\u00bb4.0.7&#8243;][et_pb_text _builder_version=\u00bb4.9.4&#8243; text_text_color=\u00bb#ffffff\u00bb background_color=\u00bb#3B3BFF\u00bb width=\u00bb64.4%\u00bb custom_margin=\u00bb12px|||28px|false|false\u00bb custom_margin_tablet=\u00bb|||111px|false|false\u00bb custom_margin_phone=\u00bb|||76px|false|false\u00bb custom_margin_last_edited=\u00bbon|tablet\u00bb custom_padding=\u00bb17px|35px|23px|27px|false|false\u00bb]<\/p>\n<p style=\"text-align: center;\">\u00bfNinguna de nuestras ofertas te encaja, pero tienes talento y cualidades que mostrarnos? Env\u00edanos tu CV, carta de presentaci\u00f3n y valor a\u00f1adido a\u00a0<span style=\"color: #06207f;\"><a href=\"mailto:careers@timeonegroup.com\" style=\"color: #06207f;\">careers@timeonegroup.com<\/a><\/span>.\u00a0Nos pondremos en contacto contigo si tu perfil encaja con nosotros.<\/p>\n<p>[\/et_pb_text][\/et_pb_column][\/et_pb_row][\/et_pb_section][et_pb_section fb_built=\u00bb1&#8243; _builder_version=\u00bb4.0.7&#8243; background_image=\u00bbhttps:\/\/www.timeonegroup.com\/wp-content\/uploads\/sites\/4\/2019\/11\/FOND-PAGE-OBJECTIF-14-14-1.png\u00bb background_position=\u00bbtop_center\u00bb custom_padding=\u00bb0px||0px|||\u00bb background_last_edited=\u00bbon|phone\u00bb use_background_color_gradient_phone=\u00bbon\u00bb background_color_gradient_start_phone=\u00bb#FCC544&#8243; background_color_gradient_end_phone=\u00bb#ffffff\u00bb background_enable_image_phone=\u00bboff\u00bb background_size_phone=\u00bbinitial\u00bb][et_pb_row _builder_version=\u00bb4.0.7&#8243; custom_padding=\u00bb9px||38px|||\u00bb][et_pb_column type=\u00bb4_4&#8243; _builder_version=\u00bb4.0.4&#8243;][et_pb_text _builder_version=\u00bb4.0.11&#8243; text_font_size=\u00bb19px\u00bb text_line_height=\u00bb1.8em\u00bb custom_padding=\u00bb19px|38px|0px|57px||\u00bb custom_padding_tablet=\u00bb\u00bb custom_padding_phone=\u00bb|0px||0px|false|true\u00bb custom_padding_last_edited=\u00bbon|phone\u00bb]<\/p>\n<p style=\"text-align: center;\">TimeOne ofrece oportunidades profesionales apasionantes, en un ambiente amigable. Explora Welcome To The Jungle para descubrir m\u00e1s sobre la cultura, las herramientas, la filosof\u00eda y las oportunidades de trabajo de TimeOne.<\/p>\n<p>[\/et_pb_text][\/et_pb_column][\/et_pb_row][\/et_pb_section][et_pb_section fb_built=\u00bb1&#8243; _builder_version=\u00bb4.0.7&#8243; custom_padding=\u00bb||32px|||\u00bb][et_pb_row _builder_version=\u00bb4.0.7&#8243; custom_margin=\u00bb-32px|auto||auto||\u00bb][et_pb_column type=\u00bb4_4&#8243; _builder_version=\u00bb4.0.7&#8243;][et_pb_gallery gallery_ids=\u00bb1264,1267,1270,1273,1276,1279,1282,1285&#8243; show_title_and_caption=\u00bboff\u00bb show_pagination=\u00bboff\u00bb zoom_icon_color=\u00bb#eda900&#8243; hover_overlay_color=\u00bbrgba(237,169,0,0.24)\u00bb _builder_version=\u00bb4.0.7&#8243; custom_margin=\u00bb||-56px|||\u00bb show_title_and_caption__hover_enabled=\u00bbon|desktop\u00bb][\/et_pb_gallery][et_pb_button button_url=\u00bb@ET-DC@eyJkeW5hbWljIjp0cnVlLCJjb250ZW50IjoicG9zdF9saW5rX3VybF9wYWdlIiwic2V0dGluZ3MiOnsicG9zdF9pZCI6IjEyODcifX0=@\u00bb button_text=\u00bbDESCUBRE LA VIDA DE LA EMPRESA\u00bb button_alignment=\u00bbcenter\u00bb _builder_version=\u00bb4.9.4&#8243; _dynamic_attributes=\u00bbbutton_url\u00bb custom_button=\u00bbon\u00bb button_text_color=\u00bb#3B3BFF\u00bb button_font=\u00bb|600|||||||\u00bb custom_margin=\u00bb59px|||35px|false|false\u00bb custom_margin_tablet=\u00bb\u00bb custom_margin_phone=\u00bb59px|||-4px|false|false\u00bb custom_margin_last_edited=\u00bbon|phone\u00bb custom_padding=\u00bb3px|||||\u00bb button_bg_color__hover_enabled=\u00bbon|desktop\u00bb button_bg_color__hover=\u00bb#eda900&#8243; button_bg_enable_color__hover=\u00bbon\u00bb button_text_color__hover_enabled=\u00bbon|hover\u00bb button_text_color__hover=\u00bb#ffffff\u00bb][\/et_pb_button][\/et_pb_column][\/et_pb_row][\/et_pb_section]<\/p>\n","protected":false},"excerpt":{"rendered":"<p>\u00daNETE A NOSOTROS\u00bfPorqu\u00e9 formar parte de la aventura Timeone?Durante m\u00e1s de 15 a\u00f1os, hemos estado acompa\u00f1ando y contribuyendo al \u00e9xito de nuestros clientes. Pero, m\u00e1s all\u00e1 de los resultados, TimeOne es una empresa en la que trabajar: din\u00e1mica, responsable, orientada al futuro e innovadora, para poder afrontar nuevos retos cada d\u00eda. Unirte a TimeOne significa [&hellip;]<\/p>\n","protected":false},"author":6,"featured_media":0,"parent":0,"menu_order":0,"comment_status":"closed","ping_status":"closed","template":"","meta":{"_et_pb_use_builder":"on","_et_pb_old_content":"","_et_gb_content_width":"","footnotes":""},"class_list":["post-3036","page","type-page","status-publish","hentry"],"yoast_head":"<!-- This site is optimized with the Yoast SEO plugin v26.8 - https:\/\/yoast.com\/product\/yoast-seo-wordpress\/ -->\n<title>\u00danete a nosotros - TimeOne Group - acc\u00e9l\u00e9rateur de business !<\/title>\n<meta name=\"robots\" content=\"index, follow, max-snippet:-1, max-image-preview:large, max-video-preview:-1\" \/>\n<link rel=\"canonical\" href=\"https:\/\/www.timeonegroup.com\/es\/unete-a-nosotros\/\" \/>\n<meta property=\"og:locale\" content=\"es_ES\" \/>\n<meta property=\"og:type\" content=\"article\" \/>\n<meta property=\"og:title\" content=\"\u00danete a nosotros - TimeOne Group - acc\u00e9l\u00e9rateur de business !\" \/>\n<meta property=\"og:description\" content=\"\u00daNETE A NOSOTROS\u00bfPorqu\u00e9 formar parte de la aventura Timeone?Durante m\u00e1s de 15 a\u00f1os, hemos estado acompa\u00f1ando y contribuyendo al \u00e9xito de nuestros clientes. Pero, m\u00e1s all\u00e1 de los resultados, TimeOne es una empresa en la que trabajar: din\u00e1mica, responsable, orientada al futuro e innovadora, para poder afrontar nuevos retos cada d\u00eda. Unirte a TimeOne significa [&hellip;]\" \/>\n<meta property=\"og:url\" content=\"https:\/\/www.timeonegroup.com\/es\/unete-a-nosotros\/\" \/>\n<meta property=\"og:site_name\" content=\"TimeOne Group - acc\u00e9l\u00e9rateur de business !\" \/>\n<meta property=\"article:publisher\" content=\"https:\/\/www.facebook.com\/timeonegroup\/\" \/>\n<meta property=\"article:modified_time\" content=\"2021-06-10T13:06:51+00:00\" \/>\n<meta name=\"twitter:card\" content=\"summary_large_image\" \/>\n<meta name=\"twitter:site\" content=\"@TimeOneGroup\" \/>\n<meta name=\"twitter:label1\" content=\"Tiempo de lectura\" \/>\n\t<meta name=\"twitter:data1\" content=\"9 minutos\" \/>\n<script type=\"application\/ld+json\" class=\"yoast-schema-graph\">{\"@context\":\"https:\/\/schema.org\",\"@graph\":[{\"@type\":\"WebPage\",\"@id\":\"https:\/\/www.timeonegroup.com\/es\/unete-a-nosotros\/\",\"url\":\"https:\/\/www.timeonegroup.com\/es\/unete-a-nosotros\/\",\"name\":\"\u00danete a nosotros - TimeOne Group - acc\u00e9l\u00e9rateur de business !\",\"isPartOf\":{\"@id\":\"https:\/\/www.timeonegroup.com\/es\/#website\"},\"datePublished\":\"2019-12-16T00:24:26+00:00\",\"dateModified\":\"2021-06-10T13:06:51+00:00\",\"breadcrumb\":{\"@id\":\"https:\/\/www.timeonegroup.com\/es\/unete-a-nosotros\/#breadcrumb\"},\"inLanguage\":\"es\",\"potentialAction\":[{\"@type\":\"ReadAction\",\"target\":[\"https:\/\/www.timeonegroup.com\/es\/unete-a-nosotros\/\"]}]},{\"@type\":\"BreadcrumbList\",\"@id\":\"https:\/\/www.timeonegroup.com\/es\/unete-a-nosotros\/#breadcrumb\",\"itemListElement\":[{\"@type\":\"ListItem\",\"position\":1,\"name\":\"Home\",\"item\":\"https:\/\/www.timeonegroup.com\/es\/\"},{\"@type\":\"ListItem\",\"position\":2,\"name\":\"\u00danete a nosotros\"}]},{\"@type\":\"WebSite\",\"@id\":\"https:\/\/www.timeonegroup.com\/es\/#website\",\"url\":\"https:\/\/www.timeonegroup.com\/es\/\",\"name\":\"TimeOne Group - acc\u00e9l\u00e9rateur de business !\",\"description\":\"TimeOne Group - acc\u00e9l\u00e9rateur de business\",\"publisher\":{\"@id\":\"https:\/\/www.timeonegroup.com\/es\/#organization\"},\"potentialAction\":[{\"@type\":\"SearchAction\",\"target\":{\"@type\":\"EntryPoint\",\"urlTemplate\":\"https:\/\/www.timeonegroup.com\/es\/?s={search_term_string}\"},\"query-input\":{\"@type\":\"PropertyValueSpecification\",\"valueRequired\":true,\"valueName\":\"search_term_string\"}}],\"inLanguage\":\"es\"},{\"@type\":\"Organization\",\"@id\":\"https:\/\/www.timeonegroup.com\/es\/#organization\",\"name\":\"TimeOne Group\",\"url\":\"https:\/\/www.timeonegroup.com\/es\/\",\"logo\":{\"@type\":\"ImageObject\",\"inLanguage\":\"es\",\"@id\":\"https:\/\/www.timeonegroup.com\/es\/#\/schema\/logo\/image\/\",\"url\":\"https:\/\/www.timeonegroup.com\/wp-content\/uploads\/sites\/4\/2020\/06\/cartouche_timeoneGroupe_bleujaune_low_png-1.png\",\"contentUrl\":\"https:\/\/www.timeonegroup.com\/wp-content\/uploads\/sites\/4\/2020\/06\/cartouche_timeoneGroupe_bleujaune_low_png-1.png\",\"width\":200,\"height\":193,\"caption\":\"TimeOne Group\"},\"image\":{\"@id\":\"https:\/\/www.timeonegroup.com\/es\/#\/schema\/logo\/image\/\"},\"sameAs\":[\"https:\/\/www.facebook.com\/timeonegroup\/\",\"https:\/\/x.com\/TimeOneGroup\",\"https:\/\/www.linkedin.com\/company\/timeone\/\",\"https:\/\/www.youtube.com\/channel\/UC0N9MjXofNR0SKueWIWp1zg\"]}]}<\/script>\n<!-- \/ Yoast SEO plugin. -->","yoast_head_json":{"title":"\u00danete a nosotros - TimeOne Group - acc\u00e9l\u00e9rateur de business !","robots":{"index":"index","follow":"follow","max-snippet":"max-snippet:-1","max-image-preview":"max-image-preview:large","max-video-preview":"max-video-preview:-1"},"canonical":"https:\/\/www.timeonegroup.com\/es\/unete-a-nosotros\/","og_locale":"es_ES","og_type":"article","og_title":"\u00danete a nosotros - TimeOne Group - acc\u00e9l\u00e9rateur de business !","og_description":"\u00daNETE A NOSOTROS\u00bfPorqu\u00e9 formar parte de la aventura Timeone?Durante m\u00e1s de 15 a\u00f1os, hemos estado acompa\u00f1ando y contribuyendo al \u00e9xito de nuestros clientes. Pero, m\u00e1s all\u00e1 de los resultados, TimeOne es una empresa en la que trabajar: din\u00e1mica, responsable, orientada al futuro e innovadora, para poder afrontar nuevos retos cada d\u00eda. Unirte a TimeOne significa [&hellip;]","og_url":"https:\/\/www.timeonegroup.com\/es\/unete-a-nosotros\/","og_site_name":"TimeOne Group - acc\u00e9l\u00e9rateur de business !","article_publisher":"https:\/\/www.facebook.com\/timeonegroup\/","article_modified_time":"2021-06-10T13:06:51+00:00","twitter_card":"summary_large_image","twitter_site":"@TimeOneGroup","twitter_misc":{"Tiempo de lectura":"9 minutos"},"schema":{"@context":"https:\/\/schema.org","@graph":[{"@type":"WebPage","@id":"https:\/\/www.timeonegroup.com\/es\/unete-a-nosotros\/","url":"https:\/\/www.timeonegroup.com\/es\/unete-a-nosotros\/","name":"\u00danete a nosotros - TimeOne Group - acc\u00e9l\u00e9rateur de business !","isPartOf":{"@id":"https:\/\/www.timeonegroup.com\/es\/#website"},"datePublished":"2019-12-16T00:24:26+00:00","dateModified":"2021-06-10T13:06:51+00:00","breadcrumb":{"@id":"https:\/\/www.timeonegroup.com\/es\/unete-a-nosotros\/#breadcrumb"},"inLanguage":"es","potentialAction":[{"@type":"ReadAction","target":["https:\/\/www.timeonegroup.com\/es\/unete-a-nosotros\/"]}]},{"@type":"BreadcrumbList","@id":"https:\/\/www.timeonegroup.com\/es\/unete-a-nosotros\/#breadcrumb","itemListElement":[{"@type":"ListItem","position":1,"name":"Home","item":"https:\/\/www.timeonegroup.com\/es\/"},{"@type":"ListItem","position":2,"name":"\u00danete a nosotros"}]},{"@type":"WebSite","@id":"https:\/\/www.timeonegroup.com\/es\/#website","url":"https:\/\/www.timeonegroup.com\/es\/","name":"TimeOne Group - acc\u00e9l\u00e9rateur de business !","description":"TimeOne Group - acc\u00e9l\u00e9rateur de business","publisher":{"@id":"https:\/\/www.timeonegroup.com\/es\/#organization"},"potentialAction":[{"@type":"SearchAction","target":{"@type":"EntryPoint","urlTemplate":"https:\/\/www.timeonegroup.com\/es\/?s={search_term_string}"},"query-input":{"@type":"PropertyValueSpecification","valueRequired":true,"valueName":"search_term_string"}}],"inLanguage":"es"},{"@type":"Organization","@id":"https:\/\/www.timeonegroup.com\/es\/#organization","name":"TimeOne Group","url":"https:\/\/www.timeonegroup.com\/es\/","logo":{"@type":"ImageObject","inLanguage":"es","@id":"https:\/\/www.timeonegroup.com\/es\/#\/schema\/logo\/image\/","url":"https:\/\/www.timeonegroup.com\/wp-content\/uploads\/sites\/4\/2020\/06\/cartouche_timeoneGroupe_bleujaune_low_png-1.png","contentUrl":"https:\/\/www.timeonegroup.com\/wp-content\/uploads\/sites\/4\/2020\/06\/cartouche_timeoneGroupe_bleujaune_low_png-1.png","width":200,"height":193,"caption":"TimeOne Group"},"image":{"@id":"https:\/\/www.timeonegroup.com\/es\/#\/schema\/logo\/image\/"},"sameAs":["https:\/\/www.facebook.com\/timeonegroup\/","https:\/\/x.com\/TimeOneGroup","https:\/\/www.linkedin.com\/company\/timeone\/","https:\/\/www.youtube.com\/channel\/UC0N9MjXofNR0SKueWIWp1zg"]}]}},"_links":{"self":[{"href":"https:\/\/www.timeonegroup.com\/es\/wp-json\/wp\/v2\/pages\/3036","targetHints":{"allow":["GET"]}}],"collection":[{"href":"https:\/\/www.timeonegroup.com\/es\/wp-json\/wp\/v2\/pages"}],"about":[{"href":"https:\/\/www.timeonegroup.com\/es\/wp-json\/wp\/v2\/types\/page"}],"author":[{"embeddable":true,"href":"https:\/\/www.timeonegroup.com\/es\/wp-json\/wp\/v2\/users\/6"}],"replies":[{"embeddable":true,"href":"https:\/\/www.timeonegroup.com\/es\/wp-json\/wp\/v2\/comments?post=3036"}],"version-history":[{"count":0,"href":"https:\/\/www.timeonegroup.com\/es\/wp-json\/wp\/v2\/pages\/3036\/revisions"}],"wp:attachment":[{"href":"https:\/\/www.timeonegroup.com\/es\/wp-json\/wp\/v2\/media?parent=3036"}],"curies":[{"name":"wp","href":"https:\/\/api.w.org\/{rel}","templated":true}]}}