{"id":3033,"date":"2019-12-16T01:12:31","date_gmt":"2019-12-16T00:12:31","guid":{"rendered":"https:\/\/www.timeonegroup.com\/la-cultura-de-timeone\/"},"modified":"2021-06-10T15:06:33","modified_gmt":"2021-06-10T13:06:33","slug":"la-cultura-de-timeone","status":"publish","type":"page","link":"https:\/\/www.timeonegroup.com\/es\/la-cultura-de-timeone\/","title":{"rendered":"la cultura de Timeone"},"content":{"rendered":"<p>[et_pb_section fb_built=\u00bb1&#8243; _builder_version=\u00bb4.9.4&#8243; background_color=\u00bbrgba(0,0,0,0)\u00bb background_image=\u00bbhttps:\/\/www.timeonegroup.com\/wp-content\/uploads\/sites\/4\/2021\/06\/we-are-one-2.jpg\u00bb min_height=\u00bb402px\u00bb custom_margin_tablet=\u00bb\u00bb custom_margin_phone=\u00bb||27px||false|false\u00bb custom_margin_last_edited=\u00bbon|phone\u00bb custom_padding=\u00bb||19px||false|false\u00bb][et_pb_row column_structure=\u00bb1_2,1_2&#8243; custom_padding_last_edited=\u00bbon|phone\u00bb _builder_version=\u00bb4.9.4&#8243; background_enable_image=\u00bboff\u00bb background_size=\u00bbcontain\u00bb background_position=\u00bbcenter_left\u00bb custom_margin=\u00bb-66px|auto|131px|auto||\u00bb custom_margin_tablet=\u00bb\u00bb custom_margin_phone=\u00bb-66px|auto|116px|auto|false|false\u00bb custom_margin_last_edited=\u00bbon|phone\u00bb custom_padding=\u00bb0px||0px||false|false\u00bb custom_padding_tablet=\u00bb\u00bb custom_padding_phone=\u00bb0px||0px||false|false\u00bb][et_pb_column type=\u00bb1_2&#8243; _builder_version=\u00bb4.0.4&#8243;][et_pb_text content_tablet=\u00bb<\/p>\n<p>la cultura de<\/p>\n<p>los %22timeoners%22<\/p>\n<p>\u00bb content_phone=\u00bb<\/p>\n<p>la cultura<\/p>\n<p>de los<\/p>\n<p>%22timeoners%22<\/p>\n<p>\u00bb content_last_edited=\u00bbon|phone\u00bb _builder_version=\u00bb4.0.9&#8243; text_font=\u00bb|600||on|||||\u00bb text_text_color=\u00bb#ffffff\u00bb text_font_size=\u00bb45px\u00bb text_line_height=\u00bb0.2em\u00bb custom_margin=\u00bb267px|-81px|-7px|||\u00bb custom_margin_tablet=\u00bb279px||-40px||false|false\u00bb custom_margin_phone=\u00bb193px||-19px||false|false\u00bb custom_margin_last_edited=\u00bbon|phone\u00bb custom_padding=\u00bb|0px|22px|25px|false|false\u00bb custom_padding_tablet=\u00bb\u00bb custom_padding_phone=\u00bb0px||0px|25px|false|false\u00bb custom_padding_last_edited=\u00bbon|phone\u00bb text_font_size_tablet=\u00bb33px\u00bb text_font_size_phone=\u00bb30px\u00bb text_font_size_last_edited=\u00bbon|phone\u00bb]la cultura de<\/p>\n<p>los \u00abtimeoners\u00bb[\/et_pb_text][\/et_pb_column][et_pb_column type=\u00bb1_2&#8243; _builder_version=\u00bb4.0.4&#8243;][et_pb_image src=\u00bbhttps:\/\/www.timeonegroup.com\/wp-content\/uploads\/sites\/4\/2021\/06\/logoVERTICALMAIL_FD_BLEU_RVB-300&#215;86.png\u00bb align=\u00bbright\u00bb _builder_version=\u00bb4.9.4&#8243; width=\u00bb60.1%\u00bb width_tablet=\u00bb30%\u00bb width_phone=\u00bb33%\u00bb width_last_edited=\u00bbon|desktop\u00bb custom_margin=\u00bb35px||||false|false\u00bb custom_margin_tablet=\u00bb-265px|-1px|||false|false\u00bb custom_margin_phone=\u00bb-254px|1px|||false|false\u00bb custom_margin_last_edited=\u00bbon|phone\u00bb custom_padding_tablet=\u00bb\u00bb custom_padding_phone=\u00bb\u00bb custom_padding_last_edited=\u00bbon|tablet\u00bb hover_enabled=\u00bb0&#8243; saved_tabs=\u00bball\u00bb title_text=\u00bblogoVERTICALMAIL_FD_BLEU_RVB\u00bb sticky_enabled=\u00bb0&#8243;][\/et_pb_image][\/et_pb_column][\/et_pb_row][\/et_pb_section][et_pb_section fb_built=\u00bb1&#8243; _builder_version=\u00bb4.0.7&#8243; background_enable_image=\u00bboff\u00bb background_size=\u00bbcontain\u00bb background_position=\u00bbtop_left\u00bb width=\u00bb100%\u00bb custom_margin=\u00bb7px|||||\u00bb custom_margin_tablet=\u00bb\u00bb custom_margin_phone=\u00bb4px||||false|false\u00bb custom_margin_last_edited=\u00bbon|phone\u00bb custom_padding=\u00bb0px||0px|257px|false|false\u00bb][\/et_pb_section][et_pb_section fb_built=\u00bb1&#8243; _builder_version=\u00bb4.0.4&#8243; custom_margin=\u00bb-71px|-146px||||\u00bb custom_padding=\u00bb0px||28px|||\u00bb][et_pb_row _builder_version=\u00bb4.0.7&#8243; custom_margin=\u00bb4px|auto|-36px|214px||\u00bb custom_padding=\u00bb14px|181px|18px|||\u00bb][et_pb_column type=\u00bb4_4&#8243; _builder_version=\u00bb4.0.4&#8243;][et_pb_text _builder_version=\u00bb4.0.7&#8243; text_font=\u00bb|600||on|||||\u00bb text_font_size=\u00bb37px\u00bb text_line_height=\u00bb0.3em\u00bb custom_margin=\u00bb35px|||-2px|false|false\u00bb custom_margin_tablet=\u00bb15px|0px||-202px|false|false\u00bb custom_margin_phone=\u00bb31px|-1px||-275px|false|false\u00bb custom_margin_last_edited=\u00bbon|phone\u00bb custom_padding=\u00bb|||0px||\u00bb animation_style=\u00bbfade\u00bb text_font_tablet=\u00bb\u00bb text_font_phone=\u00bb\u00bb text_font_last_edited=\u00bbon|phone\u00bb text_orientation_tablet=\u00bbcenter\u00bb text_orientation_phone=\u00bbcenter\u00bb text_orientation_last_edited=\u00bbon|phone\u00bb custom_margin__hover_enabled=\u00bboff|desktop\u00bb]<\/p>\n<p>we are one<\/p>\n<p>[\/et_pb_text][et_pb_text _builder_version=\u00bb4.0.11&#8243; text_text_color=\u00bb#000000&#8243; text_font_size=\u00bb16px\u00bb text_line_height=\u00bb1.8em\u00bb width=\u00bb101.7%\u00bb custom_margin=\u00bb53px|-107px||-1px||\u00bb custom_margin_tablet=\u00bb52px|-109px||-113px|false|false\u00bb custom_margin_phone=\u00bb52px|-130px||-148px|false|false\u00bb custom_margin_last_edited=\u00bbon|phone\u00bb custom_padding=\u00bb|0px|||false|false\u00bb text_font_tablet=\u00bb\u00bb text_font_phone=\u00bb\u00bb text_font_last_edited=\u00bbon|phone\u00bb text_font_size_tablet=\u00bb\u00bb text_font_size_phone=\u00bb\u00bb text_font_size_last_edited=\u00bbon|phone\u00bb text_orientation_tablet=\u00bbcenter\u00bb text_orientation_phone=\u00bbcenter\u00bb text_orientation_last_edited=\u00bbon|phone\u00bb]<\/p>\n<p style=\"text-align: justify;\">Unirte a <strong>Time<\/strong>One significa formar parte de un proyecto com\u00fan en el que sus trabajadores tienen un papel fundamental. TimeOne considera que el \u00e9xito profesional y el esp\u00edritu de equipo son inseparables.<\/p>\n<p style=\"text-align: justify;\"><strong>Time<\/strong>One pone un empe\u00f1o especial en fomentar el <em>Team Spirit<\/em>, porque sabemos lo importante que es en la vida de nuestros equipos. Queremos construir un proyecto en el que nuestros colaboradores deseen participar. <strong>Apasionados, Compartiendo, Combativos y Emprendedores, <\/strong>son nuestros valores y queremos compartirlos con nuestros equipos y clientes.<\/p>\n<p>[\/et_pb_text][\/et_pb_column][\/et_pb_row][\/et_pb_section][et_pb_section fb_built=\u00bb1&#8243; _builder_version=\u00bb4.0.7&#8243; background_image=\u00bbhttps:\/\/www.timeonegroup.com\/wp-content\/uploads\/sites\/4\/2019\/12\/FOND-PAGE-OBJECTIF-18-1.png\u00bb background_position=\u00bbtop_center\u00bb custom_margin=\u00bb||14px|||\u00bb custom_padding=\u00bb0px||26px|||\u00bb][et_pb_row column_structure=\u00bb1_2,1_2&#8243; _builder_version=\u00bb4.0.7&#8243; min_height=\u00bb597px\u00bb custom_margin=\u00bb41px|auto|-130px|auto|false|false\u00bb custom_padding=\u00bb59px||14px|||\u00bb][et_pb_column type=\u00bb1_2&#8243; _builder_version=\u00bb4.0.7&#8243;][et_pb_video src=\u00bbhttps:\/\/www.youtube.com\/watch?v=9hLCEDIk4Z0&#8243; _builder_version=\u00bb4.0.7&#8243;][\/et_pb_video][\/et_pb_column][et_pb_column type=\u00bb1_2&#8243; _builder_version=\u00bb4.0.7&#8243;][et_pb_text _builder_version=\u00bb4.0.7&#8243; text_font=\u00bb|600||on|||||\u00bb text_font_size=\u00bb37px\u00bb text_line_height=\u00bb0.3em\u00bb custom_margin=\u00bb35px|||-2px|false|false\u00bb custom_margin_tablet=\u00bb\u00bb custom_margin_phone=\u00bb33px|||107px|false|false\u00bb custom_margin_last_edited=\u00bbon|phone\u00bb custom_padding=\u00bb|||0px||\u00bb animation_style=\u00bbfade\u00bb text_font_tablet=\u00bb\u00bb text_font_phone=\u00bb\u00bb text_font_last_edited=\u00bbon|phone\u00bb text_orientation_tablet=\u00bb\u00bb text_orientation_phone=\u00bbcenter\u00bb text_orientation_last_edited=\u00bbon|phone\u00bb custom_margin__hover_enabled=\u00bbon|desktop\u00bb]<\/p>\n<p style=\"text-align: right\">TEAM Life<\/p>\n<p>[\/et_pb_text][et_pb_text _builder_version=\u00bb4.0.11&#8243; text_text_color=\u00bb#000000&#8243; text_font_size=\u00bb16px\u00bb text_line_height=\u00bb1.8em\u00bb width=\u00bb101.7%\u00bb custom_margin=\u00bb53px|-107px||-1px||\u00bb custom_margin_tablet=\u00bb\u00bb custom_margin_phone=\u00bb41px|-107px|72px|-1px|false|false\u00bb custom_margin_last_edited=\u00bbon|phone\u00bb custom_padding=\u00bb|0px|35px|22px|false|false\u00bb text_font_size_tablet=\u00bb\u00bb text_font_size_phone=\u00bb\u00bb text_font_size_last_edited=\u00bbon|phone\u00bb]<\/p>\n<p style=\"text-align: right;\">En <strong>Time<\/strong>One creemos que el trabajo tambi\u00e9n implica cohesi\u00f3n de equipo. Team Buildings, actividades compartidas, eventos\u2026 Siempre con un toque de buen humor, \u00a1estos son los peque\u00f1os momentos que tambi\u00e9n contribuyen a la vida de la empresa!<\/p>\n<p>[\/et_pb_text][\/et_pb_column][\/et_pb_row][\/et_pb_section][et_pb_section fb_built=\u00bb1&#8243; _builder_version=\u00bb4.0.7&#8243;][et_pb_row column_structure=\u00bb1_3,1_3,1_3&#8243; _builder_version=\u00bb4.0.7&#8243; min_height=\u00bb240px\u00bb custom_margin=\u00bb-128px|auto||auto|false|false\u00bb custom_margin_tablet=\u00bb\u00bb custom_margin_phone=\u00bb0px|auto||auto|false|false\u00bb custom_margin_last_edited=\u00bbon|phone\u00bb custom_padding=\u00bb3px||||false|false\u00bb][et_pb_column type=\u00bb1_3&#8243; _builder_version=\u00bb4.0.7&#8243;][et_pb_gallery gallery_ids=\u00bb10830,1297,1300,1303,1306&#8243; posts_number=\u00bb1&#8243; show_title_and_caption=\u00bboff\u00bb show_pagination=\u00bboff\u00bb zoom_icon_color=\u00bb#FCC544&#8243; hover_overlay_color=\u00bbrgba(255,255,255,0.76)\u00bb _builder_version=\u00bb4.0.9&#8243; caption_text_color=\u00bb#FCC544&#8243; custom_margin=\u00bb||0px||false|false\u00bb custom_margin_tablet=\u00bb||1px||false|false\u00bb custom_margin_phone=\u00bb\u00bb custom_margin_last_edited=\u00bbon|tablet\u00bb custom_padding_tablet=\u00bb||0px||false|false\u00bb custom_padding_phone=\u00bb\u00bb custom_padding_last_edited=\u00bbon|tablet\u00bb][\/et_pb_gallery][\/et_pb_column][et_pb_column type=\u00bb1_3&#8243; _builder_version=\u00bb4.0.7&#8243;][et_pb_gallery gallery_ids=\u00bb10827,1309,1312,1315,1318,1321&#8243; posts_number=\u00bb1&#8243; show_title_and_caption=\u00bboff\u00bb show_pagination=\u00bboff\u00bb zoom_icon_color=\u00bb#FCC544&#8243; _builder_version=\u00bb4.0.9&#8243; custom_margin=\u00bb-2px|||||\u00bb][\/et_pb_gallery][\/et_pb_column][et_pb_column type=\u00bb1_3&#8243; _builder_version=\u00bb4.0.7&#8243;][et_pb_gallery gallery_ids=\u00bb10833,1327,1330,1333,1336,1339,1342,1345&#8243; posts_number=\u00bb1&#8243; show_title_and_caption=\u00bboff\u00bb show_pagination=\u00bboff\u00bb zoom_icon_color=\u00bb#FCC544&#8243; _builder_version=\u00bb4.0.9&#8243;][\/et_pb_gallery][\/et_pb_column][\/et_pb_row][et_pb_row column_structure=\u00bb1_3,1_3,1_3&#8243; _builder_version=\u00bb4.0.7&#8243; width_tablet=\u00bb21%\u00bb width_phone=\u00bb79%\u00bb width_last_edited=\u00bbon|tablet\u00bb custom_margin=\u00bb|auto|-15px|341px||\u00bb custom_margin_tablet=\u00bb-37px||-16px|225px|false|false\u00bb custom_margin_phone=\u00bb-61px|auto|-15px|44px|false|false\u00bb custom_margin_last_edited=\u00bbon|phone\u00bb custom_padding=\u00bb||0px|||\u00bb][et_pb_column type=\u00bb1_3&#8243; _builder_version=\u00bb4.0.7&#8243;][et_pb_video src=\u00bbhttps:\/\/www.youtube.com\/watch?v=BFYUglO7tmI\u00bb _builder_version=\u00bb4.0.7&#8243; custom_margin_tablet=\u00bb\u00bb custom_margin_phone=\u00bb16px||||false|false\u00bb custom_margin_last_edited=\u00bbon|phone\u00bb][\/et_pb_video][\/et_pb_column][et_pb_column type=\u00bb1_3&#8243; _builder_version=\u00bb4.0.7&#8243;][et_pb_gallery gallery_ids=\u00bb10836,1348,1351,1354,1357&#8243; posts_number=\u00bb1&#8243; show_title_and_caption=\u00bboff\u00bb show_pagination=\u00bboff\u00bb zoom_icon_color=\u00bb#FCC544&#8243; _builder_version=\u00bb4.0.9&#8243; width=\u00bb83.7%\u00bb width_tablet=\u00bb337%\u00bb width_phone=\u00bb99.6%\u00bb width_last_edited=\u00bbon|phone\u00bb custom_margin=\u00bb|20px||||\u00bb custom_margin_tablet=\u00bb45px||||false|false\u00bb custom_margin_phone=\u00bb|-4px|||false|false\u00bb custom_margin_last_edited=\u00bbon|phone\u00bb custom_padding=\u00bb|0px|||false|false\u00bb][\/et_pb_gallery][\/et_pb_column][et_pb_column type=\u00bb1_3&#8243; _builder_version=\u00bb4.0.7&#8243;][\/et_pb_column][\/et_pb_row][\/et_pb_section][et_pb_section fb_built=\u00bb1&#8243; _builder_version=\u00bb4.0.7&#8243; custom_margin_tablet=\u00bb\u00bb custom_margin_phone=\u00bb-38px||||false|false\u00bb custom_margin_last_edited=\u00bbon|phone\u00bb custom_padding=\u00bb18px||28px|||\u00bb][et_pb_row _builder_version=\u00bb4.0.7&#8243;][et_pb_column type=\u00bb4_4&#8243; _builder_version=\u00bb4.0.7&#8243;][et_pb_text _builder_version=\u00bb4.9.4&#8243; text_font=\u00bb|600|||||||\u00bb text_text_color=\u00bb#3B3BFF\u00bb text_font_size=\u00bb25px\u00bb text_line_height=\u00bb1.3em\u00bb custom_margin=\u00bb-13px||||false|false\u00bb custom_margin_tablet=\u00bb\u00bb custom_margin_phone=\u00bb-60px||||false|false\u00bb custom_margin_last_edited=\u00bbon|phone\u00bb]<\/p>\n<p style=\"text-align: center;\">\u00bfTe apetece? \u00a1\u00danete a la aventura <strong>Time<\/strong>One!<\/p>\n<p>[\/et_pb_text][et_pb_button button_url=\u00bb@ET-DC@eyJkeW5hbWljIjp0cnVlLCJjb250ZW50IjoicG9zdF9saW5rX3VybF9wYWdlIiwic2V0dGluZ3MiOnsicG9zdF9pZCI6IjM4MSJ9fQ==@\u00bb button_text=\u00bbME INTERESA\u00bb button_alignment=\u00bbcenter\u00bb _builder_version=\u00bb4.9.4&#8243; _dynamic_attributes=\u00bbbutton_url\u00bb custom_button=\u00bbon\u00bb button_text_color=\u00bb#3B3BFF\u00bb custom_margin_tablet=\u00bb-25px||||false|false\u00bb custom_margin_phone=\u00bb-18px||||false|false\u00bb custom_margin_last_edited=\u00bbon|tablet\u00bb][\/et_pb_button][\/et_pb_column][\/et_pb_row][\/et_pb_section]<\/p>\n","protected":false},"excerpt":{"rendered":"<p>la cultura de los \u00abtimeoners\u00bbwe are oneUnirte a TimeOne significa formar parte de un proyecto com\u00fan en el que sus trabajadores tienen un papel fundamental. TimeOne considera que el \u00e9xito profesional y el esp\u00edritu de equipo son inseparables. TimeOne pone un empe\u00f1o especial en fomentar el Team Spirit, porque sabemos lo importante que es en [&hellip;]<\/p>\n","protected":false},"author":6,"featured_media":0,"parent":0,"menu_order":0,"comment_status":"closed","ping_status":"closed","template":"","meta":{"_et_pb_use_builder":"on","_et_pb_old_content":"","_et_gb_content_width":"","footnotes":""},"class_list":["post-3033","page","type-page","status-publish","hentry"],"yoast_head":"<!-- This site is optimized with the Yoast SEO plugin v26.8 - https:\/\/yoast.com\/product\/yoast-seo-wordpress\/ -->\n<title>la cultura de Timeone - TimeOne Group - acc\u00e9l\u00e9rateur de business !<\/title>\n<meta name=\"robots\" content=\"index, follow, max-snippet:-1, max-image-preview:large, max-video-preview:-1\" \/>\n<link rel=\"canonical\" href=\"https:\/\/www.timeonegroup.com\/es\/la-cultura-de-timeone\/\" \/>\n<meta property=\"og:locale\" content=\"es_ES\" \/>\n<meta property=\"og:type\" content=\"article\" \/>\n<meta property=\"og:title\" content=\"la cultura de Timeone - TimeOne Group - acc\u00e9l\u00e9rateur de business !\" \/>\n<meta property=\"og:description\" content=\"la cultura de los &quot;timeoners&quot;we are oneUnirte a TimeOne significa formar parte de un proyecto com\u00fan en el que sus trabajadores tienen un papel fundamental. TimeOne considera que el \u00e9xito profesional y el esp\u00edritu de equipo son inseparables. TimeOne pone un empe\u00f1o especial en fomentar el Team Spirit, porque sabemos lo importante que es en [&hellip;]\" \/>\n<meta property=\"og:url\" content=\"https:\/\/www.timeonegroup.com\/es\/la-cultura-de-timeone\/\" \/>\n<meta property=\"og:site_name\" content=\"TimeOne Group - acc\u00e9l\u00e9rateur de business !\" \/>\n<meta property=\"article:publisher\" content=\"https:\/\/www.facebook.com\/timeonegroup\/\" \/>\n<meta property=\"article:modified_time\" content=\"2021-06-10T13:06:33+00:00\" \/>\n<meta name=\"twitter:card\" content=\"summary_large_image\" \/>\n<meta name=\"twitter:site\" content=\"@TimeOneGroup\" \/>\n<meta name=\"twitter:label1\" content=\"Tiempo de lectura\" \/>\n\t<meta name=\"twitter:data1\" content=\"8 minutos\" \/>\n<script type=\"application\/ld+json\" class=\"yoast-schema-graph\">{\"@context\":\"https:\/\/schema.org\",\"@graph\":[{\"@type\":\"WebPage\",\"@id\":\"https:\/\/www.timeonegroup.com\/es\/la-cultura-de-timeone\/\",\"url\":\"https:\/\/www.timeonegroup.com\/es\/la-cultura-de-timeone\/\",\"name\":\"la cultura de Timeone - TimeOne Group - acc\u00e9l\u00e9rateur de business !\",\"isPartOf\":{\"@id\":\"https:\/\/www.timeonegroup.com\/es\/#website\"},\"datePublished\":\"2019-12-16T00:12:31+00:00\",\"dateModified\":\"2021-06-10T13:06:33+00:00\",\"breadcrumb\":{\"@id\":\"https:\/\/www.timeonegroup.com\/es\/la-cultura-de-timeone\/#breadcrumb\"},\"inLanguage\":\"es\",\"potentialAction\":[{\"@type\":\"ReadAction\",\"target\":[\"https:\/\/www.timeonegroup.com\/es\/la-cultura-de-timeone\/\"]}]},{\"@type\":\"BreadcrumbList\",\"@id\":\"https:\/\/www.timeonegroup.com\/es\/la-cultura-de-timeone\/#breadcrumb\",\"itemListElement\":[{\"@type\":\"ListItem\",\"position\":1,\"name\":\"Home\",\"item\":\"https:\/\/www.timeonegroup.com\/es\/\"},{\"@type\":\"ListItem\",\"position\":2,\"name\":\"la cultura de Timeone\"}]},{\"@type\":\"WebSite\",\"@id\":\"https:\/\/www.timeonegroup.com\/es\/#website\",\"url\":\"https:\/\/www.timeonegroup.com\/es\/\",\"name\":\"TimeOne Group - acc\u00e9l\u00e9rateur de business !\",\"description\":\"TimeOne Group - acc\u00e9l\u00e9rateur de business\",\"publisher\":{\"@id\":\"https:\/\/www.timeonegroup.com\/es\/#organization\"},\"potentialAction\":[{\"@type\":\"SearchAction\",\"target\":{\"@type\":\"EntryPoint\",\"urlTemplate\":\"https:\/\/www.timeonegroup.com\/es\/?s={search_term_string}\"},\"query-input\":{\"@type\":\"PropertyValueSpecification\",\"valueRequired\":true,\"valueName\":\"search_term_string\"}}],\"inLanguage\":\"es\"},{\"@type\":\"Organization\",\"@id\":\"https:\/\/www.timeonegroup.com\/es\/#organization\",\"name\":\"TimeOne Group\",\"url\":\"https:\/\/www.timeonegroup.com\/es\/\",\"logo\":{\"@type\":\"ImageObject\",\"inLanguage\":\"es\",\"@id\":\"https:\/\/www.timeonegroup.com\/es\/#\/schema\/logo\/image\/\",\"url\":\"https:\/\/www.timeonegroup.com\/wp-content\/uploads\/sites\/4\/2020\/06\/cartouche_timeoneGroupe_bleujaune_low_png-1.png\",\"contentUrl\":\"https:\/\/www.timeonegroup.com\/wp-content\/uploads\/sites\/4\/2020\/06\/cartouche_timeoneGroupe_bleujaune_low_png-1.png\",\"width\":200,\"height\":193,\"caption\":\"TimeOne Group\"},\"image\":{\"@id\":\"https:\/\/www.timeonegroup.com\/es\/#\/schema\/logo\/image\/\"},\"sameAs\":[\"https:\/\/www.facebook.com\/timeonegroup\/\",\"https:\/\/x.com\/TimeOneGroup\",\"https:\/\/www.linkedin.com\/company\/timeone\/\",\"https:\/\/www.youtube.com\/channel\/UC0N9MjXofNR0SKueWIWp1zg\"]}]}<\/script>\n<!-- \/ Yoast SEO plugin. -->","yoast_head_json":{"title":"la cultura de Timeone - TimeOne Group - acc\u00e9l\u00e9rateur de business !","robots":{"index":"index","follow":"follow","max-snippet":"max-snippet:-1","max-image-preview":"max-image-preview:large","max-video-preview":"max-video-preview:-1"},"canonical":"https:\/\/www.timeonegroup.com\/es\/la-cultura-de-timeone\/","og_locale":"es_ES","og_type":"article","og_title":"la cultura de Timeone - TimeOne Group - acc\u00e9l\u00e9rateur de business !","og_description":"la cultura de los \"timeoners\"we are oneUnirte a TimeOne significa formar parte de un proyecto com\u00fan en el que sus trabajadores tienen un papel fundamental. TimeOne considera que el \u00e9xito profesional y el esp\u00edritu de equipo son inseparables. TimeOne pone un empe\u00f1o especial en fomentar el Team Spirit, porque sabemos lo importante que es en [&hellip;]","og_url":"https:\/\/www.timeonegroup.com\/es\/la-cultura-de-timeone\/","og_site_name":"TimeOne Group - acc\u00e9l\u00e9rateur de business !","article_publisher":"https:\/\/www.facebook.com\/timeonegroup\/","article_modified_time":"2021-06-10T13:06:33+00:00","twitter_card":"summary_large_image","twitter_site":"@TimeOneGroup","twitter_misc":{"Tiempo de lectura":"8 minutos"},"schema":{"@context":"https:\/\/schema.org","@graph":[{"@type":"WebPage","@id":"https:\/\/www.timeonegroup.com\/es\/la-cultura-de-timeone\/","url":"https:\/\/www.timeonegroup.com\/es\/la-cultura-de-timeone\/","name":"la cultura de Timeone - TimeOne Group - acc\u00e9l\u00e9rateur de business !","isPartOf":{"@id":"https:\/\/www.timeonegroup.com\/es\/#website"},"datePublished":"2019-12-16T00:12:31+00:00","dateModified":"2021-06-10T13:06:33+00:00","breadcrumb":{"@id":"https:\/\/www.timeonegroup.com\/es\/la-cultura-de-timeone\/#breadcrumb"},"inLanguage":"es","potentialAction":[{"@type":"ReadAction","target":["https:\/\/www.timeonegroup.com\/es\/la-cultura-de-timeone\/"]}]},{"@type":"BreadcrumbList","@id":"https:\/\/www.timeonegroup.com\/es\/la-cultura-de-timeone\/#breadcrumb","itemListElement":[{"@type":"ListItem","position":1,"name":"Home","item":"https:\/\/www.timeonegroup.com\/es\/"},{"@type":"ListItem","position":2,"name":"la cultura de Timeone"}]},{"@type":"WebSite","@id":"https:\/\/www.timeonegroup.com\/es\/#website","url":"https:\/\/www.timeonegroup.com\/es\/","name":"TimeOne Group - acc\u00e9l\u00e9rateur de business !","description":"TimeOne Group - acc\u00e9l\u00e9rateur de business","publisher":{"@id":"https:\/\/www.timeonegroup.com\/es\/#organization"},"potentialAction":[{"@type":"SearchAction","target":{"@type":"EntryPoint","urlTemplate":"https:\/\/www.timeonegroup.com\/es\/?s={search_term_string}"},"query-input":{"@type":"PropertyValueSpecification","valueRequired":true,"valueName":"search_term_string"}}],"inLanguage":"es"},{"@type":"Organization","@id":"https:\/\/www.timeonegroup.com\/es\/#organization","name":"TimeOne Group","url":"https:\/\/www.timeonegroup.com\/es\/","logo":{"@type":"ImageObject","inLanguage":"es","@id":"https:\/\/www.timeonegroup.com\/es\/#\/schema\/logo\/image\/","url":"https:\/\/www.timeonegroup.com\/wp-content\/uploads\/sites\/4\/2020\/06\/cartouche_timeoneGroupe_bleujaune_low_png-1.png","contentUrl":"https:\/\/www.timeonegroup.com\/wp-content\/uploads\/sites\/4\/2020\/06\/cartouche_timeoneGroupe_bleujaune_low_png-1.png","width":200,"height":193,"caption":"TimeOne Group"},"image":{"@id":"https:\/\/www.timeonegroup.com\/es\/#\/schema\/logo\/image\/"},"sameAs":["https:\/\/www.facebook.com\/timeonegroup\/","https:\/\/x.com\/TimeOneGroup","https:\/\/www.linkedin.com\/company\/timeone\/","https:\/\/www.youtube.com\/channel\/UC0N9MjXofNR0SKueWIWp1zg"]}]}},"_links":{"self":[{"href":"https:\/\/www.timeonegroup.com\/es\/wp-json\/wp\/v2\/pages\/3033","targetHints":{"allow":["GET"]}}],"collection":[{"href":"https:\/\/www.timeonegroup.com\/es\/wp-json\/wp\/v2\/pages"}],"about":[{"href":"https:\/\/www.timeonegroup.com\/es\/wp-json\/wp\/v2\/types\/page"}],"author":[{"embeddable":true,"href":"https:\/\/www.timeonegroup.com\/es\/wp-json\/wp\/v2\/users\/6"}],"replies":[{"embeddable":true,"href":"https:\/\/www.timeonegroup.com\/es\/wp-json\/wp\/v2\/comments?post=3033"}],"version-history":[{"count":0,"href":"https:\/\/www.timeonegroup.com\/es\/wp-json\/wp\/v2\/pages\/3033\/revisions"}],"wp:attachment":[{"href":"https:\/\/www.timeonegroup.com\/es\/wp-json\/wp\/v2\/media?parent=3033"}],"curies":[{"name":"wp","href":"https:\/\/api.w.org\/{rel}","templated":true}]}}