{"id":2332,"date":"2019-12-10T09:46:30","date_gmt":"2019-12-10T08:46:30","guid":{"rendered":"https:\/\/www.timeonegroup.com\/contact\/"},"modified":"2021-06-10T15:00:08","modified_gmt":"2021-06-10T13:00:08","slug":"contact","status":"publish","type":"page","link":"https:\/\/www.timeonegroup.com\/en\/contact\/","title":{"rendered":"CONTACT"},"content":{"rendered":"<p>[et_pb_section fb_built=&#8221;1&#8243; _builder_version=&#8221;4.9.4&#8243; background_color=&#8221;rgba(0,0,0,0)&#8221; background_image=&#8221;https:\/\/www.timeonegroup.com\/wp-content\/uploads\/sites\/4\/2021\/06\/contect.jpg&#8221; custom_padding=&#8221;||3px|||&#8221;][et_pb_row column_structure=&#8221;1_2,1_2&#8243; _builder_version=&#8221;4.9.4&#8243; background_enable_image=&#8221;off&#8221; background_size=&#8221;contain&#8221; background_position=&#8221;center_left&#8221; custom_margin=&#8221;-66px|auto|107px|auto||&#8221; custom_margin_tablet=&#8221;&#8221; custom_margin_phone=&#8221;-132px|auto|70px|auto|false|false&#8221; custom_margin_last_edited=&#8221;on|phone&#8221; custom_padding=&#8221;0px||21px||false|false&#8221;][et_pb_column type=&#8221;1_2&#8243; _builder_version=&#8221;4.0.4&#8243;][et_pb_text content_tablet=&#8221;<\/p>\n<p>contactez-nous<\/p>\n<p>&#8221; content_phone=&#8221;<\/p>\n<p>contactez-<\/p>\n<p>nous<\/p>\n<p>&#8221; content_last_edited=&#8221;on|phone&#8221; _builder_version=&#8221;4.0.7&#8243; text_font=&#8221;|600||on|||||&#8221; text_text_color=&#8221;#ffffff&#8221; text_font_size=&#8221;46px&#8221; text_line_height=&#8221;0.2em&#8221; custom_margin=&#8221;267px||-7px|||&#8221; custom_margin_tablet=&#8221;290px||-35px||false|false&#8221; custom_margin_phone=&#8221;328px||-37px||false|false&#8221; custom_margin_last_edited=&#8221;on|tablet&#8221; custom_padding=&#8221;|||25px||&#8221; text_font_size_tablet=&#8221;&#8221; text_font_size_phone=&#8221;30px&#8221; text_font_size_last_edited=&#8221;on|phone&#8221;]contact us[\/et_pb_text][\/et_pb_column][et_pb_column type=&#8221;1_2&#8243; _builder_version=&#8221;4.0.4&#8243;][et_pb_image src=&#8221;https:\/\/www.timeonegroup.com\/wp-content\/uploads\/sites\/4\/2021\/06\/logoVERTICALMAIL_FD_BLEU_RVB-300&#215;86.png&#8221; align=&#8221;right&#8221; _builder_version=&#8221;4.9.4&#8243; width=&#8221;60.5%&#8221; width_tablet=&#8221;30%&#8221; width_phone=&#8221;33%&#8221; width_last_edited=&#8221;on|desktop&#8221; custom_margin=&#8221;35px||||false|false&#8221; custom_margin_tablet=&#8221;-265px|-1px|||false|false&#8221; custom_margin_phone=&#8221;-264px|1px|||false|false&#8221; custom_margin_last_edited=&#8221;on|phone&#8221; custom_padding_tablet=&#8221;&#8221; custom_padding_phone=&#8221;&#8221; custom_padding_last_edited=&#8221;on|tablet&#8221; hover_enabled=&#8221;0&#8243; saved_tabs=&#8221;all&#8221; title_text=&#8221;logoVERTICALMAIL_FD_BLEU_RVB&#8221; sticky_enabled=&#8221;0&#8243;][\/et_pb_image][\/et_pb_column][\/et_pb_row][\/et_pb_section][et_pb_section fb_built=&#8221;1&#8243; _builder_version=&#8221;4.0.7&#8243; custom_margin=&#8221;16px|||||&#8221; custom_padding=&#8221;51px||0px|||&#8221;][et_pb_row _builder_version=&#8221;4.0.7&#8243; custom_margin=&#8221;-47px||||false|false&#8221;][et_pb_column type=&#8221;4_4&#8243; _builder_version=&#8221;4.0.7&#8243;][et_pb_text content_tablet=&#8221;<\/p>\n<section class=%22cs-section custom-padding%22>\n<div class=%22container%22>\n<div class=%22row%22>\n<div class=%22col-md-8%22>\n<div class=%22cs-column-text%22>\n<p style=%22text-align: center;%22> If you have a commercial request, please send us details about your project so that we can send you a customised response. And don\u2019t forget to let us know when you\u2019re available!<\/p>\n<\/div>\n<\/div>\n<\/div>\n<\/div>\n<\/section>\n<p>&#8221; content_phone=&#8221;<\/p>\n<section class=%22cs-section custom-padding%22>\n<div class=%22container%22>\n<div class=%22row%22>\n<div class=%22col-md-8%22>\n<div class=%22cs-column-text%22>\n<p style=%22text-align: center;%22> If you have a commercial request, please send us details about your project so that we can send you a customised response. And don\u2019t forget to let us know when you\u2019re available!<\/p>\n<\/div>\n<\/div>\n<\/div>\n<\/div>\n<\/section>\n<p>&#8221; content_last_edited=&#8221;on|phone&#8221; _builder_version=&#8221;4.0.9&#8243; text_font_size=&#8221;16px&#8221;]<\/p>\n<section class=\"cs-section custom-padding\">\n<div class=\"container\">\n<div class=\"row\">\n<div class=\"col-md-8\">\n<div class=\"cs-column-text\">\n<p style=\"text-align: center;\">\u00a0If you have a commercial request, please send us details about your project so that we can send you a customised response. And don\u2019t forget to let us know when you\u2019re available!<\/p>\n<\/div>\n<\/div>\n<\/div>\n<\/div>\n<\/section>\n<p>[\/et_pb_text][\/et_pb_column][\/et_pb_row][et_pb_row _builder_version=&#8221;4.0.7&#8243;][et_pb_column type=&#8221;4_4&#8243; _builder_version=&#8221;4.0.7&#8243;][et_pb_contact_form email=&#8221;marketing@timeonegroup.com; sales-int@timeonegroup.com&#8221; custom_message=&#8221;You have a new message from the contact form timeonegroup.com||et_pb_line_break_holder||||et_pb_line_break_holder||Pr\u00e9nom : %%Pr\u00e9nom%%||et_pb_line_break_holder||Nom : %%Nom%%||et_pb_line_break_holder||Soci\u00e9t\u00e9 : %%Soci\u00e9t\u00e9%%||et_pb_line_break_holder||Fonction : %%Fonction%%||et_pb_line_break_holder||T\u00e9l\u00e9phone : %%T\u00e9l\u00e9phone%%||et_pb_line_break_holder||mail : %%Adresse_email%%||et_pb_line_break_holder||Website : %%Website%%||et_pb_line_break_holder||Message : %%Message%%&#8221; _builder_version=&#8221;4.0.9&#8243; _dynamic_attributes=&#8221;link_option_url&#8221; custom_button=&#8221;on&#8221; button_text_size=&#8221;23px&#8221; button_text_color=&#8221;rgba(9,27,76,0.85)&#8221; link_option_url=&#8221;@ET-DC@eyJkeW5hbWljIjp0cnVlLCJjb250ZW50IjoicG9zdF9saW5rX3VybF9wYWdlIiwic2V0dGluZ3MiOnsicG9zdF9pZCI6IjI0NzMifX0=@&#8221;][et_pb_contact_field field_id=&#8221;Pr\u00e9nom&#8221; field_title=&#8221;Surname&#8221; _builder_version=&#8221;4.0.7&#8243; button_text_size__hover_enabled=&#8221;off&#8221; button_one_text_size__hover_enabled=&#8221;off&#8221; button_two_text_size__hover_enabled=&#8221;off&#8221; button_text_color__hover_enabled=&#8221;off&#8221; button_one_text_color__hover_enabled=&#8221;off&#8221; button_two_text_color__hover_enabled=&#8221;off&#8221; button_border_width__hover_enabled=&#8221;off&#8221; button_one_border_width__hover_enabled=&#8221;off&#8221; button_two_border_width__hover_enabled=&#8221;off&#8221; button_border_color__hover_enabled=&#8221;off&#8221; button_one_border_color__hover_enabled=&#8221;off&#8221; button_two_border_color__hover_enabled=&#8221;off&#8221; button_border_radius__hover_enabled=&#8221;off&#8221; button_one_border_radius__hover_enabled=&#8221;off&#8221; button_two_border_radius__hover_enabled=&#8221;off&#8221; button_letter_spacing__hover_enabled=&#8221;off&#8221; button_one_letter_spacing__hover_enabled=&#8221;off&#8221; button_two_letter_spacing__hover_enabled=&#8221;off&#8221; button_bg_color__hover_enabled=&#8221;off&#8221; button_one_bg_color__hover_enabled=&#8221;off&#8221; button_two_bg_color__hover_enabled=&#8221;off&#8221;][\/et_pb_contact_field][et_pb_contact_field field_id=&#8221;Nom&#8221; field_title=&#8221;Name&#8221; _builder_version=&#8221;4.0.7&#8243; button_text_size__hover_enabled=&#8221;off&#8221; button_one_text_size__hover_enabled=&#8221;off&#8221; button_two_text_size__hover_enabled=&#8221;off&#8221; button_text_color__hover_enabled=&#8221;off&#8221; button_one_text_color__hover_enabled=&#8221;off&#8221; button_two_text_color__hover_enabled=&#8221;off&#8221; button_border_width__hover_enabled=&#8221;off&#8221; button_one_border_width__hover_enabled=&#8221;off&#8221; button_two_border_width__hover_enabled=&#8221;off&#8221; button_border_color__hover_enabled=&#8221;off&#8221; button_one_border_color__hover_enabled=&#8221;off&#8221; button_two_border_color__hover_enabled=&#8221;off&#8221; button_border_radius__hover_enabled=&#8221;off&#8221; button_one_border_radius__hover_enabled=&#8221;off&#8221; button_two_border_radius__hover_enabled=&#8221;off&#8221; button_letter_spacing__hover_enabled=&#8221;off&#8221; button_one_letter_spacing__hover_enabled=&#8221;off&#8221; button_two_letter_spacing__hover_enabled=&#8221;off&#8221; button_bg_color__hover_enabled=&#8221;off&#8221; button_one_bg_color__hover_enabled=&#8221;off&#8221; button_two_bg_color__hover_enabled=&#8221;off&#8221;][\/et_pb_contact_field][et_pb_contact_field field_id=&#8221;Soci\u00e9t\u00e9&#8221; field_title=&#8221;Company&#8221; _builder_version=&#8221;4.0.7&#8243; button_text_size__hover_enabled=&#8221;off&#8221; button_one_text_size__hover_enabled=&#8221;off&#8221; button_two_text_size__hover_enabled=&#8221;off&#8221; button_text_color__hover_enabled=&#8221;off&#8221; button_one_text_color__hover_enabled=&#8221;off&#8221; button_two_text_color__hover_enabled=&#8221;off&#8221; button_border_width__hover_enabled=&#8221;off&#8221; button_one_border_width__hover_enabled=&#8221;off&#8221; button_two_border_width__hover_enabled=&#8221;off&#8221; button_border_color__hover_enabled=&#8221;off&#8221; button_one_border_color__hover_enabled=&#8221;off&#8221; button_two_border_color__hover_enabled=&#8221;off&#8221; button_border_radius__hover_enabled=&#8221;off&#8221; button_one_border_radius__hover_enabled=&#8221;off&#8221; button_two_border_radius__hover_enabled=&#8221;off&#8221; button_letter_spacing__hover_enabled=&#8221;off&#8221; button_one_letter_spacing__hover_enabled=&#8221;off&#8221; button_two_letter_spacing__hover_enabled=&#8221;off&#8221; button_bg_color__hover_enabled=&#8221;off&#8221; button_one_bg_color__hover_enabled=&#8221;off&#8221; button_two_bg_color__hover_enabled=&#8221;off&#8221;][\/et_pb_contact_field][et_pb_contact_field field_id=&#8221;Fonction&#8221; field_title=&#8221;Function&#8221; _builder_version=&#8221;4.0.7&#8243; button_text_size__hover_enabled=&#8221;off&#8221; button_one_text_size__hover_enabled=&#8221;off&#8221; button_two_text_size__hover_enabled=&#8221;off&#8221; button_text_color__hover_enabled=&#8221;off&#8221; button_one_text_color__hover_enabled=&#8221;off&#8221; button_two_text_color__hover_enabled=&#8221;off&#8221; button_border_width__hover_enabled=&#8221;off&#8221; button_one_border_width__hover_enabled=&#8221;off&#8221; button_two_border_width__hover_enabled=&#8221;off&#8221; button_border_color__hover_enabled=&#8221;off&#8221; button_one_border_color__hover_enabled=&#8221;off&#8221; button_two_border_color__hover_enabled=&#8221;off&#8221; button_border_radius__hover_enabled=&#8221;off&#8221; button_one_border_radius__hover_enabled=&#8221;off&#8221; button_two_border_radius__hover_enabled=&#8221;off&#8221; button_letter_spacing__hover_enabled=&#8221;off&#8221; button_one_letter_spacing__hover_enabled=&#8221;off&#8221; button_two_letter_spacing__hover_enabled=&#8221;off&#8221; button_bg_color__hover_enabled=&#8221;off&#8221; button_one_bg_color__hover_enabled=&#8221;off&#8221; button_two_bg_color__hover_enabled=&#8221;off&#8221;][\/et_pb_contact_field][et_pb_contact_field field_id=&#8221;T\u00e9l\u00e9phone&#8221; field_title=&#8221;Phone number&#8221; _builder_version=&#8221;4.0.7&#8243; button_text_size__hover_enabled=&#8221;off&#8221; button_one_text_size__hover_enabled=&#8221;off&#8221; button_two_text_size__hover_enabled=&#8221;off&#8221; button_text_color__hover_enabled=&#8221;off&#8221; button_one_text_color__hover_enabled=&#8221;off&#8221; button_two_text_color__hover_enabled=&#8221;off&#8221; button_border_width__hover_enabled=&#8221;off&#8221; button_one_border_width__hover_enabled=&#8221;off&#8221; button_two_border_width__hover_enabled=&#8221;off&#8221; button_border_color__hover_enabled=&#8221;off&#8221; button_one_border_color__hover_enabled=&#8221;off&#8221; button_two_border_color__hover_enabled=&#8221;off&#8221; button_border_radius__hover_enabled=&#8221;off&#8221; button_one_border_radius__hover_enabled=&#8221;off&#8221; button_two_border_radius__hover_enabled=&#8221;off&#8221; button_letter_spacing__hover_enabled=&#8221;off&#8221; button_one_letter_spacing__hover_enabled=&#8221;off&#8221; button_two_letter_spacing__hover_enabled=&#8221;off&#8221; button_bg_color__hover_enabled=&#8221;off&#8221; button_one_bg_color__hover_enabled=&#8221;off&#8221; button_two_bg_color__hover_enabled=&#8221;off&#8221;][\/et_pb_contact_field][et_pb_contact_field field_id=&#8221;Adresse_email&#8221; field_title=&#8221;Email adress&#8221; field_type=&#8221;email&#8221; _builder_version=&#8221;4.0.7&#8243; button_text_size__hover_enabled=&#8221;off&#8221; button_one_text_size__hover_enabled=&#8221;off&#8221; button_two_text_size__hover_enabled=&#8221;off&#8221; button_text_color__hover_enabled=&#8221;off&#8221; button_one_text_color__hover_enabled=&#8221;off&#8221; button_two_text_color__hover_enabled=&#8221;off&#8221; button_border_width__hover_enabled=&#8221;off&#8221; button_one_border_width__hover_enabled=&#8221;off&#8221; button_two_border_width__hover_enabled=&#8221;off&#8221; button_border_color__hover_enabled=&#8221;off&#8221; button_one_border_color__hover_enabled=&#8221;off&#8221; button_two_border_color__hover_enabled=&#8221;off&#8221; button_border_radius__hover_enabled=&#8221;off&#8221; button_one_border_radius__hover_enabled=&#8221;off&#8221; button_two_border_radius__hover_enabled=&#8221;off&#8221; button_letter_spacing__hover_enabled=&#8221;off&#8221; button_one_letter_spacing__hover_enabled=&#8221;off&#8221; button_two_letter_spacing__hover_enabled=&#8221;off&#8221; button_bg_color__hover_enabled=&#8221;off&#8221; button_one_bg_color__hover_enabled=&#8221;off&#8221; button_two_bg_color__hover_enabled=&#8221;off&#8221;][\/et_pb_contact_field][et_pb_contact_field field_id=&#8221;Website&#8221; field_title=&#8221;Website&#8221; fullwidth_field=&#8221;on&#8221; _builder_version=&#8221;4.0.7&#8243;][\/et_pb_contact_field][et_pb_contact_field field_id=&#8221;Message&#8221; field_title=&#8221;Message&#8221; field_type=&#8221;text&#8221; fullwidth_field=&#8221;on&#8221; _builder_version=&#8221;3.16&#8243; button_text_size__hover_enabled=&#8221;off&#8221; button_one_text_size__hover_enabled=&#8221;off&#8221; button_two_text_size__hover_enabled=&#8221;off&#8221; button_text_color__hover_enabled=&#8221;off&#8221; button_one_text_color__hover_enabled=&#8221;off&#8221; button_two_text_color__hover_enabled=&#8221;off&#8221; button_border_width__hover_enabled=&#8221;off&#8221; button_one_border_width__hover_enabled=&#8221;off&#8221; button_two_border_width__hover_enabled=&#8221;off&#8221; button_border_color__hover_enabled=&#8221;off&#8221; button_one_border_color__hover_enabled=&#8221;off&#8221; button_two_border_color__hover_enabled=&#8221;off&#8221; button_border_radius__hover_enabled=&#8221;off&#8221; button_one_border_radius__hover_enabled=&#8221;off&#8221; button_two_border_radius__hover_enabled=&#8221;off&#8221; button_letter_spacing__hover_enabled=&#8221;off&#8221; button_one_letter_spacing__hover_enabled=&#8221;off&#8221; button_two_letter_spacing__hover_enabled=&#8221;off&#8221; button_bg_color__hover_enabled=&#8221;off&#8221; button_one_bg_color__hover_enabled=&#8221;off&#8221; button_two_bg_color__hover_enabled=&#8221;off&#8221;][\/et_pb_contact_field][\/et_pb_contact_form][\/et_pb_column][\/et_pb_row][et_pb_row _builder_version=&#8221;4.0.7&#8243; custom_margin=&#8221;-35px|251px||auto||&#8221; custom_margin_tablet=&#8221;&#8221; custom_margin_phone=&#8221;|0px|||false|false&#8221; custom_margin_last_edited=&#8221;on|phone&#8221; custom_padding=&#8221;0px|||||&#8221;][et_pb_column type=&#8221;4_4&#8243; _builder_version=&#8221;4.0.7&#8243;][et_pb_text _builder_version=&#8221;4.0.7&#8243; text_font_size=&#8221;16px&#8221; text_orientation=&#8221;right&#8221; width=&#8221;99.8%&#8221; custom_margin=&#8221;|74px||||&#8221; custom_padding=&#8221;|42px||50px||&#8221; text_font_size_tablet=&#8221;13px&#8221; text_font_size_phone=&#8221;&#8221; text_font_size_last_edited=&#8221;on|tablet&#8221;]<\/p>\n<div class=\"jhH5U r-iVyArR3o9kAs\" data-rtid=\"iVyArR3o9kAs\">\n<div id=\"tw-ob\" class=\"tw-src-ltr\">\n<div class=\"oSioSc\">\n<div id=\"tw-target\">\n<div id=\"kAz1tf\" class=\"g9WsWb\">\n<div id=\"tw-target-text-container\" class=\"tw-ta-container tw-nfl\">\n<pre id=\"tw-target-text\" class=\"tw-data-text tw-text-large tw-ta\" dir=\"ltr\" data-placeholder=\"Traduction\"><\/pre>\n<\/div>\n<div class=\"iYB33c\">\n<div class=\"dlJLJe\">In order to avoid robots, we ask you to do this little addition.<\/div>\n<div id=\"tw-tmenu\" class=\"tw-menu\"><\/div>\n<\/div>\n<\/div>\n<\/div>\n<\/div>\n<\/div>\n<div class=\"dURPtb\"><\/div>\n<\/div>\n<p>[\/et_pb_text][\/et_pb_column][\/et_pb_row][\/et_pb_section]<\/p>\n","protected":false},"excerpt":{"rendered":"<p>contact us \u00a0If you have a commercial request, please send us details about your project so that we can send you a customised response. And don\u2019t forget to let us know when you\u2019re available! In order to avoid robots, we ask you to do this little addition.<\/p>\n","protected":false},"author":6,"featured_media":0,"parent":0,"menu_order":0,"comment_status":"closed","ping_status":"closed","template":"","meta":{"_et_pb_use_builder":"on","_et_pb_old_content":"","_et_gb_content_width":"","footnotes":""},"class_list":["post-2332","page","type-page","status-publish","hentry"],"yoast_head":"<!-- This site is optimized with the Yoast SEO plugin v26.8 - https:\/\/yoast.com\/product\/yoast-seo-wordpress\/ -->\n<title>CONTACT - TimeOne Group - acc\u00e9l\u00e9rateur de business<\/title>\n<meta name=\"robots\" content=\"index, follow, max-snippet:-1, max-image-preview:large, max-video-preview:-1\" \/>\n<link rel=\"canonical\" href=\"https:\/\/www.timeonegroup.com\/en\/contact\/\" \/>\n<meta property=\"og:locale\" content=\"en_US\" \/>\n<meta property=\"og:type\" content=\"article\" \/>\n<meta property=\"og:title\" content=\"CONTACT - TimeOne Group - acc\u00e9l\u00e9rateur de business\" \/>\n<meta property=\"og:description\" content=\"contact us \u00a0If you have a commercial request, please send us details about your project so that we can send you a customised response. And don\u2019t forget to let us know when you\u2019re available! In order to avoid robots, we ask you to do this little addition.\" \/>\n<meta property=\"og:url\" content=\"https:\/\/www.timeonegroup.com\/en\/contact\/\" \/>\n<meta property=\"og:site_name\" content=\"TimeOne Group - acc\u00e9l\u00e9rateur de business\" \/>\n<meta property=\"article:publisher\" content=\"https:\/\/www.facebook.com\/timeonegroup\/\" \/>\n<meta property=\"article:modified_time\" content=\"2021-06-10T13:00:08+00:00\" \/>\n<meta name=\"twitter:card\" content=\"summary_large_image\" \/>\n<meta name=\"twitter:site\" content=\"@TimeOneGroup\" \/>\n<meta name=\"twitter:label1\" content=\"Est. reading time\" \/>\n\t<meta name=\"twitter:data1\" content=\"9 minutes\" \/>\n<script type=\"application\/ld+json\" class=\"yoast-schema-graph\">{\"@context\":\"https:\/\/schema.org\",\"@graph\":[{\"@type\":\"WebPage\",\"@id\":\"https:\/\/www.timeonegroup.com\/en\/contact\/\",\"url\":\"https:\/\/www.timeonegroup.com\/en\/contact\/\",\"name\":\"CONTACT - TimeOne Group - acc\u00e9l\u00e9rateur de business\",\"isPartOf\":{\"@id\":\"https:\/\/www.timeonegroup.com\/en\/#website\"},\"datePublished\":\"2019-12-10T08:46:30+00:00\",\"dateModified\":\"2021-06-10T13:00:08+00:00\",\"breadcrumb\":{\"@id\":\"https:\/\/www.timeonegroup.com\/en\/contact\/#breadcrumb\"},\"inLanguage\":\"en-US\",\"potentialAction\":[{\"@type\":\"ReadAction\",\"target\":[\"https:\/\/www.timeonegroup.com\/en\/contact\/\"]}]},{\"@type\":\"BreadcrumbList\",\"@id\":\"https:\/\/www.timeonegroup.com\/en\/contact\/#breadcrumb\",\"itemListElement\":[{\"@type\":\"ListItem\",\"position\":1,\"name\":\"Home\",\"item\":\"https:\/\/www.timeonegroup.com\/en\/\"},{\"@type\":\"ListItem\",\"position\":2,\"name\":\"CONTACT\"}]},{\"@type\":\"WebSite\",\"@id\":\"https:\/\/www.timeonegroup.com\/en\/#website\",\"url\":\"https:\/\/www.timeonegroup.com\/en\/\",\"name\":\"TimeOne Group - acc\u00e9l\u00e9rateur de business !\",\"description\":\"TimeOne Group - acc\u00e9l\u00e9rateur de business\",\"publisher\":{\"@id\":\"https:\/\/www.timeonegroup.com\/en\/#organization\"},\"potentialAction\":[{\"@type\":\"SearchAction\",\"target\":{\"@type\":\"EntryPoint\",\"urlTemplate\":\"https:\/\/www.timeonegroup.com\/en\/?s={search_term_string}\"},\"query-input\":{\"@type\":\"PropertyValueSpecification\",\"valueRequired\":true,\"valueName\":\"search_term_string\"}}],\"inLanguage\":\"en-US\"},{\"@type\":\"Organization\",\"@id\":\"https:\/\/www.timeonegroup.com\/en\/#organization\",\"name\":\"TimeOne Group\",\"url\":\"https:\/\/www.timeonegroup.com\/en\/\",\"logo\":{\"@type\":\"ImageObject\",\"inLanguage\":\"en-US\",\"@id\":\"https:\/\/www.timeonegroup.com\/en\/#\/schema\/logo\/image\/\",\"url\":\"https:\/\/www.timeonegroup.com\/wp-content\/uploads\/sites\/4\/2020\/06\/cartouche_timeoneGroupe_bleujaune_low_png-1.png\",\"contentUrl\":\"https:\/\/www.timeonegroup.com\/wp-content\/uploads\/sites\/4\/2020\/06\/cartouche_timeoneGroupe_bleujaune_low_png-1.png\",\"width\":200,\"height\":193,\"caption\":\"TimeOne Group\"},\"image\":{\"@id\":\"https:\/\/www.timeonegroup.com\/en\/#\/schema\/logo\/image\/\"},\"sameAs\":[\"https:\/\/www.facebook.com\/timeonegroup\/\",\"https:\/\/x.com\/TimeOneGroup\",\"https:\/\/www.linkedin.com\/company\/timeone\/\",\"https:\/\/www.youtube.com\/channel\/UC0N9MjXofNR0SKueWIWp1zg\"]}]}<\/script>\n<!-- \/ Yoast SEO plugin. -->","yoast_head_json":{"title":"CONTACT - TimeOne Group - acc\u00e9l\u00e9rateur de business","robots":{"index":"index","follow":"follow","max-snippet":"max-snippet:-1","max-image-preview":"max-image-preview:large","max-video-preview":"max-video-preview:-1"},"canonical":"https:\/\/www.timeonegroup.com\/en\/contact\/","og_locale":"en_US","og_type":"article","og_title":"CONTACT - TimeOne Group - acc\u00e9l\u00e9rateur de business","og_description":"contact us \u00a0If you have a commercial request, please send us details about your project so that we can send you a customised response. And don\u2019t forget to let us know when you\u2019re available! In order to avoid robots, we ask you to do this little addition.","og_url":"https:\/\/www.timeonegroup.com\/en\/contact\/","og_site_name":"TimeOne Group - acc\u00e9l\u00e9rateur de business","article_publisher":"https:\/\/www.facebook.com\/timeonegroup\/","article_modified_time":"2021-06-10T13:00:08+00:00","twitter_card":"summary_large_image","twitter_site":"@TimeOneGroup","twitter_misc":{"Est. reading time":"9 minutes"},"schema":{"@context":"https:\/\/schema.org","@graph":[{"@type":"WebPage","@id":"https:\/\/www.timeonegroup.com\/en\/contact\/","url":"https:\/\/www.timeonegroup.com\/en\/contact\/","name":"CONTACT - TimeOne Group - acc\u00e9l\u00e9rateur de business","isPartOf":{"@id":"https:\/\/www.timeonegroup.com\/en\/#website"},"datePublished":"2019-12-10T08:46:30+00:00","dateModified":"2021-06-10T13:00:08+00:00","breadcrumb":{"@id":"https:\/\/www.timeonegroup.com\/en\/contact\/#breadcrumb"},"inLanguage":"en-US","potentialAction":[{"@type":"ReadAction","target":["https:\/\/www.timeonegroup.com\/en\/contact\/"]}]},{"@type":"BreadcrumbList","@id":"https:\/\/www.timeonegroup.com\/en\/contact\/#breadcrumb","itemListElement":[{"@type":"ListItem","position":1,"name":"Home","item":"https:\/\/www.timeonegroup.com\/en\/"},{"@type":"ListItem","position":2,"name":"CONTACT"}]},{"@type":"WebSite","@id":"https:\/\/www.timeonegroup.com\/en\/#website","url":"https:\/\/www.timeonegroup.com\/en\/","name":"TimeOne Group - acc\u00e9l\u00e9rateur de business !","description":"TimeOne Group - acc\u00e9l\u00e9rateur de business","publisher":{"@id":"https:\/\/www.timeonegroup.com\/en\/#organization"},"potentialAction":[{"@type":"SearchAction","target":{"@type":"EntryPoint","urlTemplate":"https:\/\/www.timeonegroup.com\/en\/?s={search_term_string}"},"query-input":{"@type":"PropertyValueSpecification","valueRequired":true,"valueName":"search_term_string"}}],"inLanguage":"en-US"},{"@type":"Organization","@id":"https:\/\/www.timeonegroup.com\/en\/#organization","name":"TimeOne Group","url":"https:\/\/www.timeonegroup.com\/en\/","logo":{"@type":"ImageObject","inLanguage":"en-US","@id":"https:\/\/www.timeonegroup.com\/en\/#\/schema\/logo\/image\/","url":"https:\/\/www.timeonegroup.com\/wp-content\/uploads\/sites\/4\/2020\/06\/cartouche_timeoneGroupe_bleujaune_low_png-1.png","contentUrl":"https:\/\/www.timeonegroup.com\/wp-content\/uploads\/sites\/4\/2020\/06\/cartouche_timeoneGroupe_bleujaune_low_png-1.png","width":200,"height":193,"caption":"TimeOne Group"},"image":{"@id":"https:\/\/www.timeonegroup.com\/en\/#\/schema\/logo\/image\/"},"sameAs":["https:\/\/www.facebook.com\/timeonegroup\/","https:\/\/x.com\/TimeOneGroup","https:\/\/www.linkedin.com\/company\/timeone\/","https:\/\/www.youtube.com\/channel\/UC0N9MjXofNR0SKueWIWp1zg"]}]}},"_links":{"self":[{"href":"https:\/\/www.timeonegroup.com\/en\/wp-json\/wp\/v2\/pages\/2332","targetHints":{"allow":["GET"]}}],"collection":[{"href":"https:\/\/www.timeonegroup.com\/en\/wp-json\/wp\/v2\/pages"}],"about":[{"href":"https:\/\/www.timeonegroup.com\/en\/wp-json\/wp\/v2\/types\/page"}],"author":[{"embeddable":true,"href":"https:\/\/www.timeonegroup.com\/en\/wp-json\/wp\/v2\/users\/6"}],"replies":[{"embeddable":true,"href":"https:\/\/www.timeonegroup.com\/en\/wp-json\/wp\/v2\/comments?post=2332"}],"version-history":[{"count":0,"href":"https:\/\/www.timeonegroup.com\/en\/wp-json\/wp\/v2\/pages\/2332\/revisions"}],"wp:attachment":[{"href":"https:\/\/www.timeonegroup.com\/en\/wp-json\/wp\/v2\/media?parent=2332"}],"curies":[{"name":"wp","href":"https:\/\/api.w.org\/{rel}","templated":true}]}}