{"id":1873,"date":"2019-12-06T12:39:13","date_gmt":"2019-12-06T11:39:13","guid":{"rendered":"https:\/\/www.timeonegroup.com\/join-us\/"},"modified":"2021-06-10T14:59:33","modified_gmt":"2021-06-10T12:59:33","slug":"join-us","status":"publish","type":"page","link":"https:\/\/www.timeonegroup.com\/en\/join-us\/","title":{"rendered":"Join us"},"content":{"rendered":"<p>[et_pb_section fb_built=&#8221;1&#8243; _builder_version=&#8221;4.9.4&#8243; background_color=&#8221;rgba(0,0,0,0)&#8221; background_image=&#8221;https:\/\/www.timeonegroup.com\/wp-content\/uploads\/sites\/4\/2021\/06\/we-are-one-2.jpg&#8221; custom_padding=&#8221;||3px|||&#8221;][et_pb_row column_structure=&#8221;1_2,1_2&#8243; _builder_version=&#8221;4.9.4&#8243; background_enable_image=&#8221;off&#8221; background_size=&#8221;contain&#8221; background_position=&#8221;center_left&#8221; custom_margin=&#8221;-66px|auto|141px|auto||&#8221; custom_margin_tablet=&#8221;&#8221; custom_margin_phone=&#8221;-60px||81px||false|false&#8221; custom_margin_last_edited=&#8221;on|phone&#8221; custom_padding=&#8221;0px||23px|||&#8221;][et_pb_column type=&#8221;1_2&#8243; _builder_version=&#8221;4.0.4&#8243;][et_pb_text _builder_version=&#8221;4.0.9&#8243; text_font=&#8221;|600||on|||||&#8221; text_text_color=&#8221;#ffffff&#8221; text_font_size=&#8221;53px&#8221; text_line_height=&#8221;0.2em&#8221; custom_margin=&#8221;267px||-7px|||&#8221; custom_margin_tablet=&#8221;283px||-33px||false|false&#8221; custom_margin_phone=&#8221;265px||-49px||false|false&#8221; custom_margin_last_edited=&#8221;on|phone&#8221; custom_padding=&#8221;||0px|25px|false|false&#8221; custom_padding_tablet=&#8221;&#8221; custom_padding_phone=&#8221;||0px||false|false&#8221; custom_padding_last_edited=&#8221;on|phone&#8221; text_font_size_tablet=&#8221;&#8221; text_font_size_phone=&#8221;37px&#8221; text_font_size_last_edited=&#8221;on|phone&#8221; text_line_height_tablet=&#8221;&#8221; text_line_height_phone=&#8221;1em&#8221; text_line_height_last_edited=&#8221;on|phone&#8221;]JOIN US[\/et_pb_text][\/et_pb_column][et_pb_column type=&#8221;1_2&#8243; _builder_version=&#8221;4.0.4&#8243;][et_pb_image src=&#8221;https:\/\/www.timeonegroup.com\/wp-content\/uploads\/sites\/4\/2021\/06\/logoVERTICALMAIL_FD_BLEU_RVB.png&#8221; align=&#8221;right&#8221; _builder_version=&#8221;4.9.4&#8243; width=&#8221;60.6%&#8221; width_tablet=&#8221;30%&#8221; width_phone=&#8221;38%&#8221; width_last_edited=&#8221;on|desktop&#8221; custom_margin=&#8221;35px||||false|false&#8221; custom_margin_tablet=&#8221;-265px|-1px|||false|false&#8221; custom_margin_phone=&#8221;-233px|1px|||false|false&#8221; custom_margin_last_edited=&#8221;on|phone&#8221; custom_padding_tablet=&#8221;&#8221; custom_padding_phone=&#8221;&#8221; custom_padding_last_edited=&#8221;on|tablet&#8221; hover_enabled=&#8221;0&#8243; saved_tabs=&#8221;all&#8221; title_text=&#8221;logoVERTICALMAIL_FD_BLEU_RVB&#8221; sticky_enabled=&#8221;0&#8243;][\/et_pb_image][\/et_pb_column][\/et_pb_row][\/et_pb_section][et_pb_section fb_built=&#8221;1&#8243; _builder_version=&#8221;4.0.4&#8243; background_enable_image=&#8221;off&#8221; background_size=&#8221;contain&#8221; background_position=&#8221;top_left&#8221; width=&#8221;100%&#8221; custom_margin=&#8221;47px|||||&#8221; custom_padding=&#8221;7px||0px|257px||&#8221;][\/et_pb_section][et_pb_section fb_built=&#8221;1&#8243; _builder_version=&#8221;4.0.4&#8243; custom_margin=&#8221;-71px|-146px||||&#8221; custom_padding=&#8221;0px||28px|||&#8221;][et_pb_row _builder_version=&#8221;4.0.9&#8243; custom_margin=&#8221;4px|auto||167px||&#8221; custom_margin_tablet=&#8221;&#8221; custom_margin_phone=&#8221;4px|auto||auto|false|false&#8221; custom_margin_last_edited=&#8221;on|phone&#8221; custom_padding=&#8221;14px||18px||false|false&#8221;][et_pb_column type=&#8221;4_4&#8243; _builder_version=&#8221;4.0.4&#8243;][et_pb_text _builder_version=&#8221;4.0.9&#8243; text_font=&#8221;|600||on|||||&#8221; text_font_size=&#8221;37px&#8221; text_line_height=&#8221;0.3em&#8221; custom_margin=&#8221;35px|||-2px|false|false&#8221; custom_margin_tablet=&#8221;13px|||-225px|false|false&#8221; custom_margin_phone=&#8221;32px|||-145px|false|false&#8221; custom_margin_last_edited=&#8221;on|phone&#8221; custom_padding=&#8221;|||0px||&#8221; animation_style=&#8221;fade&#8221; text_font_tablet=&#8221;&#8221; text_font_phone=&#8221;&#8221; text_font_last_edited=&#8221;on|phone&#8221; text_font_size_tablet=&#8221;&#8221; text_font_size_phone=&#8221;28px&#8221; text_font_size_last_edited=&#8221;on|phone&#8221; text_orientation_tablet=&#8221;center&#8221; text_orientation_phone=&#8221;center&#8221; text_orientation_last_edited=&#8221;on|phone&#8221; custom_margin__hover_enabled=&#8221;on|desktop&#8221;]<\/p>\n<p><span>Why join the <\/span><\/p>\n<p><span>Timeone adventure?<\/span><\/p>\n<p>[\/et_pb_text][et_pb_text content_tablet=&#8221;<\/p>\n<p><span>Depuis plus de 15 ans, nous accompagnons et participons au succ\u00e8s de nos clients. Mais au-del\u00e0 des r\u00e9sultats, <strong>Time<\/strong>One est une entreprise o\u00f9 il fait bon travailler : dynamique, responsable, tourn\u00e9e vers l\u2019avenir et l\u2019innovation afin de toujours relever de nouveaux d\u00e9fis.<\/span><\/p>\n<p><span>Int\u00e9grer <strong>Time<\/strong>One, c\u2019est faire partie d\u2019un projet commun o\u00f9 les collaborateurs tiennent une place pr\u00e9pond\u00e9rante.<strong> Time<\/strong>One consid\u00e8re comp\u00e9tences m\u00e9tiers et esprit d\u2019\u00e9quipe comme indissociables.<\/span><\/p>\n<p><span><strong>Time<\/strong>One est une soci\u00e9t\u00e9 de projets, o\u00f9 nous aimons ce que nous faisons, relevons des challenges et souhaitons transmettre et partager avec nos \u00e9quipes. Expertise march\u00e9, proactivit\u00e9 et adaptabilit\u00e9 sont de rigueur pour rejoindre la Dream Team.<\/span> <span>Si vous vous reconnaissez dans nos valeurs, rejoignez-nous !<\/span><\/p>\n<p>&#8221; content_phone=&#8221;<\/p>\n<p><span>Depuis plus de 15 ans, nous accompagnons et participons au succ\u00e8s de nos clients. Mais au-del\u00e0 des r\u00e9sultats, <strong>Time<\/strong>One est une entreprise o\u00f9 il fait bon travailler : dynamique, responsable, tourn\u00e9e vers l\u2019avenir et l\u2019innovation afin de toujours relever de nouveaux d\u00e9fis.<\/span><\/p>\n<p><span>Int\u00e9grer <strong>Time<\/strong>One, c\u2019est faire partie d\u2019un projet commun o\u00f9 les collaborateurs tiennent une place pr\u00e9pond\u00e9rante.<strong> Time<\/strong>One consid\u00e8re comp\u00e9tences m\u00e9tiers et esprit d\u2019\u00e9quipe comme indissociables.<\/span><\/p>\n<p><span><strong>Time<\/strong>One est une soci\u00e9t\u00e9 de projets, o\u00f9 nous aimons ce que nous faisons, relevons des challenges et souhaitons transmettre et partager avec nos \u00e9quipes. Expertise march\u00e9, proactivit\u00e9 et adaptabilit\u00e9 sont de rigueur pour rejoindre la Dream Team.<\/span> <span>Si vous vous reconnaissez dans nos valeurs, rejoignez-nous !<\/span><\/p>\n<p>&#8221; content_last_edited=&#8221;on|phone&#8221; _builder_version=&#8221;4.0.9&#8243; text_text_color=&#8221;#000000&#8243; text_font_size=&#8221;16px&#8221; text_line_height=&#8221;1.8em&#8221; width=&#8221;101.7%&#8221; custom_margin=&#8221;53px|-107px||-1px||&#8221; custom_margin_tablet=&#8221;|||-103px|false|false&#8221; custom_margin_phone=&#8221;|auto||auto|false|false&#8221; custom_margin_last_edited=&#8221;on|phone&#8221; custom_padding=&#8221;|245px|||false|false&#8221; custom_padding_tablet=&#8221;|99px|||false|false&#8221; custom_padding_phone=&#8221;|146px|||false|false&#8221; custom_padding_last_edited=&#8221;on|tablet&#8221; text_font_size_tablet=&#8221;&#8221; text_font_size_phone=&#8221;&#8221; text_font_size_last_edited=&#8221;on|phone&#8221; text_orientation_tablet=&#8221;center&#8221; text_orientation_phone=&#8221;center&#8221; text_orientation_last_edited=&#8221;on|phone&#8221;]<\/p>\n<p style=\"text-align: justify;\"><span style=\"font-weight: 400;\">For more than 15 years, we have been supporting and contributing to our customers&#8217; success. But beyond the results, <\/span><b>Time<\/b><span style=\"font-weight: 400;\">One is a company where it is good to work: dynamic, responsible, forward-looking and innovative in order to always meet new challenges.<\/span><\/p>\n<p><span style=\"font-weight: 400;\">Joining <\/span><b>Time<\/b><span style=\"font-weight: 400;\">One means being part of a common project where employees play a key role.<\/span><\/p>\n<p><b>Time<\/b><span style=\"font-weight: 400;\">One is an expert project company in its sector, where we like what we do, take up challenges and want to communicate and share with our teams. If you feel that you are part of our values, join us!<\/span><\/p>\n<p>&nbsp;<\/p>\n<p>[\/et_pb_text][\/et_pb_column][\/et_pb_row][et_pb_row _builder_version=&#8221;4.0.7&#8243; width=&#8221;70.7%&#8221;][et_pb_column type=&#8221;4_4&#8243; _builder_version=&#8221;4.0.7&#8243;][et_pb_code _builder_version=&#8221;4.0.9&#8243; background_color=&#8221;#f9f9f9&#8243; text_orientation=&#8221;left&#8221; custom_margin=&#8221;|228px||9px|false|false&#8221; custom_margin_tablet=&#8221;&#8221; custom_margin_phone=&#8221;|110px||-42px|false|false&#8221; custom_margin_last_edited=&#8221;on|phone&#8221; custom_padding=&#8221;11px|11px|11px|9px|false|false&#8221;]<script src='https:\/\/www.welcomekit.co\/assets\/embed.js' type='text\/javascript'><\/script><!-- [et_pb_line_break_holder] --><script type='text\/javascript'><!-- [et_pb_line_break_holder] -->  welcomeKitReady(function() {<!-- [et_pb_line_break_holder] -->    var wk = new WelcomeKitEmbed('5xao5Lr')<!-- [et_pb_line_break_holder] -->    wk.group('job')<!-- [et_pb_line_break_holder] -->    wk.display([\"officeCity\",\"officeCountry\"])<!-- [et_pb_line_break_holder] -->    wk.locale('en')<!-- [et_pb_line_break_holder] -->    wk.website('wttj_fr')<!-- [et_pb_line_break_holder] -->    wk.render()<!-- [et_pb_line_break_holder] -->  })<!-- [et_pb_line_break_holder] --><\/script><!-- [et_pb_line_break_holder] --><\/p>\n<div id='welcomekit-embed'><\/div>\n<p>[\/et_pb_code][\/et_pb_column][\/et_pb_row][\/et_pb_section][et_pb_section fb_built=&#8221;1&#8243; disabled_on=&#8221;on|on|off&#8221; _builder_version=&#8221;4.0.11&#8243; custom_margin=&#8221;-38px|||||&#8221; custom_padding=&#8221;0px||7px|||&#8221;][et_pb_row disabled_on=&#8221;on|off|off&#8221; _builder_version=&#8221;4.0.9&#8243; width=&#8221;76%&#8221; custom_margin=&#8221;|auto||307px|false|false&#8221; custom_margin_tablet=&#8221;&#8221; custom_margin_phone=&#8221;|auto||auto|false|false&#8221; custom_margin_last_edited=&#8221;on|phone&#8221;][et_pb_column type=&#8221;4_4&#8243; _builder_version=&#8221;4.0.7&#8243;][et_pb_text _builder_version=&#8221;4.9.4&#8243; text_text_color=&#8221;#ffffff&#8221; background_color=&#8221;#3B3BFF&#8221; width=&#8221;64.4%&#8221; custom_margin=&#8221;12px|||28px|false|false&#8221; custom_margin_tablet=&#8221;|||111px|false|false&#8221; custom_margin_phone=&#8221;|||76px|false|false&#8221; custom_margin_last_edited=&#8221;on|tablet&#8221; custom_padding=&#8221;17px|15px|0px|27px|false|false&#8221;]<\/p>\n<p style=\"text-align: center;\"><span style=\"font-weight: 400;\">None of our job vacancies suits you, but you have talent and skills to offer us? Send us your CV, cover letter and added value at<span style=\"color: #000444;\"> careers@timeonegroup.com<\/span> We will contact you if your profile is relevant to us.<\/span><\/p>\n<p>&nbsp;<\/p>\n<p>[\/et_pb_text][\/et_pb_column][\/et_pb_row][\/et_pb_section][et_pb_section fb_built=&#8221;1&#8243; disabled_on=&#8221;off|off|on&#8221; _builder_version=&#8221;4.0.11&#8243; custom_padding=&#8221;6px||15px|||&#8221;][et_pb_row _builder_version=&#8221;4.0.9&#8243; custom_padding=&#8221;9px|||||&#8221;][et_pb_column type=&#8221;4_4&#8243; _builder_version=&#8221;4.0.9&#8243;][et_pb_text _builder_version=&#8221;4.9.4&#8243; text_text_color=&#8221;#ffffff&#8221; background_color=&#8221;#3B3BFF&#8221; custom_margin=&#8221;0px||-22px||false|false&#8221; custom_padding=&#8221;19px|13px|11px|13px|false|false&#8221;]<\/p>\n<p style=\"text-align: center;\"><span>None of our job vacancies suits you, but you have talent and skills to offer us? Send us your CV, cover letter and added value at <span style=\"color: #002859;\">careers@timeonegroup.com<\/span> We will contact you if your profile is relevant to us.<\/span><\/p>\n<p>[\/et_pb_text][\/et_pb_column][\/et_pb_row][\/et_pb_section][et_pb_section fb_built=&#8221;1&#8243; _builder_version=&#8221;4.0.4&#8243; background_image=&#8221;https:\/\/www.timeonegroup.com\/wp-content\/uploads\/sites\/4\/2019\/11\/FOND-PAGE-OBJECTIF-14-14-1.png&#8221; background_position=&#8221;top_center&#8221; custom_margin=&#8221;-10px|||||&#8221; custom_padding=&#8221;0px||0px|||&#8221; background_last_edited=&#8221;on|phone&#8221; background_enable_image_phone=&#8221;off&#8221; background_size_phone=&#8221;initial&#8221;][et_pb_row _builder_version=&#8221;4.0.7&#8243; custom_padding=&#8221;9px||38px|||&#8221;][et_pb_column type=&#8221;4_4&#8243; _builder_version=&#8221;4.0.4&#8243;][et_pb_text content_tablet=&#8221;&#8221; content_phone=&#8221;<\/p>\n<p style=%22text-align: center;%22><span style=%22font-weight: 400;%22>TimeOne offers exciting career opportunities in a relaxed atmosphere. Explore Welcome To The Jungle to learn more about TimeOne culture, tools, philosophy and job opportunities.<\/span><\/p>\n<p>&#8221; content_last_edited=&#8221;on|phone&#8221; _builder_version=&#8221;4.0.9&#8243; text_font_size=&#8221;19px&#8221; text_line_height=&#8221;1.8em&#8221; custom_margin_tablet=&#8221;&#8221; custom_margin_phone=&#8221;|-12px|||false|false&#8221; custom_margin_last_edited=&#8221;on|phone&#8221; custom_padding=&#8221;19px|0px|0px|3px|false|false&#8221;]<\/p>\n<p><span style=\"font-weight: 400;\">TimeOne offers exciting career opportunities in a relaxed atmosphere. Explore Welcome To The Jungle to learn more about TimeOne culture, tools, philosophy and job opportunities.<\/span><\/p>\n<p>[\/et_pb_text][\/et_pb_column][\/et_pb_row][\/et_pb_section][et_pb_section fb_built=&#8221;1&#8243; _builder_version=&#8221;4.0.7&#8243; custom_padding=&#8221;||32px|||&#8221;][et_pb_row _builder_version=&#8221;4.0.7&#8243; custom_margin=&#8221;-32px|auto||auto||&#8221;][et_pb_column type=&#8221;4_4&#8243; _builder_version=&#8221;4.0.7&#8243;][et_pb_gallery gallery_ids=&#8221;1263,1266,1269,1272,1275,1278,1281,1284&#8243; show_title_and_caption=&#8221;off&#8221; show_pagination=&#8221;off&#8221; zoom_icon_color=&#8221;#eda900&#8243; hover_overlay_color=&#8221;rgba(237,169,0,0.24)&#8221; _builder_version=&#8221;4.0.7&#8243; custom_margin=&#8221;||-56px|||&#8221; show_title_and_caption__hover_enabled=&#8221;on|desktop&#8221;][\/et_pb_gallery][et_pb_button button_url=&#8221;@ET-DC@eyJkeW5hbWljIjp0cnVlLCJjb250ZW50IjoicG9zdF9saW5rX3VybF9wYWdlIiwic2V0dGluZ3MiOnsicG9zdF9pZCI6IjEyODcifX0=@&#8221; button_text=&#8221;LEARN MORE ABOUT THE COMPANY&#8217;S LIFE&#8221; button_alignment=&#8221;center&#8221; _builder_version=&#8221;4.9.4&#8243; _dynamic_attributes=&#8221;button_url&#8221; custom_button=&#8221;on&#8221; button_text_color=&#8221;#3B3BFF&#8221; button_font=&#8221;|600|||||||&#8221; custom_margin=&#8221;59px|||35px|false|false&#8221; custom_margin_tablet=&#8221;&#8221; custom_margin_phone=&#8221;59px|||-4px|false|false&#8221; custom_margin_last_edited=&#8221;on|phone&#8221; custom_padding=&#8221;3px|||||&#8221; button_bg_color__hover_enabled=&#8221;on|desktop&#8221; button_bg_color__hover=&#8221;#eda900&#8243; button_bg_enable_color__hover=&#8221;on&#8221; button_text_color__hover_enabled=&#8221;on|hover&#8221; button_text_color__hover=&#8221;#ffffff&#8221;][\/et_pb_button][\/et_pb_column][\/et_pb_row][\/et_pb_section]<\/p>\n","protected":false},"excerpt":{"rendered":"<p>JOIN USWhy join the Timeone adventure?For more than 15 years, we have been supporting and contributing to our customers&#8217; success. But beyond the results, TimeOne is a company where it is good to work: dynamic, responsible, forward-looking and innovative in order to always meet new challenges. Joining TimeOne means being part of a common project [&hellip;]<\/p>\n","protected":false},"author":6,"featured_media":0,"parent":0,"menu_order":0,"comment_status":"closed","ping_status":"closed","template":"","meta":{"_et_pb_use_builder":"on","_et_pb_old_content":"","_et_gb_content_width":"","footnotes":""},"class_list":["post-1873","page","type-page","status-publish","hentry"],"yoast_head":"<!-- This site is optimized with the Yoast SEO plugin v26.8 - https:\/\/yoast.com\/product\/yoast-seo-wordpress\/ -->\n<title>Join us - TimeOne Group - acc\u00e9l\u00e9rateur de business<\/title>\n<meta name=\"robots\" content=\"index, follow, max-snippet:-1, max-image-preview:large, max-video-preview:-1\" \/>\n<link rel=\"canonical\" href=\"https:\/\/www.timeonegroup.com\/en\/join-us\/\" \/>\n<meta property=\"og:locale\" content=\"en_US\" \/>\n<meta property=\"og:type\" content=\"article\" \/>\n<meta property=\"og:title\" content=\"Join us - TimeOne Group - acc\u00e9l\u00e9rateur de business\" \/>\n<meta property=\"og:description\" content=\"JOIN USWhy join the Timeone adventure?For more than 15 years, we have been supporting and contributing to our customers&#039; success. But beyond the results, TimeOne is a company where it is good to work: dynamic, responsible, forward-looking and innovative in order to always meet new challenges. Joining TimeOne means being part of a common project [&hellip;]\" \/>\n<meta property=\"og:url\" content=\"https:\/\/www.timeonegroup.com\/en\/join-us\/\" \/>\n<meta property=\"og:site_name\" content=\"TimeOne Group - acc\u00e9l\u00e9rateur de business\" \/>\n<meta property=\"article:publisher\" content=\"https:\/\/www.facebook.com\/timeonegroup\/\" \/>\n<meta property=\"article:modified_time\" content=\"2021-06-10T12:59:33+00:00\" \/>\n<meta name=\"twitter:card\" content=\"summary_large_image\" \/>\n<meta name=\"twitter:site\" content=\"@TimeOneGroup\" \/>\n<meta name=\"twitter:label1\" content=\"Est. reading time\" \/>\n\t<meta name=\"twitter:data1\" content=\"8 minutes\" \/>\n<script type=\"application\/ld+json\" class=\"yoast-schema-graph\">{\"@context\":\"https:\/\/schema.org\",\"@graph\":[{\"@type\":\"WebPage\",\"@id\":\"https:\/\/www.timeonegroup.com\/en\/join-us\/\",\"url\":\"https:\/\/www.timeonegroup.com\/en\/join-us\/\",\"name\":\"Join us - TimeOne Group - acc\u00e9l\u00e9rateur de business\",\"isPartOf\":{\"@id\":\"https:\/\/www.timeonegroup.com\/en\/#website\"},\"datePublished\":\"2019-12-06T11:39:13+00:00\",\"dateModified\":\"2021-06-10T12:59:33+00:00\",\"breadcrumb\":{\"@id\":\"https:\/\/www.timeonegroup.com\/en\/join-us\/#breadcrumb\"},\"inLanguage\":\"en-US\",\"potentialAction\":[{\"@type\":\"ReadAction\",\"target\":[\"https:\/\/www.timeonegroup.com\/en\/join-us\/\"]}]},{\"@type\":\"BreadcrumbList\",\"@id\":\"https:\/\/www.timeonegroup.com\/en\/join-us\/#breadcrumb\",\"itemListElement\":[{\"@type\":\"ListItem\",\"position\":1,\"name\":\"Home\",\"item\":\"https:\/\/www.timeonegroup.com\/en\/\"},{\"@type\":\"ListItem\",\"position\":2,\"name\":\"Join us\"}]},{\"@type\":\"WebSite\",\"@id\":\"https:\/\/www.timeonegroup.com\/en\/#website\",\"url\":\"https:\/\/www.timeonegroup.com\/en\/\",\"name\":\"TimeOne Group - acc\u00e9l\u00e9rateur de business !\",\"description\":\"TimeOne Group - acc\u00e9l\u00e9rateur de business\",\"publisher\":{\"@id\":\"https:\/\/www.timeonegroup.com\/en\/#organization\"},\"potentialAction\":[{\"@type\":\"SearchAction\",\"target\":{\"@type\":\"EntryPoint\",\"urlTemplate\":\"https:\/\/www.timeonegroup.com\/en\/?s={search_term_string}\"},\"query-input\":{\"@type\":\"PropertyValueSpecification\",\"valueRequired\":true,\"valueName\":\"search_term_string\"}}],\"inLanguage\":\"en-US\"},{\"@type\":\"Organization\",\"@id\":\"https:\/\/www.timeonegroup.com\/en\/#organization\",\"name\":\"TimeOne Group\",\"url\":\"https:\/\/www.timeonegroup.com\/en\/\",\"logo\":{\"@type\":\"ImageObject\",\"inLanguage\":\"en-US\",\"@id\":\"https:\/\/www.timeonegroup.com\/en\/#\/schema\/logo\/image\/\",\"url\":\"https:\/\/www.timeonegroup.com\/wp-content\/uploads\/sites\/4\/2020\/06\/cartouche_timeoneGroupe_bleujaune_low_png-1.png\",\"contentUrl\":\"https:\/\/www.timeonegroup.com\/wp-content\/uploads\/sites\/4\/2020\/06\/cartouche_timeoneGroupe_bleujaune_low_png-1.png\",\"width\":200,\"height\":193,\"caption\":\"TimeOne Group\"},\"image\":{\"@id\":\"https:\/\/www.timeonegroup.com\/en\/#\/schema\/logo\/image\/\"},\"sameAs\":[\"https:\/\/www.facebook.com\/timeonegroup\/\",\"https:\/\/x.com\/TimeOneGroup\",\"https:\/\/www.linkedin.com\/company\/timeone\/\",\"https:\/\/www.youtube.com\/channel\/UC0N9MjXofNR0SKueWIWp1zg\"]}]}<\/script>\n<!-- \/ Yoast SEO plugin. -->","yoast_head_json":{"title":"Join us - TimeOne Group - acc\u00e9l\u00e9rateur de business","robots":{"index":"index","follow":"follow","max-snippet":"max-snippet:-1","max-image-preview":"max-image-preview:large","max-video-preview":"max-video-preview:-1"},"canonical":"https:\/\/www.timeonegroup.com\/en\/join-us\/","og_locale":"en_US","og_type":"article","og_title":"Join us - TimeOne Group - acc\u00e9l\u00e9rateur de business","og_description":"JOIN USWhy join the Timeone adventure?For more than 15 years, we have been supporting and contributing to our customers' success. But beyond the results, TimeOne is a company where it is good to work: dynamic, responsible, forward-looking and innovative in order to always meet new challenges. Joining TimeOne means being part of a common project [&hellip;]","og_url":"https:\/\/www.timeonegroup.com\/en\/join-us\/","og_site_name":"TimeOne Group - acc\u00e9l\u00e9rateur de business","article_publisher":"https:\/\/www.facebook.com\/timeonegroup\/","article_modified_time":"2021-06-10T12:59:33+00:00","twitter_card":"summary_large_image","twitter_site":"@TimeOneGroup","twitter_misc":{"Est. reading time":"8 minutes"},"schema":{"@context":"https:\/\/schema.org","@graph":[{"@type":"WebPage","@id":"https:\/\/www.timeonegroup.com\/en\/join-us\/","url":"https:\/\/www.timeonegroup.com\/en\/join-us\/","name":"Join us - TimeOne Group - acc\u00e9l\u00e9rateur de business","isPartOf":{"@id":"https:\/\/www.timeonegroup.com\/en\/#website"},"datePublished":"2019-12-06T11:39:13+00:00","dateModified":"2021-06-10T12:59:33+00:00","breadcrumb":{"@id":"https:\/\/www.timeonegroup.com\/en\/join-us\/#breadcrumb"},"inLanguage":"en-US","potentialAction":[{"@type":"ReadAction","target":["https:\/\/www.timeonegroup.com\/en\/join-us\/"]}]},{"@type":"BreadcrumbList","@id":"https:\/\/www.timeonegroup.com\/en\/join-us\/#breadcrumb","itemListElement":[{"@type":"ListItem","position":1,"name":"Home","item":"https:\/\/www.timeonegroup.com\/en\/"},{"@type":"ListItem","position":2,"name":"Join us"}]},{"@type":"WebSite","@id":"https:\/\/www.timeonegroup.com\/en\/#website","url":"https:\/\/www.timeonegroup.com\/en\/","name":"TimeOne Group - acc\u00e9l\u00e9rateur de business !","description":"TimeOne Group - acc\u00e9l\u00e9rateur de business","publisher":{"@id":"https:\/\/www.timeonegroup.com\/en\/#organization"},"potentialAction":[{"@type":"SearchAction","target":{"@type":"EntryPoint","urlTemplate":"https:\/\/www.timeonegroup.com\/en\/?s={search_term_string}"},"query-input":{"@type":"PropertyValueSpecification","valueRequired":true,"valueName":"search_term_string"}}],"inLanguage":"en-US"},{"@type":"Organization","@id":"https:\/\/www.timeonegroup.com\/en\/#organization","name":"TimeOne Group","url":"https:\/\/www.timeonegroup.com\/en\/","logo":{"@type":"ImageObject","inLanguage":"en-US","@id":"https:\/\/www.timeonegroup.com\/en\/#\/schema\/logo\/image\/","url":"https:\/\/www.timeonegroup.com\/wp-content\/uploads\/sites\/4\/2020\/06\/cartouche_timeoneGroupe_bleujaune_low_png-1.png","contentUrl":"https:\/\/www.timeonegroup.com\/wp-content\/uploads\/sites\/4\/2020\/06\/cartouche_timeoneGroupe_bleujaune_low_png-1.png","width":200,"height":193,"caption":"TimeOne Group"},"image":{"@id":"https:\/\/www.timeonegroup.com\/en\/#\/schema\/logo\/image\/"},"sameAs":["https:\/\/www.facebook.com\/timeonegroup\/","https:\/\/x.com\/TimeOneGroup","https:\/\/www.linkedin.com\/company\/timeone\/","https:\/\/www.youtube.com\/channel\/UC0N9MjXofNR0SKueWIWp1zg"]}]}},"_links":{"self":[{"href":"https:\/\/www.timeonegroup.com\/en\/wp-json\/wp\/v2\/pages\/1873","targetHints":{"allow":["GET"]}}],"collection":[{"href":"https:\/\/www.timeonegroup.com\/en\/wp-json\/wp\/v2\/pages"}],"about":[{"href":"https:\/\/www.timeonegroup.com\/en\/wp-json\/wp\/v2\/types\/page"}],"author":[{"embeddable":true,"href":"https:\/\/www.timeonegroup.com\/en\/wp-json\/wp\/v2\/users\/6"}],"replies":[{"embeddable":true,"href":"https:\/\/www.timeonegroup.com\/en\/wp-json\/wp\/v2\/comments?post=1873"}],"version-history":[{"count":0,"href":"https:\/\/www.timeonegroup.com\/en\/wp-json\/wp\/v2\/pages\/1873\/revisions"}],"wp:attachment":[{"href":"https:\/\/www.timeonegroup.com\/en\/wp-json\/wp\/v2\/media?parent=1873"}],"curies":[{"name":"wp","href":"https:\/\/api.w.org\/{rel}","templated":true}]}}