{"id":1830,"date":"2019-12-11T11:14:02","date_gmt":"2019-12-11T10:14:02","guid":{"rendered":"https:\/\/www.timeonegroup.com\/?page_id=1830"},"modified":"2021-06-10T14:59:04","modified_gmt":"2021-06-10T12:59:04","slug":"timeones-culture","status":"publish","type":"page","link":"https:\/\/www.timeonegroup.com\/en\/timeones-culture\/","title":{"rendered":"TimeOne&#8217;s culture"},"content":{"rendered":"<p>[et_pb_section fb_built=&#8221;1&#8243; _builder_version=&#8221;4.9.4&#8243; background_color=&#8221;rgba(0,0,0,0)&#8221; background_image=&#8221;https:\/\/www.timeonegroup.com\/wp-content\/uploads\/sites\/4\/2021\/06\/we-are-one-2.jpg&#8221; min_height=&#8221;402px&#8221; custom_margin_tablet=&#8221;&#8221; custom_margin_phone=&#8221;||30px|||&#8221; custom_margin_last_edited=&#8221;on|phone&#8221; custom_padding=&#8221;||14px||false|false&#8221;][et_pb_row column_structure=&#8221;1_2,1_2&#8243; _builder_version=&#8221;4.9.4&#8243; background_enable_image=&#8221;off&#8221; background_size=&#8221;contain&#8221; background_position=&#8221;center_left&#8221; custom_margin=&#8221;-66px|auto|131px|auto||&#8221; custom_margin_tablet=&#8221;&#8221; custom_margin_phone=&#8221;-66px|auto|124px|auto|false|false&#8221; custom_margin_last_edited=&#8221;on|phone&#8221; custom_padding=&#8221;0px||0px||false|false&#8221;][et_pb_column type=&#8221;1_2&#8243; _builder_version=&#8221;4.0.4&#8243;][et_pb_text _builder_version=&#8221;4.9.4&#8243; text_font=&#8221;|600||on|||||&#8221; text_text_color=&#8221;#ffffff&#8221; text_font_size=&#8221;53px&#8221; text_line_height=&#8221;0.2em&#8221; custom_margin=&#8221;267px||-7px|||&#8221; custom_margin_tablet=&#8221;279px||-33px||false|false&#8221; custom_margin_phone=&#8221;234px||-20px||false|false&#8221; custom_margin_last_edited=&#8221;on|phone&#8221; custom_padding=&#8221;||22px|25px|false|false&#8221; custom_padding_tablet=&#8221;||21px||false|false&#8221; custom_padding_phone=&#8221;||0px|25px|false|false&#8221; custom_padding_last_edited=&#8221;on|phone&#8221; text_font_size_tablet=&#8221;&#8221; text_font_size_phone=&#8221;33px&#8221; text_font_size_last_edited=&#8221;on|phone&#8221;]<\/p>\n<p><span>TimeOners&#8217; <\/span><\/p>\n<p><span>culture<\/span><\/p>\n<p>[\/et_pb_text][\/et_pb_column][et_pb_column type=&#8221;1_2&#8243; _builder_version=&#8221;4.0.4&#8243;][et_pb_image src=&#8221;https:\/\/www.timeonegroup.com\/wp-content\/uploads\/sites\/4\/2021\/06\/logoVERTICALMAIL_FD_BLEU_RVB-300&#215;86.png&#8221; align=&#8221;right&#8221; _builder_version=&#8221;4.9.4&#8243; width=&#8221;60.1%&#8221; width_tablet=&#8221;30%&#8221; width_phone=&#8221;38%&#8221; width_last_edited=&#8221;on|desktop&#8221; custom_margin=&#8221;35px||||false|false&#8221; custom_margin_tablet=&#8221;-265px|-1px|||false|false&#8221; custom_margin_phone=&#8221;-257px|1px|||false|false&#8221; custom_margin_last_edited=&#8221;on|phone&#8221; custom_padding_tablet=&#8221;&#8221; custom_padding_phone=&#8221;&#8221; custom_padding_last_edited=&#8221;on|tablet&#8221; hover_enabled=&#8221;0&#8243; saved_tabs=&#8221;all&#8221; title_text=&#8221;logoVERTICALMAIL_FD_BLEU_RVB&#8221; sticky_enabled=&#8221;0&#8243;][\/et_pb_image][\/et_pb_column][\/et_pb_row][\/et_pb_section][et_pb_section fb_built=&#8221;1&#8243; _builder_version=&#8221;4.0.7&#8243; background_enable_image=&#8221;off&#8221; background_size=&#8221;contain&#8221; background_position=&#8221;top_left&#8221; width=&#8221;100%&#8221; custom_margin=&#8221;7px|||||&#8221; custom_margin_tablet=&#8221;&#8221; custom_margin_phone=&#8221;4px||||false|false&#8221; custom_margin_last_edited=&#8221;on|phone&#8221; custom_padding=&#8221;0px||0px|257px|false|false&#8221;][\/et_pb_section][et_pb_section fb_built=&#8221;1&#8243; _builder_version=&#8221;4.0.4&#8243; custom_margin=&#8221;-71px|-146px||||&#8221; custom_padding=&#8221;0px||28px|||&#8221;][et_pb_row _builder_version=&#8221;4.0.7&#8243; custom_margin=&#8221;4px|auto|-36px|132px||&#8221; custom_padding=&#8221;14px|181px|18px|||&#8221;][et_pb_column type=&#8221;4_4&#8243; _builder_version=&#8221;4.0.4&#8243;][et_pb_text content_tablet=&#8221;&#8221; content_phone=&#8221;<\/p>\n<p style=%22text-align: center;%22><span>TimeOners&#8217; culture<\/span><\/p>\n<p>&#8221; content_last_edited=&#8221;on|phone&#8221; _builder_version=&#8221;4.0.9&#8243; text_font=&#8221;|600||on|||||&#8221; text_font_size=&#8221;37px&#8221; text_line_height=&#8221;0.3em&#8221; custom_margin=&#8221;35px|||-2px|false|false&#8221; custom_margin_tablet=&#8221;8px|||-86px|false|false&#8221; custom_margin_phone=&#8221;31px|||-103px|false|false&#8221; custom_margin_last_edited=&#8221;on|phone&#8221; custom_padding=&#8221;|||0px||&#8221; animation_style=&#8221;fade&#8221; text_font_tablet=&#8221;&#8221; text_font_phone=&#8221;&#8221; text_font_last_edited=&#8221;on|phone&#8221; text_font_size_tablet=&#8221;&#8221; text_font_size_phone=&#8221;28px&#8221; text_font_size_last_edited=&#8221;on|phone&#8221; text_orientation_tablet=&#8221;center&#8221; text_orientation_phone=&#8221;center&#8221; text_orientation_last_edited=&#8221;on|phone&#8221; custom_margin__hover_enabled=&#8221;off|desktop&#8221;]<\/p>\n<p><span>TimeOners&#8217; culture<\/span><\/p>\n<p>[\/et_pb_text][et_pb_text content_tablet=&#8221;<\/p>\n<p><span style=%22font-weight: 400;%22>Joining <\/span><b>Time<\/b><span style=%22font-weight: 400;%22>One means being part of a common project where employees play a key role. TimeOne considers business skills and team spirit as inseparable.<\/span><\/p>\n<p><b>Time<\/b><span style=%22font-weight: 400;%22>One has a particular affection for the Team Spirit dimension, because we know how important it is in our teams&#8217; lives. We want to build a project in which our employees want to be involved. <\/span><b>Passion, Sharing, Combativeness and Entrepreneurship<\/b><span style=%22font-weight: 400;%22> are the values we want to share with our people and clients.<\/span><\/p>\n<p>&#8221; content_phone=&#8221;<\/p>\n<p style=%22text-align: center;%22><span>Joining <\/span><b>Time<\/b><span>One means being part of a common project where employees play a key role. TimeOne considers business skills and team spirit as inseparable.<\/span><\/p>\n<p><b>Time<\/b><span>One has a particular affection for the Team Spirit dimension, because we know how important it is in our teams&#8217; lives. We want to build a project in which our employees want to be involved. <\/span><b>Passion, Sharing, Combativeness and Entrepreneurship<\/b><span> are the values we want to share with our people and clients.<\/span><\/p>\n<p>&#8221; content_last_edited=&#8221;on|phone&#8221; _builder_version=&#8221;4.0.9&#8243; text_text_color=&#8221;#000000&#8243; text_font_size=&#8221;16px&#8221; text_line_height=&#8221;1.8em&#8221; width=&#8221;101.7%&#8221; custom_margin=&#8221;53px|-107px||-1px||&#8221; custom_margin_tablet=&#8221;52px|-109px||-32px|false|false&#8221; custom_margin_phone=&#8221;52px|-26px||-59px|false|false&#8221; custom_margin_last_edited=&#8221;on|phone&#8221; custom_padding=&#8221;|1px|||false|false&#8221; text_font_tablet=&#8221;&#8221; text_font_phone=&#8221;&#8221; text_font_last_edited=&#8221;on|phone&#8221; text_font_size_tablet=&#8221;&#8221; text_font_size_phone=&#8221;&#8221; text_font_size_last_edited=&#8221;on|phone&#8221; text_orientation_tablet=&#8221;center&#8221; text_orientation_phone=&#8221;center&#8221; text_orientation_last_edited=&#8221;on|phone&#8221;]<\/p>\n<p style=\"text-align: justify;\"><span style=\"font-weight: 400;\">Joining <\/span><b>Time<\/b><span style=\"font-weight: 400;\">One means being part of a common project where employees play a key role. TimeOne considers business skills and team spirit as inseparable.<\/span><\/p>\n<p style=\"text-align: justify;\"><b>Time<\/b><span style=\"font-weight: 400;\">One has a particular affection for the Team Spirit dimension, because we know how important it is in our teams&#8217; lives. We want to build a project in which our employees want to be involved. <\/span><b>Passion, Sharing, Combativeness and Entrepreneurship<\/b><span style=\"font-weight: 400;\"> are the values we want to share with our people and clients.<\/span><\/p>\n<p>[\/et_pb_text][\/et_pb_column][\/et_pb_row][\/et_pb_section][et_pb_section fb_built=&#8221;1&#8243; _builder_version=&#8221;4.0.7&#8243; background_image=&#8221;https:\/\/www.timeonegroup.com\/wp-content\/uploads\/sites\/4\/2019\/12\/FOND-PAGE-OBJECTIF-18-1.png&#8221; background_position=&#8221;top_center&#8221; custom_padding=&#8221;0px|||||&#8221;][et_pb_row column_structure=&#8221;1_2,1_2&#8243; _builder_version=&#8221;4.0.7&#8243; min_height=&#8221;597px&#8221; custom_margin=&#8221;41px|auto|-60px|auto||&#8221; custom_padding=&#8221;59px||14px|||&#8221;][et_pb_column type=&#8221;1_2&#8243; _builder_version=&#8221;4.0.7&#8243;][et_pb_video src=&#8221;https:\/\/www.youtube.com\/watch?v=9hLCEDIk4Z0&#8243; _builder_version=&#8221;4.0.7&#8243;][\/et_pb_video][\/et_pb_column][et_pb_column type=&#8221;1_2&#8243; _builder_version=&#8221;4.0.7&#8243;][et_pb_text content_tablet=&#8221;&#8221; content_phone=&#8221;&#8221; content_last_edited=&#8221;on|phone&#8221; _builder_version=&#8221;4.0.9&#8243; text_font=&#8221;|600||on|||||&#8221; text_font_size=&#8221;37px&#8221; text_line_height=&#8221;0.3em&#8221; custom_margin=&#8221;35px|||-2px|false|false&#8221; custom_margin_tablet=&#8221;&#8221; custom_margin_phone=&#8221;33px|||-6px|false|false&#8221; custom_margin_last_edited=&#8221;on|phone&#8221; custom_padding=&#8221;|||0px||&#8221; animation_style=&#8221;fade&#8221; text_font_tablet=&#8221;&#8221; text_font_phone=&#8221;&#8221; text_font_last_edited=&#8221;on|phone&#8221; text_orientation_tablet=&#8221;&#8221; text_orientation_phone=&#8221;center&#8221; text_orientation_last_edited=&#8221;on|phone&#8221; custom_margin__hover_enabled=&#8221;on|desktop&#8221;]<\/p>\n<p style=\"text-align: right;\">TEAM Life<\/p>\n<p>[\/et_pb_text][et_pb_text _builder_version=&#8221;4.0.7&#8243; text_text_color=&#8221;#000000&#8243; text_font_size=&#8221;16px&#8221; text_line_height=&#8221;1.8em&#8221; width=&#8221;101.7%&#8221; custom_margin=&#8221;53px|-107px||-1px||&#8221; custom_margin_tablet=&#8221;&#8221; custom_margin_phone=&#8221;52px|-107px|44px|-1px|false|false&#8221; custom_margin_last_edited=&#8221;on|phone&#8221; custom_padding=&#8221;|0px|35px|13px|false|false&#8221; text_font_size_tablet=&#8221;&#8221; text_font_size_phone=&#8221;&#8221; text_font_size_last_edited=&#8221;on|phone&#8221;]<\/p>\n<p style=\"text-align: right;\"><span style=\"font-weight: 400;\">We at <\/span><b>Time<\/b><span style=\"font-weight: 400;\">One believe that team cohesion is also part of the work process. Team Building, sharing, animations&#8230; With a dose of fun, those are the little moments that also contribute to the company&#8217;s life.<\/span><\/p>\n<p>[\/et_pb_text][\/et_pb_column][\/et_pb_row][\/et_pb_section][et_pb_section fb_built=&#8221;1&#8243; _builder_version=&#8221;4.0.7&#8243; width_tablet=&#8221;201%&#8221; width_phone=&#8221;97%&#8221; width_last_edited=&#8221;on|tablet&#8221; custom_margin_tablet=&#8221;5px||||false|false&#8221; custom_margin_phone=&#8221;27px||||false|false&#8221; custom_margin_last_edited=&#8221;on|phone&#8221; custom_padding=&#8221;8px||52px||false|false&#8221;][et_pb_row column_structure=&#8221;1_3,1_3,1_3&#8243; _builder_version=&#8221;4.0.9&#8243; min_height=&#8221;240px&#8221; custom_margin=&#8221;-131px|auto||auto|false|false&#8221; custom_margin_tablet=&#8221;&#8221; custom_margin_phone=&#8221;-87px|auto||auto|false|false&#8221; custom_margin_last_edited=&#8221;on|phone&#8221; custom_padding=&#8221;0px|||||&#8221;][et_pb_column type=&#8221;1_3&#8243; _builder_version=&#8221;4.0.7&#8243;][et_pb_gallery gallery_ids=&#8221;2821,1296,1299,1302,1305&#8243; posts_number=&#8221;1&#8243; show_title_and_caption=&#8221;off&#8221; show_pagination=&#8221;off&#8221; zoom_icon_color=&#8221;#FCC544&#8243; hover_overlay_color=&#8221;rgba(255,255,255,0.76)&#8221; _builder_version=&#8221;4.0.9&#8243; caption_text_color=&#8221;#FCC544&#8243; custom_margin=&#8221;||0px||false|false&#8221; custom_margin_tablet=&#8221;||1px||false|false&#8221; custom_margin_phone=&#8221;&#8221; custom_margin_last_edited=&#8221;on|tablet&#8221; custom_padding_tablet=&#8221;||0px||false|false&#8221; custom_padding_phone=&#8221;&#8221; custom_padding_last_edited=&#8221;on|tablet&#8221;][\/et_pb_gallery][\/et_pb_column][et_pb_column type=&#8221;1_3&#8243; _builder_version=&#8221;4.0.7&#8243;][et_pb_gallery gallery_ids=&#8221;2824,1308,1311,1314,1317,1320&#8243; posts_number=&#8221;1&#8243; show_title_and_caption=&#8221;off&#8221; show_pagination=&#8221;off&#8221; zoom_icon_color=&#8221;#FCC544&#8243; _builder_version=&#8221;4.0.9&#8243; custom_margin=&#8221;-2px|||||&#8221;][\/et_pb_gallery][\/et_pb_column][et_pb_column type=&#8221;1_3&#8243; _builder_version=&#8221;4.0.7&#8243;][et_pb_gallery gallery_ids=&#8221;2827,1323,1326,1329,1332,1335,1338,1341,1344&#8243; posts_number=&#8221;1&#8243; show_title_and_caption=&#8221;off&#8221; show_pagination=&#8221;off&#8221; zoom_icon_color=&#8221;#FCC544&#8243; _builder_version=&#8221;4.0.9&#8243;][\/et_pb_gallery][\/et_pb_column][\/et_pb_row][et_pb_row column_structure=&#8221;1_3,1_3,1_3&#8243; custom_padding_last_edited=&#8221;on|tablet&#8221; _builder_version=&#8221;4.0.7&#8243; width_tablet=&#8221;21%&#8221; width_phone=&#8221;80%&#8221; width_last_edited=&#8221;on|tablet&#8221; custom_margin=&#8221;|auto|-15px|341px||&#8221; custom_margin_tablet=&#8221;-37px||-16px|225px|false|false&#8221; custom_margin_phone=&#8221;-61px|auto|-15px|50px|false|false&#8221; custom_margin_last_edited=&#8221;on|phone&#8221; custom_padding_tablet=&#8221;||2px||false|false&#8221; custom_padding_phone=&#8221;&#8221;][et_pb_column type=&#8221;1_3&#8243; _builder_version=&#8221;4.0.7&#8243;][et_pb_video src=&#8221;https:\/\/www.youtube.com\/watch?v=BFYUglO7tmI&#8221; _builder_version=&#8221;4.0.7&#8243;][\/et_pb_video][\/et_pb_column][et_pb_column type=&#8221;1_3&#8243; _builder_version=&#8221;4.0.7&#8243;][et_pb_gallery gallery_ids=&#8221;2830,1347,1350,1353,1356&#8243; posts_number=&#8221;1&#8243; show_title_and_caption=&#8221;off&#8221; show_pagination=&#8221;off&#8221; zoom_icon_color=&#8221;#FCC544&#8243; _builder_version=&#8221;4.0.9&#8243; width=&#8221;83.7%&#8221; width_tablet=&#8221;337%&#8221; width_phone=&#8221;99.6%&#8221; width_last_edited=&#8221;on|phone&#8221; custom_margin=&#8221;|20px||||&#8221; custom_margin_tablet=&#8221;45px||||false|false&#8221; custom_margin_phone=&#8221;|-4px|||false|false&#8221; custom_margin_last_edited=&#8221;on|phone&#8221; custom_padding=&#8221;|0px|||false|false&#8221;][\/et_pb_gallery][\/et_pb_column][et_pb_column type=&#8221;1_3&#8243; _builder_version=&#8221;4.0.7&#8243;][\/et_pb_column][\/et_pb_row][\/et_pb_section][et_pb_section fb_built=&#8221;1&#8243; _builder_version=&#8221;4.0.7&#8243; custom_padding=&#8221;||31px|||&#8221;][et_pb_row _builder_version=&#8221;4.0.7&#8243; min_height=&#8221;65px&#8221; custom_margin=&#8221;-15px|auto||auto||&#8221;][et_pb_column type=&#8221;4_4&#8243; _builder_version=&#8221;4.0.7&#8243;][et_pb_text content_tablet=&#8221;&#8221; content_phone=&#8221;<\/p>\n<p style=%22text-align: center;%22>So&#8230; Are you<\/p>\n<p style=%22text-align: center;%22>interested? <span>Join <\/span><\/p>\n<p style=%22text-align: center;%22><b>Time<\/b><span>One&#8217; adventure!<\/span><\/p>\n<p>&#8221; content_last_edited=&#8221;on|phone&#8221; _builder_version=&#8221;4.9.4&#8243; text_font=&#8221;|600|||||||&#8221; text_text_color=&#8221;#3B3BFF&#8221; text_font_size=&#8221;25px&#8221; custom_margin=&#8221;-13px||||false|false&#8221; custom_margin_tablet=&#8221;&#8221; custom_margin_phone=&#8221;-60px||||false|false&#8221; custom_margin_last_edited=&#8221;on|phone&#8221; text_line_height_tablet=&#8221;&#8221; text_line_height_phone=&#8221;0.2em&#8221; text_line_height_last_edited=&#8221;on|phone&#8221;]<\/p>\n<p style=\"text-align: center;\">So&#8230; Are you interested?\u00a0<span style=\"font-weight: 400;\">Join <\/span><b>Time<\/b><span style=\"font-weight: 400;\">One&#8217; adventure!<\/span><\/p>\n<p>[\/et_pb_text][et_pb_button button_url=&#8221;@ET-DC@eyJkeW5hbWljIjp0cnVlLCJjb250ZW50IjoicG9zdF9saW5rX3VybF9wYWdlIiwic2V0dGluZ3MiOnsicG9zdF9pZCI6IjM4MSJ9fQ==@&#8221; button_text=&#8221;I FEEL LIKE IT&#8221; button_alignment=&#8221;center&#8221; _builder_version=&#8221;4.9.4&#8243; _dynamic_attributes=&#8221;button_url&#8221; custom_button=&#8221;on&#8221; button_text_color=&#8221;#3B3BFF&#8221; custom_margin_tablet=&#8221;-25px||||false|false&#8221; custom_margin_phone=&#8221;15px||-25px||false|false&#8221; custom_margin_last_edited=&#8221;on|tablet&#8221;][\/et_pb_button][\/et_pb_column][\/et_pb_row][et_pb_row custom_padding_last_edited=&#8221;on|phone&#8221; _builder_version=&#8221;4.0.9&#8243; custom_margin=&#8221;-84px|auto||auto||&#8221; custom_margin_tablet=&#8221;-171px||||false|false&#8221; custom_margin_phone=&#8221;-285px||||false|false&#8221; custom_margin_last_edited=&#8221;on|phone&#8221; custom_padding_tablet=&#8221;&#8221; custom_padding_phone=&#8221;2px||||false|false&#8221;][et_pb_column type=&#8221;4_4&#8243; _builder_version=&#8221;4.0.7&#8243;][\/et_pb_column][\/et_pb_row][\/et_pb_section]<\/p>\n","protected":false},"excerpt":{"rendered":"<p>TimeOners&#8217; cultureTimeOners&#8217; cultureJoining TimeOne means being part of a common project where employees play a key role. TimeOne considers business skills and team spirit as inseparable. TimeOne has a particular affection for the Team Spirit dimension, because we know how important it is in our teams&#8217; lives. We want to build a project in which [&hellip;]<\/p>\n","protected":false},"author":6,"featured_media":0,"parent":0,"menu_order":0,"comment_status":"closed","ping_status":"closed","template":"","meta":{"_et_pb_use_builder":"on","_et_pb_old_content":"","_et_gb_content_width":"","footnotes":""},"class_list":["post-1830","page","type-page","status-publish","hentry"],"yoast_head":"<!-- This site is optimized with the Yoast SEO plugin v26.8 - https:\/\/yoast.com\/product\/yoast-seo-wordpress\/ -->\n<title>TimeOne&#039;s culture - TimeOne Group - acc\u00e9l\u00e9rateur de business<\/title>\n<meta name=\"robots\" content=\"index, follow, max-snippet:-1, max-image-preview:large, max-video-preview:-1\" \/>\n<link rel=\"canonical\" href=\"https:\/\/www.timeonegroup.com\/en\/timeones-culture\/\" \/>\n<meta property=\"og:locale\" content=\"en_US\" \/>\n<meta property=\"og:type\" content=\"article\" \/>\n<meta property=\"og:title\" content=\"TimeOne&#039;s culture - TimeOne Group - acc\u00e9l\u00e9rateur de business\" \/>\n<meta property=\"og:description\" content=\"TimeOners&#039; cultureTimeOners&#039; cultureJoining TimeOne means being part of a common project where employees play a key role. TimeOne considers business skills and team spirit as inseparable. TimeOne has a particular affection for the Team Spirit dimension, because we know how important it is in our teams&#039; lives. We want to build a project in which [&hellip;]\" \/>\n<meta property=\"og:url\" content=\"https:\/\/www.timeonegroup.com\/en\/timeones-culture\/\" \/>\n<meta property=\"og:site_name\" content=\"TimeOne Group - acc\u00e9l\u00e9rateur de business\" \/>\n<meta property=\"article:publisher\" content=\"https:\/\/www.facebook.com\/timeonegroup\/\" \/>\n<meta property=\"article:modified_time\" content=\"2021-06-10T12:59:04+00:00\" \/>\n<meta name=\"twitter:card\" content=\"summary_large_image\" \/>\n<meta name=\"twitter:site\" content=\"@TimeOneGroup\" \/>\n<meta name=\"twitter:label1\" content=\"Est. reading time\" \/>\n\t<meta name=\"twitter:data1\" content=\"9 minutes\" \/>\n<script type=\"application\/ld+json\" class=\"yoast-schema-graph\">{\"@context\":\"https:\/\/schema.org\",\"@graph\":[{\"@type\":\"WebPage\",\"@id\":\"https:\/\/www.timeonegroup.com\/en\/timeones-culture\/\",\"url\":\"https:\/\/www.timeonegroup.com\/en\/timeones-culture\/\",\"name\":\"TimeOne's culture - TimeOne Group - acc\u00e9l\u00e9rateur de business\",\"isPartOf\":{\"@id\":\"https:\/\/www.timeonegroup.com\/en\/#website\"},\"datePublished\":\"2019-12-11T10:14:02+00:00\",\"dateModified\":\"2021-06-10T12:59:04+00:00\",\"breadcrumb\":{\"@id\":\"https:\/\/www.timeonegroup.com\/en\/timeones-culture\/#breadcrumb\"},\"inLanguage\":\"en-US\",\"potentialAction\":[{\"@type\":\"ReadAction\",\"target\":[\"https:\/\/www.timeonegroup.com\/en\/timeones-culture\/\"]}]},{\"@type\":\"BreadcrumbList\",\"@id\":\"https:\/\/www.timeonegroup.com\/en\/timeones-culture\/#breadcrumb\",\"itemListElement\":[{\"@type\":\"ListItem\",\"position\":1,\"name\":\"Home\",\"item\":\"https:\/\/www.timeonegroup.com\/en\/\"},{\"@type\":\"ListItem\",\"position\":2,\"name\":\"TimeOne&#8217;s culture\"}]},{\"@type\":\"WebSite\",\"@id\":\"https:\/\/www.timeonegroup.com\/en\/#website\",\"url\":\"https:\/\/www.timeonegroup.com\/en\/\",\"name\":\"TimeOne Group - acc\u00e9l\u00e9rateur de business !\",\"description\":\"TimeOne Group - acc\u00e9l\u00e9rateur de business\",\"publisher\":{\"@id\":\"https:\/\/www.timeonegroup.com\/en\/#organization\"},\"potentialAction\":[{\"@type\":\"SearchAction\",\"target\":{\"@type\":\"EntryPoint\",\"urlTemplate\":\"https:\/\/www.timeonegroup.com\/en\/?s={search_term_string}\"},\"query-input\":{\"@type\":\"PropertyValueSpecification\",\"valueRequired\":true,\"valueName\":\"search_term_string\"}}],\"inLanguage\":\"en-US\"},{\"@type\":\"Organization\",\"@id\":\"https:\/\/www.timeonegroup.com\/en\/#organization\",\"name\":\"TimeOne Group\",\"url\":\"https:\/\/www.timeonegroup.com\/en\/\",\"logo\":{\"@type\":\"ImageObject\",\"inLanguage\":\"en-US\",\"@id\":\"https:\/\/www.timeonegroup.com\/en\/#\/schema\/logo\/image\/\",\"url\":\"https:\/\/www.timeonegroup.com\/wp-content\/uploads\/sites\/4\/2020\/06\/cartouche_timeoneGroupe_bleujaune_low_png-1.png\",\"contentUrl\":\"https:\/\/www.timeonegroup.com\/wp-content\/uploads\/sites\/4\/2020\/06\/cartouche_timeoneGroupe_bleujaune_low_png-1.png\",\"width\":200,\"height\":193,\"caption\":\"TimeOne Group\"},\"image\":{\"@id\":\"https:\/\/www.timeonegroup.com\/en\/#\/schema\/logo\/image\/\"},\"sameAs\":[\"https:\/\/www.facebook.com\/timeonegroup\/\",\"https:\/\/x.com\/TimeOneGroup\",\"https:\/\/www.linkedin.com\/company\/timeone\/\",\"https:\/\/www.youtube.com\/channel\/UC0N9MjXofNR0SKueWIWp1zg\"]}]}<\/script>\n<!-- \/ Yoast SEO plugin. -->","yoast_head_json":{"title":"TimeOne's culture - TimeOne Group - acc\u00e9l\u00e9rateur de business","robots":{"index":"index","follow":"follow","max-snippet":"max-snippet:-1","max-image-preview":"max-image-preview:large","max-video-preview":"max-video-preview:-1"},"canonical":"https:\/\/www.timeonegroup.com\/en\/timeones-culture\/","og_locale":"en_US","og_type":"article","og_title":"TimeOne's culture - TimeOne Group - acc\u00e9l\u00e9rateur de business","og_description":"TimeOners' cultureTimeOners' cultureJoining TimeOne means being part of a common project where employees play a key role. TimeOne considers business skills and team spirit as inseparable. TimeOne has a particular affection for the Team Spirit dimension, because we know how important it is in our teams' lives. We want to build a project in which [&hellip;]","og_url":"https:\/\/www.timeonegroup.com\/en\/timeones-culture\/","og_site_name":"TimeOne Group - acc\u00e9l\u00e9rateur de business","article_publisher":"https:\/\/www.facebook.com\/timeonegroup\/","article_modified_time":"2021-06-10T12:59:04+00:00","twitter_card":"summary_large_image","twitter_site":"@TimeOneGroup","twitter_misc":{"Est. reading time":"9 minutes"},"schema":{"@context":"https:\/\/schema.org","@graph":[{"@type":"WebPage","@id":"https:\/\/www.timeonegroup.com\/en\/timeones-culture\/","url":"https:\/\/www.timeonegroup.com\/en\/timeones-culture\/","name":"TimeOne's culture - TimeOne Group - acc\u00e9l\u00e9rateur de business","isPartOf":{"@id":"https:\/\/www.timeonegroup.com\/en\/#website"},"datePublished":"2019-12-11T10:14:02+00:00","dateModified":"2021-06-10T12:59:04+00:00","breadcrumb":{"@id":"https:\/\/www.timeonegroup.com\/en\/timeones-culture\/#breadcrumb"},"inLanguage":"en-US","potentialAction":[{"@type":"ReadAction","target":["https:\/\/www.timeonegroup.com\/en\/timeones-culture\/"]}]},{"@type":"BreadcrumbList","@id":"https:\/\/www.timeonegroup.com\/en\/timeones-culture\/#breadcrumb","itemListElement":[{"@type":"ListItem","position":1,"name":"Home","item":"https:\/\/www.timeonegroup.com\/en\/"},{"@type":"ListItem","position":2,"name":"TimeOne&#8217;s culture"}]},{"@type":"WebSite","@id":"https:\/\/www.timeonegroup.com\/en\/#website","url":"https:\/\/www.timeonegroup.com\/en\/","name":"TimeOne Group - acc\u00e9l\u00e9rateur de business !","description":"TimeOne Group - acc\u00e9l\u00e9rateur de business","publisher":{"@id":"https:\/\/www.timeonegroup.com\/en\/#organization"},"potentialAction":[{"@type":"SearchAction","target":{"@type":"EntryPoint","urlTemplate":"https:\/\/www.timeonegroup.com\/en\/?s={search_term_string}"},"query-input":{"@type":"PropertyValueSpecification","valueRequired":true,"valueName":"search_term_string"}}],"inLanguage":"en-US"},{"@type":"Organization","@id":"https:\/\/www.timeonegroup.com\/en\/#organization","name":"TimeOne Group","url":"https:\/\/www.timeonegroup.com\/en\/","logo":{"@type":"ImageObject","inLanguage":"en-US","@id":"https:\/\/www.timeonegroup.com\/en\/#\/schema\/logo\/image\/","url":"https:\/\/www.timeonegroup.com\/wp-content\/uploads\/sites\/4\/2020\/06\/cartouche_timeoneGroupe_bleujaune_low_png-1.png","contentUrl":"https:\/\/www.timeonegroup.com\/wp-content\/uploads\/sites\/4\/2020\/06\/cartouche_timeoneGroupe_bleujaune_low_png-1.png","width":200,"height":193,"caption":"TimeOne Group"},"image":{"@id":"https:\/\/www.timeonegroup.com\/en\/#\/schema\/logo\/image\/"},"sameAs":["https:\/\/www.facebook.com\/timeonegroup\/","https:\/\/x.com\/TimeOneGroup","https:\/\/www.linkedin.com\/company\/timeone\/","https:\/\/www.youtube.com\/channel\/UC0N9MjXofNR0SKueWIWp1zg"]}]}},"_links":{"self":[{"href":"https:\/\/www.timeonegroup.com\/en\/wp-json\/wp\/v2\/pages\/1830","targetHints":{"allow":["GET"]}}],"collection":[{"href":"https:\/\/www.timeonegroup.com\/en\/wp-json\/wp\/v2\/pages"}],"about":[{"href":"https:\/\/www.timeonegroup.com\/en\/wp-json\/wp\/v2\/types\/page"}],"author":[{"embeddable":true,"href":"https:\/\/www.timeonegroup.com\/en\/wp-json\/wp\/v2\/users\/6"}],"replies":[{"embeddable":true,"href":"https:\/\/www.timeonegroup.com\/en\/wp-json\/wp\/v2\/comments?post=1830"}],"version-history":[{"count":0,"href":"https:\/\/www.timeonegroup.com\/en\/wp-json\/wp\/v2\/pages\/1830\/revisions"}],"wp:attachment":[{"href":"https:\/\/www.timeonegroup.com\/en\/wp-json\/wp\/v2\/media?parent=1830"}],"curies":[{"name":"wp","href":"https:\/\/api.w.org\/{rel}","templated":true}]}}