{"id":1201,"date":"2019-11-29T15:36:28","date_gmt":"2019-11-29T14:36:28","guid":{"rendered":"https:\/\/www.timeonegroup.com\/?page_id=1201"},"modified":"2021-06-10T15:01:05","modified_gmt":"2021-06-10T13:01:05","slug":"__trashed-3","status":"publish","type":"page","link":"https:\/\/www.timeonegroup.com\/en\/__trashed-3\/","title":{"rendered":"Coregistration solution"},"content":{"rendered":"<p>[et_pb_section fb_built=&#8221;1&#8243; _builder_version=&#8221;4.9.4&#8243; use_background_color_gradient=&#8221;on&#8221; background_color_gradient_start=&#8221;#3b3bff&#8221; background_color_gradient_end=&#8221;#ffffff&#8221; background_color_gradient_direction=&#8221;149deg&#8221; background_color_gradient_start_position=&#8221;38%&#8221; background_enable_image=&#8221;off&#8221; custom_padding=&#8221;||35px|||&#8221;][et_pb_row column_structure=&#8221;1_2,1_2&#8243; _builder_version=&#8221;4.0.4&#8243; custom_margin=&#8221;-56px|auto||auto||&#8221; custom_padding=&#8221;0px||88px|||&#8221;][et_pb_column type=&#8221;1_2&#8243; _builder_version=&#8221;4.0.4&#8243;][et_pb_text content_tablet=&#8221;<\/p>\n<p>coregistration<\/p>\n<p>&#8221; content_phone=&#8221;<\/p>\n<p>coregistration<\/p>\n<p>&#8221; content_last_edited=&#8221;off|desktop&#8221; _builder_version=&#8221;4.9.4&#8243; text_font=&#8221;|600||on|||||&#8221; text_text_color=&#8221;#FFFFFF&#8221; text_font_size=&#8221;45px&#8221; text_line_height=&#8221;0.2em&#8221; background_enable_image=&#8221;off&#8221; background_size=&#8221;contain&#8221; background_position=&#8221;center_left&#8221; custom_padding=&#8221;213px||14px|29px||&#8221; text_font_size_tablet=&#8221;33px&#8221; text_font_size_phone=&#8221;30px&#8221; text_font_size_last_edited=&#8221;on|phone&#8221;]<\/p>\n<p>coregistration<\/p>\n<p>[\/et_pb_text][\/et_pb_column][et_pb_column type=&#8221;1_2&#8243; _builder_version=&#8221;4.0.4&#8243;][et_pb_image src=&#8221;https:\/\/www.timeonegroup.com\/wp-content\/uploads\/sites\/4\/2021\/06\/logoVERTICALMAIL_FD_BLEU_RVB-300&#215;86.png&#8221; title_text=&#8221;logoVERTICALMAIL_FD_BLEU_RVB&#8221; align=&#8221;right&#8221; _builder_version=&#8221;4.9.4&#8243; width=&#8221;59.9%&#8221; width_tablet=&#8221;33%&#8221; width_phone=&#8221;&#8221; width_last_edited=&#8221;on|tablet&#8221; module_alignment=&#8221;right&#8221; custom_margin=&#8221;39px||||false|false&#8221; custom_margin_tablet=&#8221;-230px||||false|false&#8221; custom_margin_phone=&#8221;&#8221; custom_margin_last_edited=&#8221;on|tablet&#8221; custom_padding=&#8221;||0px|26px||&#8221; custom_padding_tablet=&#8221;|0px|0px|0px|false|true&#8221; custom_padding_phone=&#8221;&#8221; custom_padding_last_edited=&#8221;on|tablet&#8221; hover_enabled=&#8221;0&#8243; module_alignment_tablet=&#8221;right&#8221; module_alignment_last_edited=&#8221;off|tablet&#8221; sticky_enabled=&#8221;0&#8243;][\/et_pb_image][\/et_pb_column][\/et_pb_row][\/et_pb_section][et_pb_section fb_built=&#8221;1&#8243; custom_padding_last_edited=&#8221;on|tablet&#8221; _builder_version=&#8221;4.0.7&#8243; background_enable_image=&#8221;off&#8221; background_size=&#8221;contain&#8221; background_position=&#8221;bottom_center&#8221; custom_margin=&#8221;-36px|-146px|35px||false|false&#8221; custom_margin_tablet=&#8221;-36px|auto|35px|auto|false|true&#8221; custom_margin_phone=&#8221;&#8221; custom_margin_last_edited=&#8221;on|tablet&#8221; custom_padding=&#8221;32px||0px|||&#8221; custom_padding_tablet=&#8221;32px|0px|0px|0px|false|true&#8221; custom_padding_phone=&#8221;&#8221;][et_pb_row _builder_version=&#8221;4.0.7&#8243; width_tablet=&#8221;&#8221; width_phone=&#8221;95%&#8221; width_last_edited=&#8221;on|phone&#8221; custom_margin=&#8221;4px|auto||auto||&#8221; custom_padding=&#8221;0px||18px|||&#8221;][et_pb_column type=&#8221;4_4&#8243; _builder_version=&#8221;4.0.4&#8243;][et_pb_text content_tablet=&#8221;<\/p>\n<p>what makes<\/p>\n<p>us different?<\/p>\n<p>&#8221; content_phone=&#8221;<\/p>\n<p>what makes<\/p>\n<p>us different?<\/p>\n<p>&#8221; content_last_edited=&#8221;on|phone&#8221; _builder_version=&#8221;4.0.9&#8243; text_font=&#8221;|600||on|||||&#8221; text_font_size=&#8221;36px&#8221; text_line_height=&#8221;0.3em&#8221; width=&#8221;86.3%&#8221; width_tablet=&#8221;&#8221; width_phone=&#8221;auto&#8221; width_last_edited=&#8221;on|phone&#8221; custom_margin=&#8221;35px|39px||39px|false|true&#8221; custom_margin_tablet=&#8221;&#8221; custom_margin_phone=&#8221;|auto||auto|false|true&#8221; custom_margin_last_edited=&#8221;on|phone&#8221; custom_padding=&#8221;|||0px||&#8221; custom_padding_tablet=&#8221;&#8221; custom_padding_phone=&#8221;|0px||0px|false|true&#8221; custom_padding_last_edited=&#8221;on|phone&#8221; animation_style=&#8221;fade&#8221; text_font_tablet=&#8221;&#8221; text_font_phone=&#8221;&#8221; text_font_last_edited=&#8221;on|phone&#8221; text_font_size_tablet=&#8221;&#8221; text_font_size_phone=&#8221;26px&#8221; text_font_size_last_edited=&#8221;on|phone&#8221; text_orientation_tablet=&#8221;center&#8221; text_orientation_phone=&#8221;center&#8221; text_orientation_last_edited=&#8221;on|phone&#8221; custom_margin__hover_enabled=&#8221;on|desktop&#8221;]what makes<\/p>\n<p>us different?[\/et_pb_text][et_pb_text _builder_version=&#8221;4.0.9&#8243; text_text_color=&#8221;#000000&#8243; text_font_size=&#8221;16px&#8221; text_line_height=&#8221;1.8em&#8221; custom_margin=&#8221;53px|||41px||&#8221; custom_margin_tablet=&#8221;|auto||auto|false|true&#8221; custom_margin_phone=&#8221;&#8221; custom_margin_last_edited=&#8221;on|phone&#8221; custom_padding=&#8221;|475px|0px||false|false&#8221; custom_padding_tablet=&#8221;|0px|0px|0px|false|true&#8221; custom_padding_phone=&#8221;|24px||24px|false|true&#8221; custom_padding_last_edited=&#8221;on|tablet&#8221; text_font_size_tablet=&#8221;&#8221; text_font_size_phone=&#8221;&#8221; text_font_size_last_edited=&#8221;on|phone&#8221; text_orientation_tablet=&#8221;center&#8221; text_orientation_phone=&#8221;center&#8221; text_orientation_last_edited=&#8221;on|phone&#8221;]Thanks to our own data collection solution dedicated to the network and brands, we generate leads via recognized distribution media.[\/et_pb_text][\/et_pb_column][\/et_pb_row][\/et_pb_section][et_pb_section fb_built=&#8221;1&#8243; _builder_version=&#8221;4.0.7&#8243;][et_pb_row column_structure=&#8221;1_4,1_4,1_4,1_4&#8243; make_equal=&#8221;on&#8221; custom_padding_last_edited=&#8221;on|phone&#8221; _builder_version=&#8221;4.9.4&#8243; custom_margin=&#8221;-72px|auto||auto||&#8221; custom_padding=&#8221;|||0px|false|false&#8221; custom_padding_tablet=&#8221;&#8221; custom_padding_phone=&#8221;|26px||26px|false|true&#8221;][et_pb_column type=&#8221;1_4&#8243; _builder_version=&#8221;4.0.7&#8243; box_shadow_style=&#8221;preset2&#8243;][et_pb_image src=&#8221;https:\/\/www.timeonegroup.com\/wp-content\/uploads\/sites\/4\/2019\/11\/Fichier-55.png&#8221; align=&#8221;center&#8221; _builder_version=&#8221;4.0.7&#8243; width=&#8221;34%&#8221; custom_margin=&#8221;17px||21px||false|false&#8221; custom_margin_tablet=&#8221;17px|auto|21px|auto|false|true&#8221; custom_margin_phone=&#8221;&#8221; custom_margin_last_edited=&#8221;on|tablet&#8221;][\/et_pb_image][et_pb_text _builder_version=&#8221;4.0.7&#8243; text_font=&#8221;|||on|||||&#8221; text_font_size=&#8221;21px&#8221; text_line_height=&#8221;0.2em&#8221;]<\/p>\n<p style=\"text-align: center\">our dedicated<\/p>\n<p style=\"text-align: center\">solution<\/p>\n<p>[\/et_pb_text][et_pb_text _builder_version=&#8221;4.0.7&#8243; custom_margin=&#8221;-1px|||||&#8221; custom_padding=&#8221;|18px|72px|22px|false|false&#8221; custom_padding_tablet=&#8221;&#8221; custom_padding_phone=&#8221;&#8221; custom_padding_last_edited=&#8221;on|desktop&#8221;]<\/p>\n<p style=\"text-align: center;\">We also have <strong>our own lead collection solution<\/strong> in co-registration and co-sponsoring that was developed by our services.<\/p>\n<p>[\/et_pb_text][\/et_pb_column][et_pb_column type=&#8221;1_4&#8243; _builder_version=&#8221;4.0.7&#8243; box_shadow_style=&#8221;preset2&#8243;][et_pb_image src=&#8221;https:\/\/www.timeonegroup.com\/wp-content\/uploads\/sites\/4\/2019\/11\/Fichier-33.png&#8221; align=&#8221;center&#8221; _builder_version=&#8221;4.0.7&#8243; width=&#8221;34%&#8221; custom_margin=&#8221;17px||21px||false|false&#8221; custom_margin_tablet=&#8221;17px|auto|21px|auto|false|true&#8221; custom_margin_phone=&#8221;&#8221; custom_margin_last_edited=&#8221;on|tablet&#8221;][\/et_pb_image][et_pb_text _builder_version=&#8221;4.0.7&#8243; text_font=&#8221;|||on|||||&#8221; text_font_size=&#8221;21px&#8221; text_line_height=&#8221;1.1em&#8221; custom_margin=&#8221;-7px||35px||false|false&#8221;]<\/p>\n<p style=\"text-align: center;\">Our collecting capacity<\/p>\n<p>[\/et_pb_text][et_pb_text _builder_version=&#8221;4.0.7&#8243; custom_margin=&#8221;-14px|||||&#8221; custom_padding=&#8221;|18px|90px|28px|false|false&#8221; custom_padding_tablet=&#8221;&#8221; custom_padding_phone=&#8221;&#8221; custom_padding_last_edited=&#8221;on|desktop&#8221;]<\/p>\n<p style=\"text-align: center;\">We have a collection capacity of <strong>300k leads per month<\/strong> in order to achieve all your objectives.<\/p>\n<p>[\/et_pb_text][\/et_pb_column][et_pb_column type=&#8221;1_4&#8243; _builder_version=&#8221;4.0.7&#8243; box_shadow_style=&#8221;preset2&#8243;][et_pb_image src=&#8221;https:\/\/www.timeonegroup.com\/wp-content\/uploads\/sites\/4\/2019\/11\/Fichier-64.png&#8221; align=&#8221;center&#8221; _builder_version=&#8221;4.0.7&#8243; width=&#8221;34%&#8221; custom_margin=&#8221;17px||24px||false|false&#8221; custom_margin_tablet=&#8221;|auto||auto|false|true&#8221; custom_margin_phone=&#8221;&#8221; custom_margin_last_edited=&#8221;on|tablet&#8221;][\/et_pb_image][et_pb_text _builder_version=&#8221;4.0.7&#8243; text_font=&#8221;|||on|||||&#8221; text_font_size=&#8221;21px&#8221; text_line_height=&#8221;0.2em&#8221;]<\/p>\n<p style=\"text-align: center\">Our<\/p>\n<p style=\"text-align: center\">network<\/p>\n<p>[\/et_pb_text][et_pb_text _builder_version=&#8221;4.0.7&#8243; custom_margin=&#8221;10px|||||&#8221; custom_padding=&#8221;|13px|20px|17px||&#8221;]<\/p>\n<p style=\"text-align: center\">We work with <strong>more than 40 partners<\/strong> with recognized distribution media such as Le Parisien, Aladom, Les Echos and other affinitarians depending on the client&#8217;s topics.<\/p>\n<p>[\/et_pb_text][\/et_pb_column][et_pb_column type=&#8221;1_4&#8243; _builder_version=&#8221;4.0.7&#8243; box_shadow_style=&#8221;preset2&#8243;][et_pb_image src=&#8221;https:\/\/www.timeonegroup.com\/wp-content\/uploads\/sites\/4\/2019\/11\/Fichier-10-1.png&#8221; align=&#8221;center&#8221; _builder_version=&#8221;4.0.7&#8243; width=&#8221;34%&#8221; custom_margin=&#8221;17px||24px||false|false&#8221; custom_margin_tablet=&#8221;17px|auto|24px|auto|false|true&#8221; custom_margin_phone=&#8221;&#8221; custom_margin_last_edited=&#8221;on|tablet&#8221; module_alignment_tablet=&#8221;center&#8221; module_alignment_phone=&#8221;&#8221; module_alignment_last_edited=&#8221;on|tablet&#8221;][\/et_pb_image][et_pb_text _builder_version=&#8221;4.0.7&#8243; text_font=&#8221;|||on|||||&#8221; text_font_size=&#8221;21px&#8221; text_line_height=&#8221;0.3em&#8221; custom_margin=&#8221;||41px|||&#8221;]<\/p>\n<p style=\"text-align: center\">Acquisition<\/p>\n<p>[\/et_pb_text][et_pb_text _builder_version=&#8221;4.0.7&#8243; custom_margin=&#8221;-14px|||||&#8221; custom_margin_tablet=&#8221;&#8221; custom_margin_phone=&#8221;&#8221; custom_margin_last_edited=&#8221;on|desktop&#8221; custom_padding=&#8221;|18px|89px|28px|false|false&#8221; custom_padding_tablet=&#8221;&#8221; custom_padding_phone=&#8221;&#8221; custom_padding_last_edited=&#8221;on|desktop&#8221;]<\/p>\n<p style=\"text-align: center;\">Our <strong>real-time acquisition<\/strong> allows us maximum reactivity. We are registered with <strong>Bloctel<\/strong> to guarantee you <strong>quality and safety<\/strong>.<\/p>\n<p>[\/et_pb_text][\/et_pb_column][\/et_pb_row][\/et_pb_section][et_pb_section fb_built=&#8221;1&#8243; custom_padding_last_edited=&#8221;on|tablet&#8221; _builder_version=&#8221;4.0.7&#8243; background_image=&#8221;https:\/\/www.timeonegroup.com\/wp-content\/uploads\/sites\/4\/2019\/11\/fond-contenu-quote-1.jpg&#8221; background_position=&#8221;top_center&#8221; custom_margin=&#8221;-60px|||||&#8221; custom_margin_tablet=&#8221;-90px|auto||auto|false|true&#8221; custom_margin_phone=&#8221;&#8221; custom_margin_last_edited=&#8221;on|tablet&#8221; custom_padding=&#8221;0px|8px|18px|||&#8221; custom_padding_tablet=&#8221;0px|0px|0px|0px|false|true&#8221; custom_padding_phone=&#8221;&#8221;][et_pb_row _builder_version=&#8221;4.0.7&#8243; custom_margin=&#8221;69px|120px||169px||&#8221; custom_margin_tablet=&#8221;69px|auto||auto|false|true&#8221; custom_margin_phone=&#8221;&#8221; custom_margin_last_edited=&#8221;on|tablet&#8221; custom_padding=&#8221;21px|||||&#8221;][et_pb_column type=&#8221;4_4&#8243; _builder_version=&#8221;4.0.4&#8243;][et_pb_button button_text=&#8221;CONTACTEZ-NOUS&#8221; button_alignment=&#8221;center&#8221; _builder_version=&#8221;4.9.4&#8243; custom_button=&#8221;on&#8221; button_text_size=&#8221;25px&#8221; button_text_color=&#8221;#ffffff&#8221; button_bg_color=&#8221;#3B3BFF&#8221; button_border_radius=&#8221;8px&#8221; custom_margin=&#8221;-43px||-10px|||&#8221;][\/et_pb_button][et_pb_image src=&#8221;https:\/\/www.timeonegroup.com\/wp-content\/uploads\/sites\/4\/2019\/10\/1200px-Interflora-logo_0010_Eni_logo.jpg&#8221; align_tablet=&#8221;&#8221; align_phone=&#8221;center&#8221; align_last_edited=&#8221;on|phone&#8221; _builder_version=&#8221;4.0.9&#8243; width=&#8221;12%&#8221; width_tablet=&#8221;&#8221; width_phone=&#8221;27%&#8221; width_last_edited=&#8221;on|phone&#8221; custom_margin=&#8221;|766px||||&#8221; custom_margin_tablet=&#8221;&#8221; custom_margin_phone=&#8221;23px||||false|false&#8221; custom_margin_last_edited=&#8221;on|phone&#8221;][\/et_pb_image][et_pb_text content_tablet=&#8221;<\/p>\n<p><em><strong>%22<\/strong>It&#8217;s a real pleasure to work with Timeone, who listens and meets our needs, while respecting our constraints and requirements related to our scope. Timeone remains a force of proposal in order to continuously improve the performance of campaigns, and help Eni achieve its goals!<strong> %22<\/strong><\/em><\/p>\n<p>&#8221; content_phone=&#8221;<\/p>\n<p><em><strong>%22<\/strong>It&#8217;s a real pleasure to work with Timeone, who listens and meets our needs, while respecting our constraints and requirements related to our scope. Timeone remains a force of proposal in order to continuously improve the performance of campaigns, and help Eni achieve its goals!<strong> %22<\/strong><\/em><\/p>\n<p>&#8221; content_last_edited=&#8221;on|phone&#8221; _builder_version=&#8221;4.0.9&#8243; text_font_size=&#8221;15px&#8221; text_line_height=&#8221;1.8em&#8221; background_color=&#8221;#ffffff&#8221; text_orientation=&#8221;justified&#8221; min_height=&#8221;58px&#8221; custom_margin=&#8221;-20px|||||&#8221; custom_padding=&#8221;9px|15px|15px|25px|false|false&#8221; filter_opacity=&#8221;77%&#8221;]<\/p>\n<p><em><strong>&#8220;<\/strong>It&#8217;s a real pleasure to work with Timeone, who listens and meets our needs, while respecting our constraints and requirements related to our scope. Timeone remains a force of proposal in order to continuously improve the performance of campaigns, and help Eni achieve its goals!<strong> &#8220;<\/strong><\/em><\/p>\n<p>[\/et_pb_text][\/et_pb_column][\/et_pb_row][et_pb_row _builder_version=&#8221;4.0.7&#8243; min_height=&#8221;49px&#8221; custom_margin=&#8221;2px|auto|71px|auto||&#8221; custom_margin_tablet=&#8221;&#8221; custom_margin_phone=&#8221;2px|auto|71px|2px|false|false&#8221; custom_margin_last_edited=&#8221;on|phone&#8221; custom_padding=&#8221;0px||23px|||&#8221;][et_pb_column type=&#8221;4_4&#8243; _builder_version=&#8221;4.0.4&#8243;][et_pb_text _builder_version=&#8221;4.9.4&#8243; text_font=&#8221;|600|||||||&#8221; text_text_color=&#8221;#3B3BFF&#8221; text_font_size=&#8221;18px&#8221; custom_margin=&#8221;-35px|-34px||||&#8221; custom_padding=&#8221;||8px|||&#8221;]<\/p>\n<p style=\"text-align: right;\">CLAIRE BOUSSEMART<\/p>\n<p>[\/et_pb_text][et_pb_text _builder_version=&#8221;4.9.4&#8243; text_font=&#8221;|700|||||||&#8221; text_text_color=&#8221;#3B3BFF&#8221; custom_margin=&#8221;-37px|-36px||||&#8221;]<\/p>\n<p style=\"text-align: right;\"><span>Campaign project manager<\/span><\/p>\n<p>&nbsp;<\/p>\n<p>[\/et_pb_text][\/et_pb_column][\/et_pb_row][\/et_pb_section]<\/p>\n","protected":false},"excerpt":{"rendered":"<p>coregistrationwhat makes us different?Thanks to our own data collection solution dedicated to the network and brands, we generate leads via recognized distribution media.our dedicated solutionWe also have our own lead collection solution in co-registration and co-sponsoring that was developed by our services.Our collecting capacityWe have a collection capacity of 300k leads per month in order [&hellip;]<\/p>\n","protected":false},"author":6,"featured_media":0,"parent":0,"menu_order":0,"comment_status":"closed","ping_status":"closed","template":"","meta":{"_et_pb_use_builder":"on","_et_pb_old_content":"","_et_gb_content_width":"","footnotes":""},"class_list":["post-1201","page","type-page","status-publish","hentry"],"yoast_head":"<!-- This site is optimized with the Yoast SEO plugin v26.8 - https:\/\/yoast.com\/product\/yoast-seo-wordpress\/ -->\n<title>Coregistration solution - TimeOne Group - acc\u00e9l\u00e9rateur de business<\/title>\n<meta name=\"robots\" content=\"index, follow, max-snippet:-1, max-image-preview:large, max-video-preview:-1\" \/>\n<link rel=\"canonical\" href=\"https:\/\/www.timeonegroup.com\/en\/__trashed-3\/\" \/>\n<meta property=\"og:locale\" content=\"en_US\" \/>\n<meta property=\"og:type\" content=\"article\" \/>\n<meta property=\"og:title\" content=\"Coregistration solution - TimeOne Group - acc\u00e9l\u00e9rateur de business\" \/>\n<meta property=\"og:description\" content=\"coregistrationwhat makes us different?Thanks to our own data collection solution dedicated to the network and brands, we generate leads via recognized distribution media.our dedicated solutionWe also have our own lead collection solution in co-registration and co-sponsoring that was developed by our services.Our collecting capacityWe have a collection capacity of 300k leads per month in order [&hellip;]\" \/>\n<meta property=\"og:url\" content=\"https:\/\/www.timeonegroup.com\/en\/__trashed-3\/\" \/>\n<meta property=\"og:site_name\" content=\"TimeOne Group - acc\u00e9l\u00e9rateur de business\" \/>\n<meta property=\"article:publisher\" content=\"https:\/\/www.facebook.com\/timeonegroup\/\" \/>\n<meta property=\"article:modified_time\" content=\"2021-06-10T13:01:05+00:00\" \/>\n<meta name=\"twitter:card\" content=\"summary_large_image\" \/>\n<meta name=\"twitter:site\" content=\"@TimeOneGroup\" \/>\n<meta name=\"twitter:label1\" content=\"Est. reading time\" \/>\n\t<meta name=\"twitter:data1\" content=\"8 minutes\" \/>\n<script type=\"application\/ld+json\" class=\"yoast-schema-graph\">{\"@context\":\"https:\/\/schema.org\",\"@graph\":[{\"@type\":\"WebPage\",\"@id\":\"https:\/\/www.timeonegroup.com\/en\/__trashed-3\/\",\"url\":\"https:\/\/www.timeonegroup.com\/en\/__trashed-3\/\",\"name\":\"Coregistration solution - TimeOne Group - acc\u00e9l\u00e9rateur de business\",\"isPartOf\":{\"@id\":\"https:\/\/www.timeonegroup.com\/en\/#website\"},\"datePublished\":\"2019-11-29T14:36:28+00:00\",\"dateModified\":\"2021-06-10T13:01:05+00:00\",\"breadcrumb\":{\"@id\":\"https:\/\/www.timeonegroup.com\/en\/__trashed-3\/#breadcrumb\"},\"inLanguage\":\"en-US\",\"potentialAction\":[{\"@type\":\"ReadAction\",\"target\":[\"https:\/\/www.timeonegroup.com\/en\/__trashed-3\/\"]}]},{\"@type\":\"BreadcrumbList\",\"@id\":\"https:\/\/www.timeonegroup.com\/en\/__trashed-3\/#breadcrumb\",\"itemListElement\":[{\"@type\":\"ListItem\",\"position\":1,\"name\":\"Home\",\"item\":\"https:\/\/www.timeonegroup.com\/en\/\"},{\"@type\":\"ListItem\",\"position\":2,\"name\":\"Coregistration solution\"}]},{\"@type\":\"WebSite\",\"@id\":\"https:\/\/www.timeonegroup.com\/en\/#website\",\"url\":\"https:\/\/www.timeonegroup.com\/en\/\",\"name\":\"TimeOne Group - acc\u00e9l\u00e9rateur de business !\",\"description\":\"TimeOne Group - acc\u00e9l\u00e9rateur de business\",\"publisher\":{\"@id\":\"https:\/\/www.timeonegroup.com\/en\/#organization\"},\"potentialAction\":[{\"@type\":\"SearchAction\",\"target\":{\"@type\":\"EntryPoint\",\"urlTemplate\":\"https:\/\/www.timeonegroup.com\/en\/?s={search_term_string}\"},\"query-input\":{\"@type\":\"PropertyValueSpecification\",\"valueRequired\":true,\"valueName\":\"search_term_string\"}}],\"inLanguage\":\"en-US\"},{\"@type\":\"Organization\",\"@id\":\"https:\/\/www.timeonegroup.com\/en\/#organization\",\"name\":\"TimeOne Group\",\"url\":\"https:\/\/www.timeonegroup.com\/en\/\",\"logo\":{\"@type\":\"ImageObject\",\"inLanguage\":\"en-US\",\"@id\":\"https:\/\/www.timeonegroup.com\/en\/#\/schema\/logo\/image\/\",\"url\":\"https:\/\/www.timeonegroup.com\/wp-content\/uploads\/sites\/4\/2020\/06\/cartouche_timeoneGroupe_bleujaune_low_png-1.png\",\"contentUrl\":\"https:\/\/www.timeonegroup.com\/wp-content\/uploads\/sites\/4\/2020\/06\/cartouche_timeoneGroupe_bleujaune_low_png-1.png\",\"width\":200,\"height\":193,\"caption\":\"TimeOne Group\"},\"image\":{\"@id\":\"https:\/\/www.timeonegroup.com\/en\/#\/schema\/logo\/image\/\"},\"sameAs\":[\"https:\/\/www.facebook.com\/timeonegroup\/\",\"https:\/\/x.com\/TimeOneGroup\",\"https:\/\/www.linkedin.com\/company\/timeone\/\",\"https:\/\/www.youtube.com\/channel\/UC0N9MjXofNR0SKueWIWp1zg\"]}]}<\/script>\n<!-- \/ Yoast SEO plugin. -->","yoast_head_json":{"title":"Coregistration solution - TimeOne Group - acc\u00e9l\u00e9rateur de business","robots":{"index":"index","follow":"follow","max-snippet":"max-snippet:-1","max-image-preview":"max-image-preview:large","max-video-preview":"max-video-preview:-1"},"canonical":"https:\/\/www.timeonegroup.com\/en\/__trashed-3\/","og_locale":"en_US","og_type":"article","og_title":"Coregistration solution - TimeOne Group - acc\u00e9l\u00e9rateur de business","og_description":"coregistrationwhat makes us different?Thanks to our own data collection solution dedicated to the network and brands, we generate leads via recognized distribution media.our dedicated solutionWe also have our own lead collection solution in co-registration and co-sponsoring that was developed by our services.Our collecting capacityWe have a collection capacity of 300k leads per month in order [&hellip;]","og_url":"https:\/\/www.timeonegroup.com\/en\/__trashed-3\/","og_site_name":"TimeOne Group - acc\u00e9l\u00e9rateur de business","article_publisher":"https:\/\/www.facebook.com\/timeonegroup\/","article_modified_time":"2021-06-10T13:01:05+00:00","twitter_card":"summary_large_image","twitter_site":"@TimeOneGroup","twitter_misc":{"Est. reading time":"8 minutes"},"schema":{"@context":"https:\/\/schema.org","@graph":[{"@type":"WebPage","@id":"https:\/\/www.timeonegroup.com\/en\/__trashed-3\/","url":"https:\/\/www.timeonegroup.com\/en\/__trashed-3\/","name":"Coregistration solution - TimeOne Group - acc\u00e9l\u00e9rateur de business","isPartOf":{"@id":"https:\/\/www.timeonegroup.com\/en\/#website"},"datePublished":"2019-11-29T14:36:28+00:00","dateModified":"2021-06-10T13:01:05+00:00","breadcrumb":{"@id":"https:\/\/www.timeonegroup.com\/en\/__trashed-3\/#breadcrumb"},"inLanguage":"en-US","potentialAction":[{"@type":"ReadAction","target":["https:\/\/www.timeonegroup.com\/en\/__trashed-3\/"]}]},{"@type":"BreadcrumbList","@id":"https:\/\/www.timeonegroup.com\/en\/__trashed-3\/#breadcrumb","itemListElement":[{"@type":"ListItem","position":1,"name":"Home","item":"https:\/\/www.timeonegroup.com\/en\/"},{"@type":"ListItem","position":2,"name":"Coregistration solution"}]},{"@type":"WebSite","@id":"https:\/\/www.timeonegroup.com\/en\/#website","url":"https:\/\/www.timeonegroup.com\/en\/","name":"TimeOne Group - acc\u00e9l\u00e9rateur de business !","description":"TimeOne Group - acc\u00e9l\u00e9rateur de business","publisher":{"@id":"https:\/\/www.timeonegroup.com\/en\/#organization"},"potentialAction":[{"@type":"SearchAction","target":{"@type":"EntryPoint","urlTemplate":"https:\/\/www.timeonegroup.com\/en\/?s={search_term_string}"},"query-input":{"@type":"PropertyValueSpecification","valueRequired":true,"valueName":"search_term_string"}}],"inLanguage":"en-US"},{"@type":"Organization","@id":"https:\/\/www.timeonegroup.com\/en\/#organization","name":"TimeOne Group","url":"https:\/\/www.timeonegroup.com\/en\/","logo":{"@type":"ImageObject","inLanguage":"en-US","@id":"https:\/\/www.timeonegroup.com\/en\/#\/schema\/logo\/image\/","url":"https:\/\/www.timeonegroup.com\/wp-content\/uploads\/sites\/4\/2020\/06\/cartouche_timeoneGroupe_bleujaune_low_png-1.png","contentUrl":"https:\/\/www.timeonegroup.com\/wp-content\/uploads\/sites\/4\/2020\/06\/cartouche_timeoneGroupe_bleujaune_low_png-1.png","width":200,"height":193,"caption":"TimeOne Group"},"image":{"@id":"https:\/\/www.timeonegroup.com\/en\/#\/schema\/logo\/image\/"},"sameAs":["https:\/\/www.facebook.com\/timeonegroup\/","https:\/\/x.com\/TimeOneGroup","https:\/\/www.linkedin.com\/company\/timeone\/","https:\/\/www.youtube.com\/channel\/UC0N9MjXofNR0SKueWIWp1zg"]}]}},"_links":{"self":[{"href":"https:\/\/www.timeonegroup.com\/en\/wp-json\/wp\/v2\/pages\/1201","targetHints":{"allow":["GET"]}}],"collection":[{"href":"https:\/\/www.timeonegroup.com\/en\/wp-json\/wp\/v2\/pages"}],"about":[{"href":"https:\/\/www.timeonegroup.com\/en\/wp-json\/wp\/v2\/types\/page"}],"author":[{"embeddable":true,"href":"https:\/\/www.timeonegroup.com\/en\/wp-json\/wp\/v2\/users\/6"}],"replies":[{"embeddable":true,"href":"https:\/\/www.timeonegroup.com\/en\/wp-json\/wp\/v2\/comments?post=1201"}],"version-history":[{"count":0,"href":"https:\/\/www.timeonegroup.com\/en\/wp-json\/wp\/v2\/pages\/1201\/revisions"}],"wp:attachment":[{"href":"https:\/\/www.timeonegroup.com\/en\/wp-json\/wp\/v2\/media?parent=1201"}],"curies":[{"name":"wp","href":"https:\/\/api.w.org\/{rel}","templated":true}]}}